{"id":7885,"date":"2021-09-17T12:11:09","date_gmt":"2021-09-17T12:11:09","guid":{"rendered":"https:\/\/endoscopiaterapeutica.net\/pt\/?page_id=7885"},"modified":"2021-11-30T17:58:48","modified_gmt":"2021-11-30T17:58:48","slug":"posts-author","status":"publish","type":"page","link":"https:\/\/endoscopiaterapeutica.net\/pt\/posts-author\/","title":{"rendered":"Posts Autor"},"content":{"rendered":"\t\t<div data-elementor-type=\"wp-page\" data-elementor-id=\"7885\" class=\"elementor elementor-7885\">\n\t\t\t\t\t\t<section class=\"penci-section penci-disSticky penci-structure-10 elementor-section elementor-top-section elementor-element elementor-element-cb06799 elementor-section-boxed elementor-section-height-default elementor-section-height-default\" data-id=\"cb06799\" data-element_type=\"section\" data-e-type=\"section\">\n\t\t\t\t\t\t<div class=\"elementor-container elementor-column-gap-default\">\n\t\t\t\t\t<div class=\"penci-ercol-100 penci-ercol-order-1 penci-sticky-ct    elementor-column elementor-col-100 elementor-top-column elementor-element elementor-element-8915971\" data-id=\"8915971\" data-element_type=\"column\" data-e-type=\"column\">\n\t\t\t<div class=\"elementor-widget-wrap elementor-element-populated\">\n\t\t\t\t\t\t<div class=\"elementor-element elementor-element-8767078 elementor-widget elementor-widget-text-editor\" data-id=\"8767078\" data-element_type=\"widget\" data-e-type=\"widget\" data-widget_type=\"text-editor.default\">\n\t\t\t\t<div class=\"elementor-widget-container\">\n\t\t\t\t\t\t\t\t\t<h3>POSTAGENS DO AUTOR<\/h3><p><div class=\"um um-profile um-1393 um-role-\">\n\t<div class=\"um-form\" data-mode=\"profile\" data-form_id=\"1393\">\n\t\t\n\t<div class=\"um-header no-cover\">\n\n\t\t\n\t\t<div class=\"um-profile-photo\" data-user_id=\"0\"  aria-invalid=\"false\" >\n\n\t\t\t<a href=\"\" class=\"um-profile-photo-img\" title=\"\">\n\t\t\t\t<span class=\"um-profile-photo-overlay\">\n\t\t\t<span class=\"um-profile-photo-overlay-s\">\n\t\t\t\t<ins>\n\t\t\t\t\t<i class=\"um-faicon-camera\"><\/i>\n\t\t\t\t<\/ins>\n\t\t\t<\/span>\n\t\t<\/span><img alt='' src='https:\/\/secure.gravatar.com\/avatar\/?s=190&#038;d=mm&#038;r=g' srcset='https:\/\/secure.gravatar.com\/avatar\/?s=380&#038;d=mm&#038;r=g 2x' class='avatar avatar-190 photo avatar-default' height='190' width='190' \/>\t\t\t<\/a>\n\n\t\t\t<div style=\"display: none !important;\"><div  id=\"um_field_1393_profile_photo\" class=\"um-field um-field-image  um-field-profile_photo um-field-image um-field-type_image\" data-key=\"profile_photo\" data-mode=\"\" data-upload-label=\"Inserir\"><input type=\"hidden\" name=\"profile_photo\" id=\"profile_photo\" value=\"\"  aria-invalid=\"false\" \/><div class=\"um-field-label\"><label for=\"profile_photo\">Alterar imagem de perfil<\/label><div class=\"um-clear\"><\/div><\/div><div class=\"um-field-area\" style=\"text-align: center;\"><div class=\"um-single-image-preview crop\" data-crop=\"square\" data-key=\"profile_photo\"><a href=\"javascript:void(0);\" class=\"cancel\"><i class=\"um-icon-close\"><\/i><\/a><img decoding=\"async\" class=\"fusion-lazyload-ignore\" src=\"\" alt=\"\" \/><div class=\"um-clear\"><\/div><\/div><a href=\"javascript:void(0);\" data-modal=\"um_upload_single\" data-modal-size=\"normal\" data-modal-copy=\"1\" class=\"um-button um-btn-auto-width\">Inserir<\/a><\/div><div class=\"um-modal-hidden-content\"><div class=\"um-modal-header\"> Alterar imagem de perfil<\/div><div class=\"um-modal-body\"><div class=\"um-single-image-preview crop\"  data-crop=\"square\" data-ratio=\"1\" data-min_width=\"190\" data-min_height=\"190\" data-coord=\"\"><a href=\"javascript:void(0);\" class=\"cancel\"><i class=\"um-icon-close\"><\/i><\/a><img decoding=\"async\" class=\"fusion-lazyload-ignore\" src=\"\" alt=\"\" \/><div class=\"um-clear\"><\/div><\/div><div class=\"um-clear\"><\/div><div class=\"um-single-image-upload\" data-user_id=\"\" data-nonce=\"3b43d67869\" data-timestamp=\"1775613277\"  data-set_id=\"1393\" data-set_mode=\"\" data-type=\"image\" data-key=\"profile_photo\" data-max_size=\"999999999\" data-max_size_error=\"This image is too large!\" data-min_size_error=\"This image is too small!\" data-extension_error=\"Sorry this is not a valid image.\"  data-allowed_types=\"gif,jpg,jpeg,png,webp\" data-upload_text=\"Insira sua imagem aqui&lt;small class=&quot;um-max-filesize&quot;&gt;( max: &lt;span&gt;953.7MB&lt;\/span&gt; )&lt;\/small&gt;\" data-max_files_error=\"You can only upload one image\" data-upload_help_text=\"\">Inserir<\/div><div class=\"um-modal-footer\">\n\t\t\t\t\t\t\t\t\t<div class=\"um-modal-right\">\n\t\t\t\t\t\t\t\t\t\t<a href=\"javascript:void(0);\" class=\"um-modal-btn um-finish-upload image disabled\" data-key=\"profile_photo\" data-change=\"Alterar foto\" data-processing=\"Processando...\">Salvar<\/a>\n\t\t\t\t\t\t\t\t\t\t<a href=\"javascript:void(0);\" class=\"um-modal-btn alt\" data-action=\"um_remove_modal\"> Cancelar<\/a>\n\t\t\t\t\t\t\t\t\t<\/div>\n\t\t\t\t\t\t\t\t\t<div class=\"um-clear\"><\/div>\n\t\t\t\t\t\t\t\t<\/div><\/div><\/div><\/div><\/div>\n\t\t\t<div class=\"um-dropdown\" data-element=\"div.um-profile-photo\" data-position=\"bc\" data-trigger=\"click\">\n\t\t\t\t<div class=\"um-dropdown-b\">\n\t\t\t\t\t<div class=\"um-dropdown-arr\"><i class=\"\"><\/i><\/div>\n\t\t\t\t\t<ul>\n\t\t\t\t\t\t\t\t\t\t\t\t\t<li><a href=\"javascript:void(0);\" class=\"um-manual-trigger\" data-parent=\".um-profile-photo\" data-child=\".um-btn-auto-width\" data-alt_text=\"Alterar foto\">Inserir foto<\/a><\/li>\n\t\t\t\t\t\t\t\t\t\t\t\t\t<li><a href=\"javascript:void(0);\" class=\"um-reset-profile-photo\" data-user_id=\"0\" data-default_src=\"https:\/\/endoscopiaterapeutica.net\/pt\/wp-content\/plugins\/ultimate-member\/assets\/img\/default_avatar.jpg\" style=\"display:none;\">Remover foto<\/a><\/li>\n\t\t\t\t\t\t\t\t\t\t\t\t\t<li><a href=\"javascript:void(0);\" class=\"um-dropdown-hide\">Cancelar<\/a><\/li>\n\t\t\t\t\t\t\t\t\t\t\t<\/ul>\n\t\t\t\t<\/div>\n\t\t\t<\/div>\n\n\t\t\t\n\t\t<\/div>\n\n\t\t<div class=\"um-profile-meta\">\n\n\t\t\t\n\t\t\t<div class=\"um-main-meta\">\n\n\t\t\t\t\n\t\t\t\t<div class=\"um-clear\"><\/div>\n\n\t\t\t\t\t\t\t<\/div>\n\n\t\t\t\n\t\t\t<div class=\"um-profile-status \">\n\t\t\t\t<span>\n\t\t\t\t\tThis user account status is Undefined\t\t\t\t<\/span>\n\t\t\t<\/div>\n\n\t\t\t\t\t<\/div>\n\t\t<div class=\"um-clear\"><\/div>\n\n\t\t\n\t<\/div>\n\n\t\n\t\t<div class=\"um-profile-navbar \">\n\t\t\t\t\t\t<div class=\"um-clear\"><\/div>\n\t\t<\/div>\n\n\t\t\t\t\t\t<div class=\"um-profile-body main main-default\">\n\n\t\t\t\t\t<p class=\"um-profile-note\"><i class=\"um-faicon-frown-o\"><\/i><span>This user has not added any information to their profile yet.<\/span><\/p><div class=\"um-row _um_row_1 \" style=\"margin: 0 0 30px 0;\"><div class=\"um-col-1\"><\/div><\/div>\t\t\t\t\t<div class=\"clear\"><\/div>\n\t\t\t\t<\/div>\n\t\t\t\t\t<\/div>\n<\/div>\n<style>\n\t\t\t.um-1393.um {\n\t\t\tmax-width: 1000px;\n\t\t}\n\t\t<\/style>\n<style>\n\t\t\t.um-1393.um .um-profile-body {\n\t\t\tmax-width: 600px;\n\t\t}\n\t\t.um-1393.um .um-profile-photo a.um-profile-photo-img {\n\t\twidth: 190px;\n\t\theight: 190px;\n\t}\n\t.um-1393.um .um-profile-photo a.um-profile-photo-img {\n\t\ttop: -105px;\n\t}\n\t\t\t.um-1393.um .um-profile-meta {\n\t\t\tpadding-left: 250px;\n\t\t}\n\t<\/style>\n<\/p>\t\t\t\t\t\t\t\t<\/div>\n\t\t\t\t<\/div>\n\t\t\t\t\t<\/div>\n\t\t<\/div>\n\t\t\t\t\t<\/div>\n\t\t<\/section>\n\t\t\t\t<\/div>\n\t\t","protected":false},"excerpt":{"rendered":"<p>POSTAGENS DO AUTOR<\/p>\n","protected":false},"author":1,"featured_media":0,"parent":0,"menu_order":0,"comment_status":"closed","ping_status":"closed","template":"","meta":{"_lmt_disableupdate":"","_lmt_disable":"","footnotes":""},"class_list":["post-7885","page","type-page","status-publish","hentry"],"yoast_head":"<!-- This site is optimized with the Yoast SEO Premium plugin v27.2 (Yoast SEO v27.2) - https:\/\/yoast.com\/product\/yoast-seo-premium-wordpress\/ -->\n<title>Posts Autor &#8226; Endoscopia Terapeutica<\/title>\n<meta name=\"robots\" content=\"index, follow, max-snippet:-1, max-image-preview:large, max-video-preview:-1\" \/>\n<link rel=\"canonical\" href=\"https:\/\/endoscopiaterapeutica.net\/pt\/posts-author\/\" \/>\n<meta property=\"og:locale\" content=\"pt_BR\" \/>\n<meta property=\"og:type\" content=\"article\" \/>\n<meta property=\"og:title\" content=\"Posts Autor\" \/>\n<meta property=\"og:description\" content=\"POSTAGENS DO AUTOR\" \/>\n<meta property=\"og:url\" content=\"https:\/\/endoscopiaterapeutica.net\/pt\/posts-author\/\" \/>\n<meta property=\"og:site_name\" content=\"Endoscopia Terapeutica\" \/>\n<meta property=\"article:publisher\" content=\"https:\/\/www.facebook.com\/endoscopiaterapeutica\" \/>\n<meta property=\"article:modified_time\" content=\"2021-11-30T17:58:48+00:00\" \/>\n<meta name=\"twitter:card\" content=\"summary_large_image\" \/>\n<meta name=\"twitter:label1\" content=\"Est. tempo de leitura\" \/>\n\t<meta name=\"twitter:data1\" content=\"1 minuto\" \/>\n<script type=\"application\/ld+json\" class=\"yoast-schema-graph\">{\"@context\":\"https:\/\/schema.org\",\"@graph\":[{\"@type\":\"WebPage\",\"@id\":\"https:\/\/endoscopiaterapeutica.net\/pt\/posts-author\/\",\"url\":\"https:\/\/endoscopiaterapeutica.net\/pt\/posts-author\/\",\"name\":\"Posts Autor &#8226; Endoscopia Terapeutica\",\"isPartOf\":{\"@id\":\"https:\/\/endoscopiaterapeutica.net\/pt\/#website\"},\"datePublished\":\"2021-09-17T12:11:09+00:00\",\"dateModified\":\"2021-11-30T17:58:48+00:00\",\"breadcrumb\":{\"@id\":\"https:\/\/endoscopiaterapeutica.net\/pt\/posts-author\/#breadcrumb\"},\"inLanguage\":\"pt-BR\",\"potentialAction\":[{\"@type\":\"ReadAction\",\"target\":[\"https:\/\/endoscopiaterapeutica.net\/pt\/posts-author\/\"]}]},{\"@type\":\"BreadcrumbList\",\"@id\":\"https:\/\/endoscopiaterapeutica.net\/pt\/posts-author\/#breadcrumb\",\"itemListElement\":[{\"@type\":\"ListItem\",\"position\":1,\"name\":\"Home\",\"item\":\"https:\/\/endoscopiaterapeutica.net\/pt\/\"},{\"@type\":\"ListItem\",\"position\":2,\"name\":\"Posts Autor\"}]},{\"@type\":\"WebSite\",\"@id\":\"https:\/\/endoscopiaterapeutica.net\/pt\/#website\",\"url\":\"https:\/\/endoscopiaterapeutica.net\/pt\/\",\"name\":\"Endoscopia Terapeutica\",\"description\":\"O Jornal Endoscopia Terap\u00eautica tem como objetivo compartilhar experi\u00eancias da pr\u00e1tica di\u00e1ria, al\u00e9m de prover atualiza\u00e7\u00f5es e discuss\u00f5es sobre endoscopia digestiva.\",\"publisher\":{\"@id\":\"https:\/\/endoscopiaterapeutica.net\/pt\/#organization\"},\"potentialAction\":[{\"@type\":\"SearchAction\",\"target\":{\"@type\":\"EntryPoint\",\"urlTemplate\":\"https:\/\/endoscopiaterapeutica.net\/pt\/?s={search_term_string}\"},\"query-input\":{\"@type\":\"PropertyValueSpecification\",\"valueRequired\":true,\"valueName\":\"search_term_string\"}}],\"inLanguage\":\"pt-BR\"},{\"@type\":\"Organization\",\"@id\":\"https:\/\/endoscopiaterapeutica.net\/pt\/#organization\",\"name\":\"Endoscopia Terapeutica\",\"url\":\"https:\/\/endoscopiaterapeutica.net\/pt\/\",\"logo\":{\"@type\":\"ImageObject\",\"inLanguage\":\"pt-BR\",\"@id\":\"https:\/\/endoscopiaterapeutica.net\/pt\/#\/schema\/logo\/image\/\",\"url\":\"https:\/\/endoscopiaterapeutica.net\/pt\/wp-content\/uploads\/2023\/09\/endter.jpg\",\"contentUrl\":\"https:\/\/endoscopiaterapeutica.net\/pt\/wp-content\/uploads\/2023\/09\/endter.jpg\",\"width\":720,\"height\":721,\"caption\":\"Endoscopia Terapeutica\"},\"image\":{\"@id\":\"https:\/\/endoscopiaterapeutica.net\/pt\/#\/schema\/logo\/image\/\"},\"sameAs\":[\"https:\/\/www.facebook.com\/endoscopiaterapeutica\",\"https:\/\/www.instagram.com\/endoscopy\/\",\"https:\/\/www.youtube.com\/@endoscopyonline\"]}]}<\/script>\n<!-- \/ Yoast SEO Premium plugin. -->","yoast_head_json":{"title":"Posts Autor &#8226; Endoscopia Terapeutica","robots":{"index":"index","follow":"follow","max-snippet":"max-snippet:-1","max-image-preview":"max-image-preview:large","max-video-preview":"max-video-preview:-1"},"canonical":"https:\/\/endoscopiaterapeutica.net\/pt\/posts-author\/","og_locale":"pt_BR","og_type":"article","og_title":"Posts Autor","og_description":"POSTAGENS DO AUTOR","og_url":"https:\/\/endoscopiaterapeutica.net\/pt\/posts-author\/","og_site_name":"Endoscopia Terapeutica","article_publisher":"https:\/\/www.facebook.com\/endoscopiaterapeutica","article_modified_time":"2021-11-30T17:58:48+00:00","twitter_card":"summary_large_image","twitter_misc":{"Est. tempo de leitura":"1 minuto"},"schema":{"@context":"https:\/\/schema.org","@graph":[{"@type":"WebPage","@id":"https:\/\/endoscopiaterapeutica.net\/pt\/posts-author\/","url":"https:\/\/endoscopiaterapeutica.net\/pt\/posts-author\/","name":"Posts Autor &#8226; Endoscopia Terapeutica","isPartOf":{"@id":"https:\/\/endoscopiaterapeutica.net\/pt\/#website"},"datePublished":"2021-09-17T12:11:09+00:00","dateModified":"2021-11-30T17:58:48+00:00","breadcrumb":{"@id":"https:\/\/endoscopiaterapeutica.net\/pt\/posts-author\/#breadcrumb"},"inLanguage":"pt-BR","potentialAction":[{"@type":"ReadAction","target":["https:\/\/endoscopiaterapeutica.net\/pt\/posts-author\/"]}]},{"@type":"BreadcrumbList","@id":"https:\/\/endoscopiaterapeutica.net\/pt\/posts-author\/#breadcrumb","itemListElement":[{"@type":"ListItem","position":1,"name":"Home","item":"https:\/\/endoscopiaterapeutica.net\/pt\/"},{"@type":"ListItem","position":2,"name":"Posts Autor"}]},{"@type":"WebSite","@id":"https:\/\/endoscopiaterapeutica.net\/pt\/#website","url":"https:\/\/endoscopiaterapeutica.net\/pt\/","name":"Endoscopia Terapeutica","description":"O Jornal Endoscopia Terap\u00eautica tem como objetivo compartilhar experi\u00eancias da pr\u00e1tica di\u00e1ria, al\u00e9m de prover atualiza\u00e7\u00f5es e discuss\u00f5es sobre endoscopia digestiva.","publisher":{"@id":"https:\/\/endoscopiaterapeutica.net\/pt\/#organization"},"potentialAction":[{"@type":"SearchAction","target":{"@type":"EntryPoint","urlTemplate":"https:\/\/endoscopiaterapeutica.net\/pt\/?s={search_term_string}"},"query-input":{"@type":"PropertyValueSpecification","valueRequired":true,"valueName":"search_term_string"}}],"inLanguage":"pt-BR"},{"@type":"Organization","@id":"https:\/\/endoscopiaterapeutica.net\/pt\/#organization","name":"Endoscopia Terapeutica","url":"https:\/\/endoscopiaterapeutica.net\/pt\/","logo":{"@type":"ImageObject","inLanguage":"pt-BR","@id":"https:\/\/endoscopiaterapeutica.net\/pt\/#\/schema\/logo\/image\/","url":"https:\/\/endoscopiaterapeutica.net\/pt\/wp-content\/uploads\/2023\/09\/endter.jpg","contentUrl":"https:\/\/endoscopiaterapeutica.net\/pt\/wp-content\/uploads\/2023\/09\/endter.jpg","width":720,"height":721,"caption":"Endoscopia Terapeutica"},"image":{"@id":"https:\/\/endoscopiaterapeutica.net\/pt\/#\/schema\/logo\/image\/"},"sameAs":["https:\/\/www.facebook.com\/endoscopiaterapeutica","https:\/\/www.instagram.com\/endoscopy\/","https:\/\/www.youtube.com\/@endoscopyonline"]}]}},"_links":{"self":[{"href":"https:\/\/endoscopiaterapeutica.net\/pt\/wp-json\/wp\/v2\/pages\/7885","targetHints":{"allow":["GET"]}}],"collection":[{"href":"https:\/\/endoscopiaterapeutica.net\/pt\/wp-json\/wp\/v2\/pages"}],"about":[{"href":"https:\/\/endoscopiaterapeutica.net\/pt\/wp-json\/wp\/v2\/types\/page"}],"author":[{"embeddable":true,"href":"https:\/\/endoscopiaterapeutica.net\/pt\/wp-json\/wp\/v2\/users\/1"}],"replies":[{"embeddable":true,"href":"https:\/\/endoscopiaterapeutica.net\/pt\/wp-json\/wp\/v2\/comments?post=7885"}],"version-history":[{"count":7,"href":"https:\/\/endoscopiaterapeutica.net\/pt\/wp-json\/wp\/v2\/pages\/7885\/revisions"}],"predecessor-version":[{"id":10788,"href":"https:\/\/endoscopiaterapeutica.net\/pt\/wp-json\/wp\/v2\/pages\/7885\/revisions\/10788"}],"wp:attachment":[{"href":"https:\/\/endoscopiaterapeutica.net\/pt\/wp-json\/wp\/v2\/media?parent=7885"}],"curies":[{"name":"wp","href":"https:\/\/api.w.org\/{rel}","templated":true}]}}