{"id":7759,"date":"2021-09-16T15:06:56","date_gmt":"2021-09-16T15:06:56","guid":{"rendered":"https:\/\/endoscopiaterapeutica.net\/pt\/?page_id=7759"},"modified":"2021-09-16T16:27:33","modified_gmt":"2021-09-16T16:27:33","slug":"termo-de-consentimento","status":"publish","type":"page","link":"https:\/\/endoscopiaterapeutica.net\/pt\/termo-de-consentimento\/","title":{"rendered":"Termo de Consentimento"},"content":{"rendered":"<p>Quando voc\u00ea utiliza o nosso site, nos comprometemos a manter a seguran\u00e7a dos seus dados e informa\u00e7\u00f5es.<\/p>\n<p>Assim, este Termo de Consentimento visa registrar a sua manifesta\u00e7\u00e3o livre, informada e inequ\u00edvoca na forma pela qual a ENDOSCOPIA TERAP\u00caUTICA ir\u00e1 realizar tratamento dos seus dados pessoais, com finalidade cadastro do usu\u00e1rio no site e envio de newsletters, de acordo com Lei Geral de Prote\u00e7\u00e3o de Dados Pessoais \u2013 LGPD (Lei n\u00ba 13.709\/2018).<\/p>\n<p>A ENDOSCOPIA TERAP\u00caUTICA ir\u00e1 manter suas informa\u00e7\u00f5es e dados pessoais at\u00e9 quando forem necess\u00e1rias de acordo com a finalidade descrita ou at\u00e9 que ocorra solicita\u00e7\u00e3o e exclus\u00e3o.<\/p>\n<p>Todos os seus dados coletados pela ENDOSCOPIA TERAP\u00caUTICA s\u00e3o confidenciais. O uso dos dados est\u00e1 de acordo com as normativas legais. Desta forma, iremos investir todos nossos esfor\u00e7os para garantir a seguran\u00e7a das suas informa\u00e7\u00f5es e dados pessoais.<\/p>\n<p>Manteremos os dados e informa\u00e7\u00f5es armazenados no nosso banco de dados, sem acesso ou transfer\u00eancia para terceiros, somente at\u00e9 quando estas forem necess\u00e1rias ou relevantes para as finalidades descritas nesta Pol\u00edtica.<\/p>\n<p>Voc\u00ea \u00e9 dono das suas informa\u00e7\u00f5es e dados pessoais, ent\u00e3o a qualquer momento voc\u00ea poder\u00e1 optar em n\u00e3o divulgar seus dados para ENDOSCOPIA TERAP\u00caUTICA.<\/p>\n<p>A rela\u00e7\u00e3o dos direitos que voc\u00ea tem sob seus dados pessoais pode ser consultado na nossa <a href=\"https:\/\/endoscopiaterapeutica.net\/pt\/politica-de-privacidade-e-protecao-de-dados\/\" target=\"_blank\" rel=\"noopener\">Pol\u00edtica de Privacidade<\/a>.<\/p>\n<p>Este consentimento poder\u00e1 ser revogado\/cancelado\/modificado por voc\u00ea, a qualquer momento, mediante solicita\u00e7\u00e3o via e-mail: contato@endoscopiaterapeutica.net<\/p>\n<p>A aceita\u00e7\u00e3o deste Termo de Consentimento ser\u00e1 feita quando voc\u00ea clicar no bot\u00e3o de aceite. Isso indicar\u00e1 que voc\u00ea est\u00e1 ciente e declara o seu CONSENTIMENTO para forma como coletaremos, trataremos e armazenaremos dados sobre voc\u00ea.<\/p>\n","protected":false},"excerpt":{"rendered":"<p>Quando voc\u00ea utiliza o nosso site, nos comprometemos a manter a seguran\u00e7a dos seus&hellip;<\/p>\n","protected":false},"author":1,"featured_media":0,"parent":0,"menu_order":0,"comment_status":"closed","ping_status":"closed","template":"page-penci-full-width.php","meta":{"_lmt_disableupdate":"","_lmt_disable":"","footnotes":""},"class_list":["post-7759","page","type-page","status-publish","hentry"],"yoast_head":"<!-- This site is optimized with the Yoast SEO Premium plugin v27.2 (Yoast SEO v27.4) - https:\/\/yoast.com\/product\/yoast-seo-premium-wordpress\/ -->\n<title>Termo de Consentimento &#8226; Endoscopia Terapeutica<\/title>\n<meta name=\"robots\" content=\"index, follow, max-snippet:-1, max-image-preview:large, max-video-preview:-1\" \/>\n<link rel=\"canonical\" href=\"https:\/\/endoscopiaterapeutica.net\/pt\/termo-de-consentimento\/\" \/>\n<meta property=\"og:locale\" content=\"pt_BR\" \/>\n<meta property=\"og:type\" content=\"article\" \/>\n<meta property=\"og:title\" content=\"Termo de Consentimento\" \/>\n<meta property=\"og:description\" content=\"Quando voc\u00ea utiliza o nosso site, nos comprometemos a manter a seguran\u00e7a dos seus dados e informa\u00e7\u00f5es. Assim, este Termo de Consentimento visa registrar a\" \/>\n<meta property=\"og:url\" content=\"https:\/\/endoscopiaterapeutica.net\/pt\/termo-de-consentimento\/\" \/>\n<meta property=\"og:site_name\" content=\"Endoscopia Terapeutica\" \/>\n<meta property=\"article:publisher\" content=\"https:\/\/www.facebook.com\/endoscopiaterapeutica\" \/>\n<meta property=\"article:modified_time\" content=\"2021-09-16T16:27:33+00:00\" \/>\n<meta name=\"twitter:card\" content=\"summary_large_image\" \/>\n<meta name=\"twitter:label1\" content=\"Est. tempo de leitura\" \/>\n\t<meta name=\"twitter:data1\" content=\"2 minutos\" \/>\n<script type=\"application\/ld+json\" class=\"yoast-schema-graph\">{\"@context\":\"https:\\\/\\\/schema.org\",\"@graph\":[{\"@type\":\"WebPage\",\"@id\":\"https:\\\/\\\/endoscopiaterapeutica.net\\\/pt\\\/termo-de-consentimento\\\/\",\"url\":\"https:\\\/\\\/endoscopiaterapeutica.net\\\/pt\\\/termo-de-consentimento\\\/\",\"name\":\"Termo de Consentimento &#8226; Endoscopia Terapeutica\",\"isPartOf\":{\"@id\":\"https:\\\/\\\/endoscopiaterapeutica.net\\\/pt\\\/#website\"},\"datePublished\":\"2021-09-16T15:06:56+00:00\",\"dateModified\":\"2021-09-16T16:27:33+00:00\",\"breadcrumb\":{\"@id\":\"https:\\\/\\\/endoscopiaterapeutica.net\\\/pt\\\/termo-de-consentimento\\\/#breadcrumb\"},\"inLanguage\":\"pt-BR\",\"potentialAction\":[{\"@type\":\"ReadAction\",\"target\":[\"https:\\\/\\\/endoscopiaterapeutica.net\\\/pt\\\/termo-de-consentimento\\\/\"]}]},{\"@type\":\"BreadcrumbList\",\"@id\":\"https:\\\/\\\/endoscopiaterapeutica.net\\\/pt\\\/termo-de-consentimento\\\/#breadcrumb\",\"itemListElement\":[{\"@type\":\"ListItem\",\"position\":1,\"name\":\"Home\",\"item\":\"https:\\\/\\\/endoscopiaterapeutica.net\\\/pt\\\/\"},{\"@type\":\"ListItem\",\"position\":2,\"name\":\"Termo de Consentimento\"}]},{\"@type\":\"WebSite\",\"@id\":\"https:\\\/\\\/endoscopiaterapeutica.net\\\/pt\\\/#website\",\"url\":\"https:\\\/\\\/endoscopiaterapeutica.net\\\/pt\\\/\",\"name\":\"Endoscopia Terapeutica\",\"description\":\"O Jornal Endoscopia Terap\u00eautica tem como objetivo compartilhar experi\u00eancias da pr\u00e1tica di\u00e1ria, al\u00e9m de prover atualiza\u00e7\u00f5es e discuss\u00f5es sobre endoscopia digestiva.\",\"publisher\":{\"@id\":\"https:\\\/\\\/endoscopiaterapeutica.net\\\/pt\\\/#organization\"},\"potentialAction\":[{\"@type\":\"SearchAction\",\"target\":{\"@type\":\"EntryPoint\",\"urlTemplate\":\"https:\\\/\\\/endoscopiaterapeutica.net\\\/pt\\\/?s={search_term_string}\"},\"query-input\":{\"@type\":\"PropertyValueSpecification\",\"valueRequired\":true,\"valueName\":\"search_term_string\"}}],\"inLanguage\":\"pt-BR\"},{\"@type\":\"Organization\",\"@id\":\"https:\\\/\\\/endoscopiaterapeutica.net\\\/pt\\\/#organization\",\"name\":\"Endoscopia Terapeutica\",\"url\":\"https:\\\/\\\/endoscopiaterapeutica.net\\\/pt\\\/\",\"logo\":{\"@type\":\"ImageObject\",\"inLanguage\":\"pt-BR\",\"@id\":\"https:\\\/\\\/endoscopiaterapeutica.net\\\/pt\\\/#\\\/schema\\\/logo\\\/image\\\/\",\"url\":\"https:\\\/\\\/endoscopiaterapeutica.net\\\/pt\\\/wp-content\\\/uploads\\\/2023\\\/09\\\/endter.jpg\",\"contentUrl\":\"https:\\\/\\\/endoscopiaterapeutica.net\\\/pt\\\/wp-content\\\/uploads\\\/2023\\\/09\\\/endter.jpg\",\"width\":720,\"height\":721,\"caption\":\"Endoscopia Terapeutica\"},\"image\":{\"@id\":\"https:\\\/\\\/endoscopiaterapeutica.net\\\/pt\\\/#\\\/schema\\\/logo\\\/image\\\/\"},\"sameAs\":[\"https:\\\/\\\/www.facebook.com\\\/endoscopiaterapeutica\",\"https:\\\/\\\/www.instagram.com\\\/endoscopy\\\/\",\"https:\\\/\\\/www.youtube.com\\\/@endoscopyonline\"]}]}<\/script>\n<!-- \/ Yoast SEO Premium plugin. -->","yoast_head_json":{"title":"Termo de Consentimento &#8226; Endoscopia Terapeutica","robots":{"index":"index","follow":"follow","max-snippet":"max-snippet:-1","max-image-preview":"max-image-preview:large","max-video-preview":"max-video-preview:-1"},"canonical":"https:\/\/endoscopiaterapeutica.net\/pt\/termo-de-consentimento\/","og_locale":"pt_BR","og_type":"article","og_title":"Termo de Consentimento","og_description":"Quando voc\u00ea utiliza o nosso site, nos comprometemos a manter a seguran\u00e7a dos seus dados e informa\u00e7\u00f5es. Assim, este Termo de Consentimento visa registrar a","og_url":"https:\/\/endoscopiaterapeutica.net\/pt\/termo-de-consentimento\/","og_site_name":"Endoscopia Terapeutica","article_publisher":"https:\/\/www.facebook.com\/endoscopiaterapeutica","article_modified_time":"2021-09-16T16:27:33+00:00","twitter_card":"summary_large_image","twitter_misc":{"Est. tempo de leitura":"2 minutos"},"schema":{"@context":"https:\/\/schema.org","@graph":[{"@type":"WebPage","@id":"https:\/\/endoscopiaterapeutica.net\/pt\/termo-de-consentimento\/","url":"https:\/\/endoscopiaterapeutica.net\/pt\/termo-de-consentimento\/","name":"Termo de Consentimento &#8226; Endoscopia Terapeutica","isPartOf":{"@id":"https:\/\/endoscopiaterapeutica.net\/pt\/#website"},"datePublished":"2021-09-16T15:06:56+00:00","dateModified":"2021-09-16T16:27:33+00:00","breadcrumb":{"@id":"https:\/\/endoscopiaterapeutica.net\/pt\/termo-de-consentimento\/#breadcrumb"},"inLanguage":"pt-BR","potentialAction":[{"@type":"ReadAction","target":["https:\/\/endoscopiaterapeutica.net\/pt\/termo-de-consentimento\/"]}]},{"@type":"BreadcrumbList","@id":"https:\/\/endoscopiaterapeutica.net\/pt\/termo-de-consentimento\/#breadcrumb","itemListElement":[{"@type":"ListItem","position":1,"name":"Home","item":"https:\/\/endoscopiaterapeutica.net\/pt\/"},{"@type":"ListItem","position":2,"name":"Termo de Consentimento"}]},{"@type":"WebSite","@id":"https:\/\/endoscopiaterapeutica.net\/pt\/#website","url":"https:\/\/endoscopiaterapeutica.net\/pt\/","name":"Endoscopia Terapeutica","description":"O Jornal Endoscopia Terap\u00eautica tem como objetivo compartilhar experi\u00eancias da pr\u00e1tica di\u00e1ria, al\u00e9m de prover atualiza\u00e7\u00f5es e discuss\u00f5es sobre endoscopia digestiva.","publisher":{"@id":"https:\/\/endoscopiaterapeutica.net\/pt\/#organization"},"potentialAction":[{"@type":"SearchAction","target":{"@type":"EntryPoint","urlTemplate":"https:\/\/endoscopiaterapeutica.net\/pt\/?s={search_term_string}"},"query-input":{"@type":"PropertyValueSpecification","valueRequired":true,"valueName":"search_term_string"}}],"inLanguage":"pt-BR"},{"@type":"Organization","@id":"https:\/\/endoscopiaterapeutica.net\/pt\/#organization","name":"Endoscopia Terapeutica","url":"https:\/\/endoscopiaterapeutica.net\/pt\/","logo":{"@type":"ImageObject","inLanguage":"pt-BR","@id":"https:\/\/endoscopiaterapeutica.net\/pt\/#\/schema\/logo\/image\/","url":"https:\/\/endoscopiaterapeutica.net\/pt\/wp-content\/uploads\/2023\/09\/endter.jpg","contentUrl":"https:\/\/endoscopiaterapeutica.net\/pt\/wp-content\/uploads\/2023\/09\/endter.jpg","width":720,"height":721,"caption":"Endoscopia Terapeutica"},"image":{"@id":"https:\/\/endoscopiaterapeutica.net\/pt\/#\/schema\/logo\/image\/"},"sameAs":["https:\/\/www.facebook.com\/endoscopiaterapeutica","https:\/\/www.instagram.com\/endoscopy\/","https:\/\/www.youtube.com\/@endoscopyonline"]}]}},"_links":{"self":[{"href":"https:\/\/endoscopiaterapeutica.net\/pt\/wp-json\/wp\/v2\/pages\/7759","targetHints":{"allow":["GET"]}}],"collection":[{"href":"https:\/\/endoscopiaterapeutica.net\/pt\/wp-json\/wp\/v2\/pages"}],"about":[{"href":"https:\/\/endoscopiaterapeutica.net\/pt\/wp-json\/wp\/v2\/types\/page"}],"author":[{"embeddable":true,"href":"https:\/\/endoscopiaterapeutica.net\/pt\/wp-json\/wp\/v2\/users\/1"}],"replies":[{"embeddable":true,"href":"https:\/\/endoscopiaterapeutica.net\/pt\/wp-json\/wp\/v2\/comments?post=7759"}],"version-history":[{"count":3,"href":"https:\/\/endoscopiaterapeutica.net\/pt\/wp-json\/wp\/v2\/pages\/7759\/revisions"}],"predecessor-version":[{"id":7789,"href":"https:\/\/endoscopiaterapeutica.net\/pt\/wp-json\/wp\/v2\/pages\/7759\/revisions\/7789"}],"wp:attachment":[{"href":"https:\/\/endoscopiaterapeutica.net\/pt\/wp-json\/wp\/v2\/media?parent=7759"}],"curies":[{"name":"wp","href":"https:\/\/api.w.org\/{rel}","templated":true}]}}