{"id":2678,"date":"2021-06-13T15:28:42","date_gmt":"2021-06-13T15:28:42","guid":{"rendered":"https:\/\/endoscopiaterapeutica.net\/pt\/?page_id=2678"},"modified":"2022-06-24T00:47:51","modified_gmt":"2022-06-24T00:47:51","slug":"intestino-delgado","status":"publish","type":"page","link":"https:\/\/endoscopiaterapeutica.net\/pt\/artigos-comentados\/intestino-delgado\/","title":{"rendered":"Intestino Delgado"},"content":{"rendered":"\t\t<div data-elementor-type=\"wp-page\" data-elementor-id=\"2678\" class=\"elementor elementor-2678\">\n\t\t\t\t\t\t<section class=\"penci-section penci-disSticky penci-structure-10 elementor-section elementor-top-section elementor-element elementor-element-d2942f5 elementor-section-boxed elementor-section-height-default elementor-section-height-default\" data-id=\"d2942f5\" data-element_type=\"section\" data-e-type=\"section\">\n\t\t\t\t\t\t<div class=\"elementor-container elementor-column-gap-default\">\n\t\t\t\t\t<div class=\"penci-ercol-100 penci-ercol-order-1 penci-sticky-ct    elementor-column elementor-col-100 elementor-top-column elementor-element elementor-element-320c86d\" data-id=\"320c86d\" data-element_type=\"column\" data-e-type=\"column\">\n\t\t\t<div class=\"elementor-widget-wrap elementor-element-populated\">\n\t\t\t\t\t\t<div class=\"elementor-element elementor-element-fc0ba30 elementor-widget elementor-widget-penci-latest-posts\" data-id=\"fc0ba30\" data-element_type=\"widget\" data-e-type=\"widget\" data-widget_type=\"penci-latest-posts.default\">\n\t\t\t\t<div class=\"elementor-widget-container\">\n\t\t\t\t\t                <div id=\"pencilatest_posts_71144\" class=\"penci-latest-posts-sc penci-latest-posts-list penci-latest-posts-el penci-el-mixed-s1 penci-std-continue-center penci-std-excerpt-center penci-grid-excerpt-left\">\n\t\t\t\t\t\t\t\t\t\t\t                        <div class=\"penci-border-arrow penci-homepage-title penci-home-latest-posts style-5 pcalign-left pciconp-right pcicon-right\">\n                            <h3 class=\"inner-arrow\">\n                                <span>\n\t\t\t\t\t\t\t\t<span>\u00daltimos Artigos<\/span>                                <\/span>\n                            <\/h3>\n\t\t\t\t\t\t\t                        <\/div>\n\t\t\t\t\t                    <div class=\"penci-wrapper-posts-ajax\">\n\n                        <div class=\"penci-wrapper-posts-content pwid-default\">\n\n\t\t\t\t\t\t\t\t\t\t\t\t\t\t\t                                <ul data-layout=\"list\"\n                                    class=\"penci-wrapper-data penci-grid penci-shortcode-render\">\t\t\t\t\t\t\t\t\t\t\t\t\t\t\t\t\t\t\t\t\t\t\t\t\t\t\t\t\t<li class=\"list-post penci-item-listp\">\n    <article id=\"post-3406\" class=\"item hentry\">\n\t\t            <div class=\"thumbnail\">\n\t\t\t\t\n\t\t\t\t                    <a class=\"penci-image-holder penci-lazy\"                       data-bgset=\"https:\/\/endoscopiaterapeutica.net\/pt\/wp-content\/uploads\/2015\/03\/IMAGEM-DESTACADA-ARTIGO-COMENTADO-2-585x390.png\"\n                       href=\"https:\/\/endoscopiaterapeutica.net\/pt\/artigoscomentados\/emergency-video-capsule-endoscopy-in-patients-with-acute-severe-gi-bleeding-and-negative-upper-endoscopy-results\/\"\n                       title=\"V\u00eddeo c\u00e1psula endosc\u00f3pica de emerg\u00eancia em pacientes com sangramento gastrointestinal agudo grave e resultado negativo na endoscopia digestiva alta\">\n                    <\/a>\n\t\t\t\t\n\t\t\t\t\t\t\t\t\t\t\t\t\t\t\t\t\t\t\t\t\t\t\t\t\t\t\t\t\t\t\t\t\t            <\/div>\n\t\t\n        <div class=\"content-list-right content-list-center\">\n            <div class=\"header-list-style\">\n\t\t\t\t                    <span class=\"cat\"><a style=\"\" class=\"penci-cat-name penci-cat-142\" href=\"https:\/\/endoscopiaterapeutica.net\/pt\/category\/artigoscomentados\/\"  rel=\"category tag\"><span style=\"\">Artigos Comentados<\/span><\/a><\/span>\n\t\t\t\t\n                <h2 class=\"penci-entry-title entry-title grid-title penci_grid_title_df\"><a\n                            href=\"https:\/\/endoscopiaterapeutica.net\/pt\/artigoscomentados\/emergency-video-capsule-endoscopy-in-patients-with-acute-severe-gi-bleeding-and-negative-upper-endoscopy-results\/\">V\u00eddeo c\u00e1psula endosc\u00f3pica de emerg\u00eancia em pacientes com sangramento gastrointestinal agudo grave e resultado negativo na endoscopia digestiva alta<\/a>\n                <\/h2>\n\t\t\t\t\t\t\t\t\t\t<div class=\"penci-hide-tagupdated\">\n\t\t\t<span class=\"author-italic author vcard\">por \t\t\t\t\t\t\t\t\t\t<a class=\"author-url url fn n\" href=\"https:\/\/endoscopiaterapeutica.net\/pt\/author\/bruno_medrado\/\">Bruno Medrado<\/a>\t\t\t\t\t\t\t\t\t<\/span>\n\t\t\t<time class=\"entry-date published\" datetime=\"2015-05-04T10:00:03+00:00\">04\/05\/2015<\/time>\t\t<\/div>\n\t\t\t\t\t\t\t                    <div class=\"grid-post-box-meta\">\n\t\t\t\t\t\t\t\t\t\t\t\t                            <span class=\"otherl-date-author author-italic author vcard\">por                                     <a class=\"author-url url fn n\" href=\"https:\/\/endoscopiaterapeutica.net\/pt\/author\/bruno_medrado\/\">Bruno Medrado<\/a>\t\t\t\t\t\t\t\t<\/span>\n\t\t\t\t\t\t\t\t\t\t\t\t                            <span class=\"otherl-date\"><time class=\"entry-date published\" datetime=\"2015-05-04T10:00:03+00:00\">04\/05\/2015<\/time><\/span>\n\t\t\t\t\t\t\t\t\t\t\t\t\t\t\t\t\t\t\t\t\t\t\t\t\t\t\t\t\t\t\t\t\t\t\t\t                    <\/div>\n\t\t\t\t            <\/div>\n\n\t\t\t                <div class=\"item-content entry-content\">\n\t\t\t\t\t<p>O sangramento gastrointestinal agudo \u00e9 um problema recorrente em unidades de emerg\u00eancia podendo atingir significantes taxas de mortalidade e inclui os sangramentos digestivos altos, m\u00e9dio (entre a papila e a &#8230;<\/p>\n                <\/div>\n\t\t\t\n\t\t\t                <div class=\"penci-readmore-btn penci-btn-align-left\">\n                    <a class=\"penci-btn-readmore\"\n                       href=\"https:\/\/endoscopiaterapeutica.net\/pt\/artigoscomentados\/emergency-video-capsule-endoscopy-in-patients-with-acute-severe-gi-bleeding-and-negative-upper-endoscopy-results\/\">Leia mais<i class=\"penci-faicon fa fa-angle-double-right\" ><\/i><\/a>\n                <\/div>\n\t\t\t\n\t\t\t        <\/div>\n\n    <\/article>\n<\/li>\n\n\t\t\t\t\t\t\t\t\t\t\t\t\t\t\t\t\t\t\t\t\t\t\t\t\t\t\t\t<\/ul>\n\t\t\t\t\t\t\t\t\t\t\t\t\t\t\t\t\t\t\t\t\t                        <\/div>\n\n\t\t\t\t\t\t                    <\/div>\n                <\/div>\n\t\t\t            <style>\n                                                                                                                                                                            <\/style>\n\t\t\t\t\t\t\t<\/div>\n\t\t\t\t<\/div>\n\t\t\t\t\t<\/div>\n\t\t<\/div>\n\t\t\t\t\t<\/div>\n\t\t<\/section>\n\t\t\t\t<\/div>\n\t\t","protected":false},"excerpt":{"rendered":"<p>\u00daltimos Artigos Artigos Comentados V\u00eddeo c\u00e1psula endosc\u00f3pica de emerg\u00eancia em pacientes com sangramento gastrointestinal&hellip;<\/p>\n","protected":false},"author":1,"featured_media":0,"parent":2660,"menu_order":0,"comment_status":"closed","ping_status":"closed","template":"elementor_theme","meta":{"_lmt_disableupdate":"","_lmt_disable":"","footnotes":""},"class_list":["post-2678","page","type-page","status-publish","hentry"],"yoast_head":"<!-- This site is optimized with the Yoast SEO Premium plugin v27.2 (Yoast SEO v27.2) - https:\/\/yoast.com\/product\/yoast-seo-premium-wordpress\/ -->\n<title>Intestino Delgado &#8226; Endoscopia Terapeutica<\/title>\n<meta name=\"robots\" content=\"index, follow, max-snippet:-1, max-image-preview:large, max-video-preview:-1\" \/>\n<link rel=\"canonical\" href=\"https:\/\/endoscopiaterapeutica.net\/pt\/artigos-comentados\/intestino-delgado\/\" \/>\n<meta property=\"og:locale\" content=\"pt_BR\" \/>\n<meta property=\"og:type\" content=\"article\" \/>\n<meta property=\"og:title\" content=\"Intestino Delgado\" \/>\n<meta property=\"og:description\" content=\"\u00daltimos Artigos Artigos Comentados V\u00eddeo c\u00e1psula endosc\u00f3pica de emerg\u00eancia em pacientes com sangramento gastrointestinal agudo grave e resultado negativo\" \/>\n<meta property=\"og:url\" content=\"https:\/\/endoscopiaterapeutica.net\/pt\/artigos-comentados\/intestino-delgado\/\" \/>\n<meta property=\"og:site_name\" content=\"Endoscopia Terapeutica\" \/>\n<meta property=\"article:publisher\" content=\"https:\/\/www.facebook.com\/endoscopiaterapeutica\" \/>\n<meta property=\"article:modified_time\" content=\"2022-06-24T00:47:51+00:00\" \/>\n<meta name=\"twitter:card\" content=\"summary_large_image\" \/>\n<meta name=\"twitter:label1\" content=\"Est. tempo de leitura\" \/>\n\t<meta name=\"twitter:data1\" content=\"1 minuto\" \/>\n<script type=\"application\/ld+json\" class=\"yoast-schema-graph\">{\"@context\":\"https:\/\/schema.org\",\"@graph\":[{\"@type\":\"WebPage\",\"@id\":\"https:\/\/endoscopiaterapeutica.net\/pt\/artigos-comentados\/intestino-delgado\/\",\"url\":\"https:\/\/endoscopiaterapeutica.net\/pt\/artigos-comentados\/intestino-delgado\/\",\"name\":\"Intestino Delgado &#8226; Endoscopia Terapeutica\",\"isPartOf\":{\"@id\":\"https:\/\/endoscopiaterapeutica.net\/pt\/#website\"},\"datePublished\":\"2021-06-13T15:28:42+00:00\",\"dateModified\":\"2022-06-24T00:47:51+00:00\",\"breadcrumb\":{\"@id\":\"https:\/\/endoscopiaterapeutica.net\/pt\/artigos-comentados\/intestino-delgado\/#breadcrumb\"},\"inLanguage\":\"pt-BR\",\"potentialAction\":[{\"@type\":\"ReadAction\",\"target\":[\"https:\/\/endoscopiaterapeutica.net\/pt\/artigos-comentados\/intestino-delgado\/\"]}]},{\"@type\":\"BreadcrumbList\",\"@id\":\"https:\/\/endoscopiaterapeutica.net\/pt\/artigos-comentados\/intestino-delgado\/#breadcrumb\",\"itemListElement\":[{\"@type\":\"ListItem\",\"position\":1,\"name\":\"Home\",\"item\":\"https:\/\/endoscopiaterapeutica.net\/pt\/\"},{\"@type\":\"ListItem\",\"position\":2,\"name\":\"Artigos Comentados\",\"item\":\"https:\/\/endoscopiaterapeutica.net\/pt\/artigos-comentados\/\"},{\"@type\":\"ListItem\",\"position\":3,\"name\":\"Intestino Delgado\"}]},{\"@type\":\"WebSite\",\"@id\":\"https:\/\/endoscopiaterapeutica.net\/pt\/#website\",\"url\":\"https:\/\/endoscopiaterapeutica.net\/pt\/\",\"name\":\"Endoscopia Terapeutica\",\"description\":\"O Jornal Endoscopia Terap\u00eautica tem como objetivo compartilhar experi\u00eancias da pr\u00e1tica di\u00e1ria, al\u00e9m de prover atualiza\u00e7\u00f5es e discuss\u00f5es sobre endoscopia digestiva.\",\"publisher\":{\"@id\":\"https:\/\/endoscopiaterapeutica.net\/pt\/#organization\"},\"potentialAction\":[{\"@type\":\"SearchAction\",\"target\":{\"@type\":\"EntryPoint\",\"urlTemplate\":\"https:\/\/endoscopiaterapeutica.net\/pt\/?s={search_term_string}\"},\"query-input\":{\"@type\":\"PropertyValueSpecification\",\"valueRequired\":true,\"valueName\":\"search_term_string\"}}],\"inLanguage\":\"pt-BR\"},{\"@type\":\"Organization\",\"@id\":\"https:\/\/endoscopiaterapeutica.net\/pt\/#organization\",\"name\":\"Endoscopia Terapeutica\",\"url\":\"https:\/\/endoscopiaterapeutica.net\/pt\/\",\"logo\":{\"@type\":\"ImageObject\",\"inLanguage\":\"pt-BR\",\"@id\":\"https:\/\/endoscopiaterapeutica.net\/pt\/#\/schema\/logo\/image\/\",\"url\":\"https:\/\/endoscopiaterapeutica.net\/pt\/wp-content\/uploads\/2023\/09\/endter.jpg\",\"contentUrl\":\"https:\/\/endoscopiaterapeutica.net\/pt\/wp-content\/uploads\/2023\/09\/endter.jpg\",\"width\":720,\"height\":721,\"caption\":\"Endoscopia Terapeutica\"},\"image\":{\"@id\":\"https:\/\/endoscopiaterapeutica.net\/pt\/#\/schema\/logo\/image\/\"},\"sameAs\":[\"https:\/\/www.facebook.com\/endoscopiaterapeutica\",\"https:\/\/www.instagram.com\/endoscopy\/\",\"https:\/\/www.youtube.com\/@endoscopyonline\"]}]}<\/script>\n<!-- \/ Yoast SEO Premium plugin. -->","yoast_head_json":{"title":"Intestino Delgado &#8226; Endoscopia Terapeutica","robots":{"index":"index","follow":"follow","max-snippet":"max-snippet:-1","max-image-preview":"max-image-preview:large","max-video-preview":"max-video-preview:-1"},"canonical":"https:\/\/endoscopiaterapeutica.net\/pt\/artigos-comentados\/intestino-delgado\/","og_locale":"pt_BR","og_type":"article","og_title":"Intestino Delgado","og_description":"\u00daltimos Artigos Artigos Comentados V\u00eddeo c\u00e1psula endosc\u00f3pica de emerg\u00eancia em pacientes com sangramento gastrointestinal agudo grave e resultado negativo","og_url":"https:\/\/endoscopiaterapeutica.net\/pt\/artigos-comentados\/intestino-delgado\/","og_site_name":"Endoscopia Terapeutica","article_publisher":"https:\/\/www.facebook.com\/endoscopiaterapeutica","article_modified_time":"2022-06-24T00:47:51+00:00","twitter_card":"summary_large_image","twitter_misc":{"Est. tempo de leitura":"1 minuto"},"schema":{"@context":"https:\/\/schema.org","@graph":[{"@type":"WebPage","@id":"https:\/\/endoscopiaterapeutica.net\/pt\/artigos-comentados\/intestino-delgado\/","url":"https:\/\/endoscopiaterapeutica.net\/pt\/artigos-comentados\/intestino-delgado\/","name":"Intestino Delgado &#8226; Endoscopia Terapeutica","isPartOf":{"@id":"https:\/\/endoscopiaterapeutica.net\/pt\/#website"},"datePublished":"2021-06-13T15:28:42+00:00","dateModified":"2022-06-24T00:47:51+00:00","breadcrumb":{"@id":"https:\/\/endoscopiaterapeutica.net\/pt\/artigos-comentados\/intestino-delgado\/#breadcrumb"},"inLanguage":"pt-BR","potentialAction":[{"@type":"ReadAction","target":["https:\/\/endoscopiaterapeutica.net\/pt\/artigos-comentados\/intestino-delgado\/"]}]},{"@type":"BreadcrumbList","@id":"https:\/\/endoscopiaterapeutica.net\/pt\/artigos-comentados\/intestino-delgado\/#breadcrumb","itemListElement":[{"@type":"ListItem","position":1,"name":"Home","item":"https:\/\/endoscopiaterapeutica.net\/pt\/"},{"@type":"ListItem","position":2,"name":"Artigos Comentados","item":"https:\/\/endoscopiaterapeutica.net\/pt\/artigos-comentados\/"},{"@type":"ListItem","position":3,"name":"Intestino Delgado"}]},{"@type":"WebSite","@id":"https:\/\/endoscopiaterapeutica.net\/pt\/#website","url":"https:\/\/endoscopiaterapeutica.net\/pt\/","name":"Endoscopia Terapeutica","description":"O Jornal Endoscopia Terap\u00eautica tem como objetivo compartilhar experi\u00eancias da pr\u00e1tica di\u00e1ria, al\u00e9m de prover atualiza\u00e7\u00f5es e discuss\u00f5es sobre endoscopia digestiva.","publisher":{"@id":"https:\/\/endoscopiaterapeutica.net\/pt\/#organization"},"potentialAction":[{"@type":"SearchAction","target":{"@type":"EntryPoint","urlTemplate":"https:\/\/endoscopiaterapeutica.net\/pt\/?s={search_term_string}"},"query-input":{"@type":"PropertyValueSpecification","valueRequired":true,"valueName":"search_term_string"}}],"inLanguage":"pt-BR"},{"@type":"Organization","@id":"https:\/\/endoscopiaterapeutica.net\/pt\/#organization","name":"Endoscopia Terapeutica","url":"https:\/\/endoscopiaterapeutica.net\/pt\/","logo":{"@type":"ImageObject","inLanguage":"pt-BR","@id":"https:\/\/endoscopiaterapeutica.net\/pt\/#\/schema\/logo\/image\/","url":"https:\/\/endoscopiaterapeutica.net\/pt\/wp-content\/uploads\/2023\/09\/endter.jpg","contentUrl":"https:\/\/endoscopiaterapeutica.net\/pt\/wp-content\/uploads\/2023\/09\/endter.jpg","width":720,"height":721,"caption":"Endoscopia Terapeutica"},"image":{"@id":"https:\/\/endoscopiaterapeutica.net\/pt\/#\/schema\/logo\/image\/"},"sameAs":["https:\/\/www.facebook.com\/endoscopiaterapeutica","https:\/\/www.instagram.com\/endoscopy\/","https:\/\/www.youtube.com\/@endoscopyonline"]}]}},"_links":{"self":[{"href":"https:\/\/endoscopiaterapeutica.net\/pt\/wp-json\/wp\/v2\/pages\/2678","targetHints":{"allow":["GET"]}}],"collection":[{"href":"https:\/\/endoscopiaterapeutica.net\/pt\/wp-json\/wp\/v2\/pages"}],"about":[{"href":"https:\/\/endoscopiaterapeutica.net\/pt\/wp-json\/wp\/v2\/types\/page"}],"author":[{"embeddable":true,"href":"https:\/\/endoscopiaterapeutica.net\/pt\/wp-json\/wp\/v2\/users\/1"}],"replies":[{"embeddable":true,"href":"https:\/\/endoscopiaterapeutica.net\/pt\/wp-json\/wp\/v2\/comments?post=2678"}],"version-history":[{"count":7,"href":"https:\/\/endoscopiaterapeutica.net\/pt\/wp-json\/wp\/v2\/pages\/2678\/revisions"}],"predecessor-version":[{"id":12491,"href":"https:\/\/endoscopiaterapeutica.net\/pt\/wp-json\/wp\/v2\/pages\/2678\/revisions\/12491"}],"up":[{"embeddable":true,"href":"https:\/\/endoscopiaterapeutica.net\/pt\/wp-json\/wp\/v2\/pages\/2660"}],"wp:attachment":[{"href":"https:\/\/endoscopiaterapeutica.net\/pt\/wp-json\/wp\/v2\/media?parent=2678"}],"curies":[{"name":"wp","href":"https:\/\/api.w.org\/{rel}","templated":true}]}}