{"id":2053,"date":"2021-05-05T02:55:42","date_gmt":"2021-05-05T02:55:42","guid":{"rendered":"https:\/\/endoscopiaterapeutica.net\/pt\/?page_id=2053"},"modified":"2024-06-24T17:16:50","modified_gmt":"2024-06-24T17:16:50","slug":"sobre","status":"publish","type":"page","link":"https:\/\/endoscopiaterapeutica.net\/pt\/sobre\/","title":{"rendered":"Sobre"},"content":{"rendered":"\t\t<div data-elementor-type=\"wp-page\" data-elementor-id=\"2053\" class=\"elementor elementor-2053\">\n\t\t\t\t\t\t<section class=\"penci-section penci-disSticky penci-structure-10 elementor-section elementor-top-section elementor-element elementor-element-4b77e57 elementor-section-boxed elementor-section-height-default elementor-section-height-default\" data-id=\"4b77e57\" data-element_type=\"section\" data-e-type=\"section\">\n\t\t\t\t\t\t<div class=\"elementor-container elementor-column-gap-default\">\n\t\t\t\t\t<div class=\"penci-ercol-100 penci-ercol-order-1 penci-sticky-ct    elementor-column elementor-col-100 elementor-top-column elementor-element elementor-element-39f01ea\" data-id=\"39f01ea\" data-element_type=\"column\" data-e-type=\"column\">\n\t\t\t<div class=\"elementor-widget-wrap elementor-element-populated\">\n\t\t\t\t\t\t<div class=\"elementor-element elementor-element-f2246b0 elementor-widget elementor-widget-text-editor\" data-id=\"f2246b0\" data-element_type=\"widget\" data-e-type=\"widget\" data-widget_type=\"text-editor.default\">\n\t\t\t\t<div class=\"elementor-widget-container\">\n\t\t\t\t\t\t\t\t\t<p>O Jornal Endoscopia Terap\u00eautica tem como objetivo compartilhar experi\u00eancias da pr\u00e1tica di\u00e1ria, al\u00e9m de prover atualiza\u00e7\u00f5es por meio de <strong><a href=\"https:\/\/endoscopiaterapeutica.net\/pt\/artigos-comentados\/\">Artigos<\/a>,\u00a0<\/strong>\u00a0<strong>Revis\u00f5es,\u00a0<\/strong><strong><a href=\"https:\/\/endoscopiaterapeutica.net\/pt\/casos-clinicos\/\">Casos cl\u00ednicos<\/a><\/strong>,\u00a0<strong><a href=\"https:\/\/endoscopiaterapeutica.net\/pt\/diretrizes\/\">Diretrizes<\/a><\/strong>\u00a0e discuss\u00f5es sobre endoscopia digestiva.<\/p><p>Nesta plataforma online, voc\u00ea poder\u00e1 consultar diversas patologias, al\u00e9m de ter acesso a dicas de procedimentos terap\u00eauticos que visam otimizar sua pr\u00e1tica cl\u00ednica.<\/p><p><em>Endoscopia Terap\u00eautica tem publica\u00e7\u00f5es de periodicidade semanal, realizadas pelo Centro de Estudo do Aparelho Digestivo (CEADI) com apoio da empresa IN GASTRO que tamb\u00e9m realiza cursos de ensino e atualiza\u00e7\u00e3o na \u00e1rea m\u00e9dica.<\/em><\/p><p>ISSN: 2764-1694<\/p><p>Saiba mais assistindo o especial \u201cEndoscopia Terap\u00eautica 10 anos\u201d e aproveite tamb\u00e9m para aprender e atualizar alguns conceitos cient\u00edficos.\u00a0<\/p><p>\u00a0<\/p>\t\t\t\t\t\t\t\t<\/div>\n\t\t\t\t<\/div>\n\t\t\t\t\t<\/div>\n\t\t<\/div>\n\t\t\t\t\t<\/div>\n\t\t<\/section>\n\t\t\t\t<section class=\"penci-section penci-disSticky penci-structure-10 elementor-section elementor-top-section elementor-element elementor-element-f5942f2 elementor-section-boxed elementor-section-height-default elementor-section-height-default\" data-id=\"f5942f2\" data-element_type=\"section\" data-e-type=\"section\">\n\t\t\t\t\t\t<div class=\"elementor-container elementor-column-gap-default\">\n\t\t\t\t\t<div class=\"penci-ercol-100 penci-ercol-order-1 penci-sticky-ct    elementor-column elementor-col-100 elementor-top-column elementor-element elementor-element-08725e5\" data-id=\"08725e5\" data-element_type=\"column\" data-e-type=\"column\">\n\t\t\t<div class=\"elementor-widget-wrap elementor-element-populated\">\n\t\t\t\t\t\t<div class=\"elementor-element elementor-element-5078354 elementor-widget elementor-widget-html\" data-id=\"5078354\" data-element_type=\"widget\" data-e-type=\"widget\" data-widget_type=\"html.default\">\n\t\t\t\t<div class=\"elementor-widget-container\">\n\t\t\t\t\t<div style=\"position:relative;padding-top:56.25%;\"><iframe id=\"panda-58018668-1122-40b5-8777-31f649078bbc\" src=\"https:\/\/player-vz-a75e9d45-986.tv.pandavideo.com.br\/embed\/?v=58018668-1122-40b5-8777-31f649078bbc\" style=\"border:none;position:absolute;top:0;left:0;\" allow=\"accelerometer;gyroscope;autoplay;encrypted-media;picture-in-picture\" allowfullscreen=true width=\"100%\" height=\"100%\" fetchpriority=\"high\"><\/iframe><\/div>\t\t\t\t<\/div>\n\t\t\t\t<\/div>\n\t\t\t\t<div class=\"elementor-element elementor-element-97fc754 elementor-widget elementor-widget-html\" data-id=\"97fc754\" data-element_type=\"widget\" data-e-type=\"widget\" data-widget_type=\"html.default\">\n\t\t\t\t<div class=\"elementor-widget-container\">\n\t\t\t\t\t<div style=\"position:relative;padding-top:56.25%;\"><iframe id=\"panda-600b26ca-e7bd-4a4a-b178-64ef157e981a\" src=\"https:\/\/player-vz-a75e9d45-986.tv.pandavideo.com.br\/embed\/?v=600b26ca-e7bd-4a4a-b178-64ef157e981a\" style=\"border:none;position:absolute;top:0;left:0;\" allow=\"accelerometer;gyroscope;autoplay;encrypted-media;picture-in-picture\" allowfullscreen=true width=\"100%\" height=\"100%\" fetchpriority=\"high\"><\/iframe><\/div>\t\t\t\t<\/div>\n\t\t\t\t<\/div>\n\t\t\t\t<div class=\"elementor-element elementor-element-9571b4f elementor-widget elementor-widget-html\" data-id=\"9571b4f\" data-element_type=\"widget\" data-e-type=\"widget\" data-widget_type=\"html.default\">\n\t\t\t\t<div class=\"elementor-widget-container\">\n\t\t\t\t\t<div style=\"position:relative;padding-top:56.25%;\"><iframe id=\"panda-bada3491-1d61-46f1-892b-c28347413e09\" src=\"https:\/\/player-vz-a75e9d45-986.tv.pandavideo.com.br\/embed\/?v=bada3491-1d61-46f1-892b-c28347413e09\" style=\"border:none;position:absolute;top:0;left:0;\" allow=\"accelerometer;gyroscope;autoplay;encrypted-media;picture-in-picture\" allowfullscreen=true width=\"100%\" height=\"100%\" fetchpriority=\"high\"><\/iframe><\/div>\t\t\t\t<\/div>\n\t\t\t\t<\/div>\n\t\t\t\t\t<\/div>\n\t\t<\/div>\n\t\t\t\t\t<\/div>\n\t\t<\/section>\n\t\t\t\t<\/div>\n\t\t","protected":false},"excerpt":{"rendered":"<p>O Jornal Endoscopia Terap\u00eautica tem como objetivo compartilhar experi\u00eancias da pr\u00e1tica di\u00e1ria, al\u00e9m de&hellip;<\/p>\n","protected":false},"author":1,"featured_media":0,"parent":0,"menu_order":0,"comment_status":"closed","ping_status":"closed","template":"elementor_theme","meta":{"_lmt_disableupdate":"","_lmt_disable":"","footnotes":""},"class_list":["post-2053","page","type-page","status-publish","hentry"],"yoast_head":"<!-- This site is optimized with the Yoast SEO Premium plugin v27.2 (Yoast SEO v27.4) - https:\/\/yoast.com\/product\/yoast-seo-premium-wordpress\/ -->\n<title>Sobre &#8226; Endoscopia Terapeutica<\/title>\n<meta name=\"robots\" content=\"noindex, follow\" \/>\n<meta property=\"og:locale\" content=\"pt_BR\" \/>\n<meta property=\"og:type\" content=\"article\" \/>\n<meta property=\"og:title\" content=\"Sobre\" \/>\n<meta property=\"og:description\" content=\"O Jornal Endoscopia Terap\u00eautica tem como objetivo compartilhar experi\u00eancias da pr\u00e1tica di\u00e1ria, al\u00e9m de prover atualiza\u00e7\u00f5es por meio de\" \/>\n<meta property=\"og:url\" content=\"https:\/\/endoscopiaterapeutica.net\/pt\/sobre\/\" \/>\n<meta property=\"og:site_name\" content=\"Endoscopia Terapeutica\" \/>\n<meta property=\"article:publisher\" content=\"https:\/\/www.facebook.com\/endoscopiaterapeutica\" \/>\n<meta property=\"article:modified_time\" content=\"2024-06-24T17:16:50+00:00\" \/>\n<meta name=\"twitter:card\" content=\"summary_large_image\" \/>\n<meta name=\"twitter:label1\" content=\"Est. tempo de leitura\" \/>\n\t<meta name=\"twitter:data1\" content=\"1 minuto\" \/>\n<script type=\"application\/ld+json\" class=\"yoast-schema-graph\">{\"@context\":\"https:\\\/\\\/schema.org\",\"@graph\":[{\"@type\":\"WebPage\",\"@id\":\"https:\\\/\\\/endoscopiaterapeutica.net\\\/pt\\\/sobre\\\/\",\"url\":\"https:\\\/\\\/endoscopiaterapeutica.net\\\/pt\\\/sobre\\\/\",\"name\":\"Sobre &#8226; Endoscopia Terapeutica\",\"isPartOf\":{\"@id\":\"https:\\\/\\\/endoscopiaterapeutica.net\\\/pt\\\/#website\"},\"datePublished\":\"2021-05-05T02:55:42+00:00\",\"dateModified\":\"2024-06-24T17:16:50+00:00\",\"breadcrumb\":{\"@id\":\"https:\\\/\\\/endoscopiaterapeutica.net\\\/pt\\\/sobre\\\/#breadcrumb\"},\"inLanguage\":\"pt-BR\",\"potentialAction\":[{\"@type\":\"ReadAction\",\"target\":[\"https:\\\/\\\/endoscopiaterapeutica.net\\\/pt\\\/sobre\\\/\"]}]},{\"@type\":\"BreadcrumbList\",\"@id\":\"https:\\\/\\\/endoscopiaterapeutica.net\\\/pt\\\/sobre\\\/#breadcrumb\",\"itemListElement\":[{\"@type\":\"ListItem\",\"position\":1,\"name\":\"Home\",\"item\":\"https:\\\/\\\/endoscopiaterapeutica.net\\\/pt\\\/\"},{\"@type\":\"ListItem\",\"position\":2,\"name\":\"Sobre\"}]},{\"@type\":\"WebSite\",\"@id\":\"https:\\\/\\\/endoscopiaterapeutica.net\\\/pt\\\/#website\",\"url\":\"https:\\\/\\\/endoscopiaterapeutica.net\\\/pt\\\/\",\"name\":\"Endoscopia Terapeutica\",\"description\":\"O Jornal Endoscopia Terap\u00eautica tem como objetivo compartilhar experi\u00eancias da pr\u00e1tica di\u00e1ria, al\u00e9m de prover atualiza\u00e7\u00f5es e discuss\u00f5es sobre endoscopia digestiva.\",\"publisher\":{\"@id\":\"https:\\\/\\\/endoscopiaterapeutica.net\\\/pt\\\/#organization\"},\"potentialAction\":[{\"@type\":\"SearchAction\",\"target\":{\"@type\":\"EntryPoint\",\"urlTemplate\":\"https:\\\/\\\/endoscopiaterapeutica.net\\\/pt\\\/?s={search_term_string}\"},\"query-input\":{\"@type\":\"PropertyValueSpecification\",\"valueRequired\":true,\"valueName\":\"search_term_string\"}}],\"inLanguage\":\"pt-BR\"},{\"@type\":\"Organization\",\"@id\":\"https:\\\/\\\/endoscopiaterapeutica.net\\\/pt\\\/#organization\",\"name\":\"Endoscopia Terapeutica\",\"url\":\"https:\\\/\\\/endoscopiaterapeutica.net\\\/pt\\\/\",\"logo\":{\"@type\":\"ImageObject\",\"inLanguage\":\"pt-BR\",\"@id\":\"https:\\\/\\\/endoscopiaterapeutica.net\\\/pt\\\/#\\\/schema\\\/logo\\\/image\\\/\",\"url\":\"https:\\\/\\\/endoscopiaterapeutica.net\\\/pt\\\/wp-content\\\/uploads\\\/2023\\\/09\\\/endter.jpg\",\"contentUrl\":\"https:\\\/\\\/endoscopiaterapeutica.net\\\/pt\\\/wp-content\\\/uploads\\\/2023\\\/09\\\/endter.jpg\",\"width\":720,\"height\":721,\"caption\":\"Endoscopia Terapeutica\"},\"image\":{\"@id\":\"https:\\\/\\\/endoscopiaterapeutica.net\\\/pt\\\/#\\\/schema\\\/logo\\\/image\\\/\"},\"sameAs\":[\"https:\\\/\\\/www.facebook.com\\\/endoscopiaterapeutica\",\"https:\\\/\\\/www.instagram.com\\\/endoscopy\\\/\",\"https:\\\/\\\/www.youtube.com\\\/@endoscopyonline\"]}]}<\/script>\n<!-- \/ Yoast SEO Premium plugin. -->","yoast_head_json":{"title":"Sobre &#8226; Endoscopia Terapeutica","robots":{"index":"noindex","follow":"follow"},"og_locale":"pt_BR","og_type":"article","og_title":"Sobre","og_description":"O Jornal Endoscopia Terap\u00eautica tem como objetivo compartilhar experi\u00eancias da pr\u00e1tica di\u00e1ria, al\u00e9m de prover atualiza\u00e7\u00f5es por meio de","og_url":"https:\/\/endoscopiaterapeutica.net\/pt\/sobre\/","og_site_name":"Endoscopia Terapeutica","article_publisher":"https:\/\/www.facebook.com\/endoscopiaterapeutica","article_modified_time":"2024-06-24T17:16:50+00:00","twitter_card":"summary_large_image","twitter_misc":{"Est. tempo de leitura":"1 minuto"},"schema":{"@context":"https:\/\/schema.org","@graph":[{"@type":"WebPage","@id":"https:\/\/endoscopiaterapeutica.net\/pt\/sobre\/","url":"https:\/\/endoscopiaterapeutica.net\/pt\/sobre\/","name":"Sobre &#8226; Endoscopia Terapeutica","isPartOf":{"@id":"https:\/\/endoscopiaterapeutica.net\/pt\/#website"},"datePublished":"2021-05-05T02:55:42+00:00","dateModified":"2024-06-24T17:16:50+00:00","breadcrumb":{"@id":"https:\/\/endoscopiaterapeutica.net\/pt\/sobre\/#breadcrumb"},"inLanguage":"pt-BR","potentialAction":[{"@type":"ReadAction","target":["https:\/\/endoscopiaterapeutica.net\/pt\/sobre\/"]}]},{"@type":"BreadcrumbList","@id":"https:\/\/endoscopiaterapeutica.net\/pt\/sobre\/#breadcrumb","itemListElement":[{"@type":"ListItem","position":1,"name":"Home","item":"https:\/\/endoscopiaterapeutica.net\/pt\/"},{"@type":"ListItem","position":2,"name":"Sobre"}]},{"@type":"WebSite","@id":"https:\/\/endoscopiaterapeutica.net\/pt\/#website","url":"https:\/\/endoscopiaterapeutica.net\/pt\/","name":"Endoscopia Terapeutica","description":"O Jornal Endoscopia Terap\u00eautica tem como objetivo compartilhar experi\u00eancias da pr\u00e1tica di\u00e1ria, al\u00e9m de prover atualiza\u00e7\u00f5es e discuss\u00f5es sobre endoscopia digestiva.","publisher":{"@id":"https:\/\/endoscopiaterapeutica.net\/pt\/#organization"},"potentialAction":[{"@type":"SearchAction","target":{"@type":"EntryPoint","urlTemplate":"https:\/\/endoscopiaterapeutica.net\/pt\/?s={search_term_string}"},"query-input":{"@type":"PropertyValueSpecification","valueRequired":true,"valueName":"search_term_string"}}],"inLanguage":"pt-BR"},{"@type":"Organization","@id":"https:\/\/endoscopiaterapeutica.net\/pt\/#organization","name":"Endoscopia Terapeutica","url":"https:\/\/endoscopiaterapeutica.net\/pt\/","logo":{"@type":"ImageObject","inLanguage":"pt-BR","@id":"https:\/\/endoscopiaterapeutica.net\/pt\/#\/schema\/logo\/image\/","url":"https:\/\/endoscopiaterapeutica.net\/pt\/wp-content\/uploads\/2023\/09\/endter.jpg","contentUrl":"https:\/\/endoscopiaterapeutica.net\/pt\/wp-content\/uploads\/2023\/09\/endter.jpg","width":720,"height":721,"caption":"Endoscopia Terapeutica"},"image":{"@id":"https:\/\/endoscopiaterapeutica.net\/pt\/#\/schema\/logo\/image\/"},"sameAs":["https:\/\/www.facebook.com\/endoscopiaterapeutica","https:\/\/www.instagram.com\/endoscopy\/","https:\/\/www.youtube.com\/@endoscopyonline"]}]}},"_links":{"self":[{"href":"https:\/\/endoscopiaterapeutica.net\/pt\/wp-json\/wp\/v2\/pages\/2053","targetHints":{"allow":["GET"]}}],"collection":[{"href":"https:\/\/endoscopiaterapeutica.net\/pt\/wp-json\/wp\/v2\/pages"}],"about":[{"href":"https:\/\/endoscopiaterapeutica.net\/pt\/wp-json\/wp\/v2\/types\/page"}],"author":[{"embeddable":true,"href":"https:\/\/endoscopiaterapeutica.net\/pt\/wp-json\/wp\/v2\/users\/1"}],"replies":[{"embeddable":true,"href":"https:\/\/endoscopiaterapeutica.net\/pt\/wp-json\/wp\/v2\/comments?post=2053"}],"version-history":[{"count":14,"href":"https:\/\/endoscopiaterapeutica.net\/pt\/wp-json\/wp\/v2\/pages\/2053\/revisions"}],"predecessor-version":[{"id":19147,"href":"https:\/\/endoscopiaterapeutica.net\/pt\/wp-json\/wp\/v2\/pages\/2053\/revisions\/19147"}],"wp:attachment":[{"href":"https:\/\/endoscopiaterapeutica.net\/pt\/wp-json\/wp\/v2\/media?parent=2053"}],"curies":[{"name":"wp","href":"https:\/\/api.w.org\/{rel}","templated":true}]}}