{"id":1824,"date":"2021-05-04T12:31:25","date_gmt":"2021-05-04T12:31:25","guid":{"rendered":"https:\/\/endoscopiaterapeutica.net\/pt\/?page_id=1824"},"modified":"2021-08-11T17:40:11","modified_gmt":"2021-08-11T17:40:11","slug":"outros","status":"publish","type":"page","link":"https:\/\/endoscopiaterapeutica.net\/pt\/classificacoes\/outros\/","title":{"rendered":"Outros"},"content":{"rendered":"\t\t<div data-elementor-type=\"wp-page\" data-elementor-id=\"1824\" class=\"elementor elementor-1824\">\n\t\t\t\t\t\t<section class=\"penci-section penci-disSticky penci-structure-10 elementor-section elementor-top-section elementor-element elementor-element-d2942f5 elementor-section-boxed elementor-section-height-default elementor-section-height-default\" data-id=\"d2942f5\" data-element_type=\"section\" data-e-type=\"section\">\n\t\t\t\t\t\t<div class=\"elementor-container elementor-column-gap-default\">\n\t\t\t\t\t<div class=\"penci-ercol-100 penci-ercol-order-1 penci-sticky-ct    elementor-column elementor-col-100 elementor-top-column elementor-element elementor-element-320c86d\" data-id=\"320c86d\" data-element_type=\"column\" data-e-type=\"column\">\n\t\t\t<div class=\"elementor-widget-wrap elementor-element-populated\">\n\t\t\t\t\t\t<div class=\"elementor-element elementor-element-fc0ba30 elementor-widget elementor-widget-penci-latest-posts\" data-id=\"fc0ba30\" data-element_type=\"widget\" data-e-type=\"widget\" data-widget_type=\"penci-latest-posts.default\">\n\t\t\t\t<div class=\"elementor-widget-container\">\n\t\t\t\t\t                <div id=\"pencilatest_posts_99573\" class=\"penci-latest-posts-sc penci-latest-posts-list penci-latest-posts-el penci-el-mixed-s1 penci-std-continue-center penci-std-excerpt-center penci-grid-excerpt-left\">\n\t\t\t\t\t\t\t\t\t\t\t                        <div class=\"penci-border-arrow penci-homepage-title penci-home-latest-posts style-5 pcalign-left pciconp-right pcicon-right\">\n                            <h3 class=\"inner-arrow\">\n                                <span>\n\t\t\t\t\t\t\t\t<span>\u00daltimos Artigos<\/span>                                <\/span>\n                            <\/h3>\n\t\t\t\t\t\t\t                        <\/div>\n\t\t\t\t\t                    <div class=\"penci-wrapper-posts-ajax\">\n\n                        <div class=\"penci-wrapper-posts-content pwid-default\">\n\n\t\t\t\t\t\t\t\t\t\t\t\t\t\t\t                                <ul data-layout=\"list\"\n                                    class=\"penci-wrapper-data penci-grid penci-shortcode-render\">\t\t\t\t\t\t\t\t\t\t\t\t\t\t\t\t\t\t\t\t\t\t\t\t\t\t\t\t\t<li class=\"list-post penci-item-listp\">\n    <article id=\"post-5472\" class=\"item hentry\">\n\t\t            <div class=\"thumbnail\">\n\t\t\t\t\n\t\t\t\t                    <a class=\"penci-image-holder penci-lazy\"                       data-bgset=\"https:\/\/endoscopiaterapeutica.net\/pt\/wp-content\/uploads\/2015\/04\/Captura-de-Tela-2015-03-28-C3A0s-13.34.59-585x378.png\"\n                       href=\"https:\/\/endoscopiaterapeutica.net\/pt\/classificacao\/classificacao-de-vienna\/\"\n                       title=\"Classifica\u00e7\u00e3o de Vienna\">\n                    <\/a>\n\t\t\t\t\n\t\t\t\t\t\t\t\t\t\t\t\t\t\t\t\t\t\t\t\t\t\t\t\t\t\t\t\t\t\t\t\t\t            <\/div>\n\t\t\n        <div class=\"content-list-right content-list-center\">\n            <div class=\"header-list-style\">\n\t\t\t\t                    <span class=\"cat\"><\/span>\n\t\t\t\t\n                <h2 class=\"penci-entry-title entry-title grid-title penci_grid_title_df\"><a\n                            href=\"https:\/\/endoscopiaterapeutica.net\/pt\/classificacao\/classificacao-de-vienna\/\">Classifica\u00e7\u00e3o de Vienna<\/a>\n                <\/h2>\n\t\t\t\t\t\t\t\t\t\t<div class=\"penci-hide-tagupdated\">\n\t\t\t<span class=\"author-italic author vcard\">por \t\t\t\t\t\t\t\t\t\t<a class=\"author-url url fn n\" href=\"https:\/\/endoscopiaterapeutica.net\/pt\/author\/ingastro\/\">Admin<\/a>\t\t\t\t\t\t\t\t\t<\/span>\n\t\t\t<time class=\"entry-date published\" datetime=\"2015-04-01T23:14:54+00:00\">01\/04\/2015<\/time>\t\t<\/div>\n\t\t\t\t\t\t\t                    <div class=\"grid-post-box-meta\">\n\t\t\t\t\t\t\t\t\t\t\t\t                            <span class=\"otherl-date-author author-italic author vcard\">por                                     <a class=\"author-url url fn n\" href=\"https:\/\/endoscopiaterapeutica.net\/pt\/author\/ingastro\/\">Admin<\/a>\t\t\t\t\t\t\t\t<\/span>\n\t\t\t\t\t\t\t\t\t\t\t\t                            <span class=\"otherl-date\"><time class=\"entry-date published\" datetime=\"2015-04-01T23:14:54+00:00\">01\/04\/2015<\/time><\/span>\n\t\t\t\t\t\t\t\t\t\t\t\t\t\t\t\t\t\t\t\t\t\t\t\t\t\t\t\t\t\t\t\t\t\t\t\t                    <\/div>\n\t\t\t\t            <\/div>\n\n\t\t\t                <div class=\"item-content entry-content\">\n\t\t\t\t\t<p>Classifica\u00e7\u00e3o de Vienna 1- Negativo para neoplasia \/ displasia 2- Indefinido para neoplasia \/ displasia 3- Neoplasia intra-epitelial de baixo grau (substituto da displasia leve &#8230;<\/p>\n                <\/div>\n\t\t\t\n\t\t\t                <div class=\"penci-readmore-btn penci-btn-align-left\">\n                    <a class=\"penci-btn-readmore\"\n                       href=\"https:\/\/endoscopiaterapeutica.net\/pt\/classificacao\/classificacao-de-vienna\/\">Leia mais<i class=\"penci-faicon fa fa-angle-double-right\" ><\/i><\/a>\n                <\/div>\n\t\t\t\n\t\t\t        <\/div>\n\n    <\/article>\n<\/li>\n\n\t\t\t\t\t\t\t\t\t\t\t\t\t\t\t\t\t\t\t\t\t\t\t\t\t\t\t\t<\/ul>\n\t\t\t\t\t\t\t\t\t\t\t\t\t\t\t\t\t\t\t\t\t                        <\/div>\n\n\t\t\t\t\t\t                    <\/div>\n                <\/div>\n\t\t\t            <style>\n                                                                                                                                                                            <\/style>\n\t\t\t\t\t\t\t<\/div>\n\t\t\t\t<\/div>\n\t\t\t\t\t<\/div>\n\t\t<\/div>\n\t\t\t\t\t<\/div>\n\t\t<\/section>\n\t\t\t\t<\/div>\n\t\t","protected":false},"excerpt":{"rendered":"<p>\u00daltimos Artigos Classifica\u00e7\u00e3o de Vienna por Admin 01\/04\/2015 por Admin 01\/04\/2015 Classifica\u00e7\u00e3o de Vienna&hellip;<\/p>\n","protected":false},"author":1,"featured_media":0,"parent":1731,"menu_order":0,"comment_status":"closed","ping_status":"closed","template":"elementor_theme","meta":{"_lmt_disableupdate":"","_lmt_disable":"","footnotes":""},"class_list":["post-1824","page","type-page","status-publish","hentry"],"yoast_head":"<!-- This site is optimized with the Yoast SEO Premium plugin v27.2 (Yoast SEO v27.2) - https:\/\/yoast.com\/product\/yoast-seo-premium-wordpress\/ -->\n<title>Outros &#8226; Endoscopia Terapeutica<\/title>\n<meta name=\"robots\" content=\"noindex, follow\" \/>\n<meta property=\"og:locale\" content=\"pt_BR\" \/>\n<meta property=\"og:type\" content=\"article\" \/>\n<meta property=\"og:title\" content=\"Outros\" \/>\n<meta property=\"og:description\" content=\"\u00daltimos Artigos Classifica\u00e7\u00e3o de Vienna por Admin 01\/04\/2015 por Admin 01\/04\/2015 Classifica\u00e7\u00e3o de Vienna 1- Negativo para neoplasia \/ displasia 2-\" \/>\n<meta property=\"og:url\" content=\"https:\/\/endoscopiaterapeutica.net\/pt\/classificacoes\/outros\/\" \/>\n<meta property=\"og:site_name\" content=\"Endoscopia Terapeutica\" \/>\n<meta property=\"article:publisher\" content=\"https:\/\/www.facebook.com\/endoscopiaterapeutica\" \/>\n<meta property=\"article:modified_time\" content=\"2021-08-11T17:40:11+00:00\" \/>\n<meta name=\"twitter:card\" content=\"summary_large_image\" \/>\n<meta name=\"twitter:label1\" content=\"Est. tempo de leitura\" \/>\n\t<meta name=\"twitter:data1\" content=\"1 minuto\" \/>\n<script type=\"application\/ld+json\" class=\"yoast-schema-graph\">{\"@context\":\"https:\/\/schema.org\",\"@graph\":[{\"@type\":\"WebPage\",\"@id\":\"https:\/\/endoscopiaterapeutica.net\/pt\/classificacoes\/outros\/\",\"url\":\"https:\/\/endoscopiaterapeutica.net\/pt\/classificacoes\/outros\/\",\"name\":\"Outros &#8226; Endoscopia Terapeutica\",\"isPartOf\":{\"@id\":\"https:\/\/endoscopiaterapeutica.net\/pt\/#website\"},\"datePublished\":\"2021-05-04T12:31:25+00:00\",\"dateModified\":\"2021-08-11T17:40:11+00:00\",\"breadcrumb\":{\"@id\":\"https:\/\/endoscopiaterapeutica.net\/pt\/classificacoes\/outros\/#breadcrumb\"},\"inLanguage\":\"pt-BR\",\"potentialAction\":[{\"@type\":\"ReadAction\",\"target\":[\"https:\/\/endoscopiaterapeutica.net\/pt\/classificacoes\/outros\/\"]}]},{\"@type\":\"BreadcrumbList\",\"@id\":\"https:\/\/endoscopiaterapeutica.net\/pt\/classificacoes\/outros\/#breadcrumb\",\"itemListElement\":[{\"@type\":\"ListItem\",\"position\":1,\"name\":\"Home\",\"item\":\"https:\/\/endoscopiaterapeutica.net\/pt\/\"},{\"@type\":\"ListItem\",\"position\":2,\"name\":\"Classifica\u00e7\u00f5es\",\"item\":\"https:\/\/endoscopiaterapeutica.net\/pt\/classificacoes\/\"},{\"@type\":\"ListItem\",\"position\":3,\"name\":\"Outros\"}]},{\"@type\":\"WebSite\",\"@id\":\"https:\/\/endoscopiaterapeutica.net\/pt\/#website\",\"url\":\"https:\/\/endoscopiaterapeutica.net\/pt\/\",\"name\":\"Endoscopia Terapeutica\",\"description\":\"O Jornal Endoscopia Terap\u00eautica tem como objetivo compartilhar experi\u00eancias da pr\u00e1tica di\u00e1ria, al\u00e9m de prover atualiza\u00e7\u00f5es e discuss\u00f5es sobre endoscopia digestiva.\",\"publisher\":{\"@id\":\"https:\/\/endoscopiaterapeutica.net\/pt\/#organization\"},\"potentialAction\":[{\"@type\":\"SearchAction\",\"target\":{\"@type\":\"EntryPoint\",\"urlTemplate\":\"https:\/\/endoscopiaterapeutica.net\/pt\/?s={search_term_string}\"},\"query-input\":{\"@type\":\"PropertyValueSpecification\",\"valueRequired\":true,\"valueName\":\"search_term_string\"}}],\"inLanguage\":\"pt-BR\"},{\"@type\":\"Organization\",\"@id\":\"https:\/\/endoscopiaterapeutica.net\/pt\/#organization\",\"name\":\"Endoscopia Terapeutica\",\"url\":\"https:\/\/endoscopiaterapeutica.net\/pt\/\",\"logo\":{\"@type\":\"ImageObject\",\"inLanguage\":\"pt-BR\",\"@id\":\"https:\/\/endoscopiaterapeutica.net\/pt\/#\/schema\/logo\/image\/\",\"url\":\"https:\/\/endoscopiaterapeutica.net\/pt\/wp-content\/uploads\/2023\/09\/endter.jpg\",\"contentUrl\":\"https:\/\/endoscopiaterapeutica.net\/pt\/wp-content\/uploads\/2023\/09\/endter.jpg\",\"width\":720,\"height\":721,\"caption\":\"Endoscopia Terapeutica\"},\"image\":{\"@id\":\"https:\/\/endoscopiaterapeutica.net\/pt\/#\/schema\/logo\/image\/\"},\"sameAs\":[\"https:\/\/www.facebook.com\/endoscopiaterapeutica\",\"https:\/\/www.instagram.com\/endoscopy\/\",\"https:\/\/www.youtube.com\/@endoscopyonline\"]}]}<\/script>\n<!-- \/ Yoast SEO Premium plugin. -->","yoast_head_json":{"title":"Outros &#8226; Endoscopia Terapeutica","robots":{"index":"noindex","follow":"follow"},"og_locale":"pt_BR","og_type":"article","og_title":"Outros","og_description":"\u00daltimos Artigos Classifica\u00e7\u00e3o de Vienna por Admin 01\/04\/2015 por Admin 01\/04\/2015 Classifica\u00e7\u00e3o de Vienna 1- Negativo para neoplasia \/ displasia 2-","og_url":"https:\/\/endoscopiaterapeutica.net\/pt\/classificacoes\/outros\/","og_site_name":"Endoscopia Terapeutica","article_publisher":"https:\/\/www.facebook.com\/endoscopiaterapeutica","article_modified_time":"2021-08-11T17:40:11+00:00","twitter_card":"summary_large_image","twitter_misc":{"Est. tempo de leitura":"1 minuto"},"schema":{"@context":"https:\/\/schema.org","@graph":[{"@type":"WebPage","@id":"https:\/\/endoscopiaterapeutica.net\/pt\/classificacoes\/outros\/","url":"https:\/\/endoscopiaterapeutica.net\/pt\/classificacoes\/outros\/","name":"Outros &#8226; Endoscopia Terapeutica","isPartOf":{"@id":"https:\/\/endoscopiaterapeutica.net\/pt\/#website"},"datePublished":"2021-05-04T12:31:25+00:00","dateModified":"2021-08-11T17:40:11+00:00","breadcrumb":{"@id":"https:\/\/endoscopiaterapeutica.net\/pt\/classificacoes\/outros\/#breadcrumb"},"inLanguage":"pt-BR","potentialAction":[{"@type":"ReadAction","target":["https:\/\/endoscopiaterapeutica.net\/pt\/classificacoes\/outros\/"]}]},{"@type":"BreadcrumbList","@id":"https:\/\/endoscopiaterapeutica.net\/pt\/classificacoes\/outros\/#breadcrumb","itemListElement":[{"@type":"ListItem","position":1,"name":"Home","item":"https:\/\/endoscopiaterapeutica.net\/pt\/"},{"@type":"ListItem","position":2,"name":"Classifica\u00e7\u00f5es","item":"https:\/\/endoscopiaterapeutica.net\/pt\/classificacoes\/"},{"@type":"ListItem","position":3,"name":"Outros"}]},{"@type":"WebSite","@id":"https:\/\/endoscopiaterapeutica.net\/pt\/#website","url":"https:\/\/endoscopiaterapeutica.net\/pt\/","name":"Endoscopia Terapeutica","description":"O Jornal Endoscopia Terap\u00eautica tem como objetivo compartilhar experi\u00eancias da pr\u00e1tica di\u00e1ria, al\u00e9m de prover atualiza\u00e7\u00f5es e discuss\u00f5es sobre endoscopia digestiva.","publisher":{"@id":"https:\/\/endoscopiaterapeutica.net\/pt\/#organization"},"potentialAction":[{"@type":"SearchAction","target":{"@type":"EntryPoint","urlTemplate":"https:\/\/endoscopiaterapeutica.net\/pt\/?s={search_term_string}"},"query-input":{"@type":"PropertyValueSpecification","valueRequired":true,"valueName":"search_term_string"}}],"inLanguage":"pt-BR"},{"@type":"Organization","@id":"https:\/\/endoscopiaterapeutica.net\/pt\/#organization","name":"Endoscopia Terapeutica","url":"https:\/\/endoscopiaterapeutica.net\/pt\/","logo":{"@type":"ImageObject","inLanguage":"pt-BR","@id":"https:\/\/endoscopiaterapeutica.net\/pt\/#\/schema\/logo\/image\/","url":"https:\/\/endoscopiaterapeutica.net\/pt\/wp-content\/uploads\/2023\/09\/endter.jpg","contentUrl":"https:\/\/endoscopiaterapeutica.net\/pt\/wp-content\/uploads\/2023\/09\/endter.jpg","width":720,"height":721,"caption":"Endoscopia Terapeutica"},"image":{"@id":"https:\/\/endoscopiaterapeutica.net\/pt\/#\/schema\/logo\/image\/"},"sameAs":["https:\/\/www.facebook.com\/endoscopiaterapeutica","https:\/\/www.instagram.com\/endoscopy\/","https:\/\/www.youtube.com\/@endoscopyonline"]}]}},"_links":{"self":[{"href":"https:\/\/endoscopiaterapeutica.net\/pt\/wp-json\/wp\/v2\/pages\/1824","targetHints":{"allow":["GET"]}}],"collection":[{"href":"https:\/\/endoscopiaterapeutica.net\/pt\/wp-json\/wp\/v2\/pages"}],"about":[{"href":"https:\/\/endoscopiaterapeutica.net\/pt\/wp-json\/wp\/v2\/types\/page"}],"author":[{"embeddable":true,"href":"https:\/\/endoscopiaterapeutica.net\/pt\/wp-json\/wp\/v2\/users\/1"}],"replies":[{"embeddable":true,"href":"https:\/\/endoscopiaterapeutica.net\/pt\/wp-json\/wp\/v2\/comments?post=1824"}],"version-history":[{"count":7,"href":"https:\/\/endoscopiaterapeutica.net\/pt\/wp-json\/wp\/v2\/pages\/1824\/revisions"}],"predecessor-version":[{"id":6527,"href":"https:\/\/endoscopiaterapeutica.net\/pt\/wp-json\/wp\/v2\/pages\/1824\/revisions\/6527"}],"up":[{"embeddable":true,"href":"https:\/\/endoscopiaterapeutica.net\/pt\/wp-json\/wp\/v2\/pages\/1731"}],"wp:attachment":[{"href":"https:\/\/endoscopiaterapeutica.net\/pt\/wp-json\/wp\/v2\/media?parent=1824"}],"curies":[{"name":"wp","href":"https:\/\/api.w.org\/{rel}","templated":true}]}}