{"id":18107,"date":"2023-12-12T01:53:54","date_gmt":"2023-12-12T01:53:54","guid":{"rendered":"https:\/\/endoscopiaterapeutica.net\/pt\/?page_id=18107"},"modified":"2023-12-12T02:03:34","modified_gmt":"2023-12-12T02:03:34","slug":"microtech-dat","status":"publish","type":"page","link":"https:\/\/endoscopiaterapeutica.net\/pt\/microtech-dat\/","title":{"rendered":"DAT"},"content":{"rendered":"\t\t<div data-elementor-type=\"wp-page\" data-elementor-id=\"18107\" class=\"elementor elementor-18107\">\n\t\t\t\t\t\t<section class=\"penci-section penci-disSticky penci-structure-10 elementor-section elementor-top-section elementor-element elementor-element-3549fb1 elementor-section-boxed elementor-section-height-default elementor-section-height-default\" data-id=\"3549fb1\" data-element_type=\"section\" data-e-type=\"section\">\n\t\t\t\t\t\t<div class=\"elementor-container elementor-column-gap-no\">\n\t\t\t\t\t<div class=\"penci-ercol-100 penci-ercol-order-1 penci-sticky-ct    elementor-column elementor-col-100 elementor-top-column elementor-element elementor-element-dda9d14\" data-id=\"dda9d14\" data-element_type=\"column\" data-e-type=\"column\">\n\t\t\t<div class=\"elementor-widget-wrap elementor-element-populated\">\n\t\t\t\t\t\t<div class=\"elementor-element elementor-element-ac0f480 elementor-widget elementor-widget-text-editor\" data-id=\"ac0f480\" data-element_type=\"widget\" data-e-type=\"widget\" data-widget_type=\"text-editor.default\">\n\t\t\t\t<div class=\"elementor-widget-container\">\n\t\t\t\t\t\t\t\t\t<h1><b>DAT<\/b><\/h1>\t\t\t\t\t\t\t\t<\/div>\n\t\t\t\t<\/div>\n\t\t\t\t<div class=\"elementor-element elementor-element-065bec9 elementor-widget elementor-widget-image\" data-id=\"065bec9\" data-element_type=\"widget\" data-e-type=\"widget\" data-widget_type=\"image.default\">\n\t\t\t\t<div class=\"elementor-widget-container\">\n\t\t\t\t\t\t\t\t\t\t\t\t\t\t\t<img fetchpriority=\"high\" decoding=\"async\" width=\"1204\" height=\"1551\" src=\"https:\/\/endoscopiaterapeutica.net\/pt\/wp-content\/uploads\/2023\/12\/image0.jpeg\" class=\"attachment-full size-full wp-image-18040\" alt=\"\" srcset=\"https:\/\/endoscopiaterapeutica.net\/pt\/wp-content\/uploads\/2023\/12\/image0.jpeg 1204w, https:\/\/endoscopiaterapeutica.net\/pt\/wp-content\/uploads\/2023\/12\/image0-233x300.jpeg 233w, https:\/\/endoscopiaterapeutica.net\/pt\/wp-content\/uploads\/2023\/12\/image0-795x1024.jpeg 795w, https:\/\/endoscopiaterapeutica.net\/pt\/wp-content\/uploads\/2023\/12\/image0-768x989.jpeg 768w, https:\/\/endoscopiaterapeutica.net\/pt\/wp-content\/uploads\/2023\/12\/image0-1192x1536.jpeg 1192w, https:\/\/endoscopiaterapeutica.net\/pt\/wp-content\/uploads\/2023\/12\/image0-1170x1507.jpeg 1170w, https:\/\/endoscopiaterapeutica.net\/pt\/wp-content\/uploads\/2023\/12\/image0-585x754.jpeg 585w\" sizes=\"(max-width: 1204px) 100vw, 1204px\" \/>\t\t\t\t\t\t\t\t\t\t\t\t\t\t\t<\/div>\n\t\t\t\t<\/div>\n\t\t\t\t<div class=\"elementor-element elementor-element-8087f05 elementor-widget elementor-widget-shortcode\" data-id=\"8087f05\" data-element_type=\"widget\" data-e-type=\"widget\" data-widget_type=\"shortcode.default\">\n\t\t\t\t<div class=\"elementor-widget-container\">\n\t\t\t\t\t\t\t<div class=\"elementor-shortcode\"><div style=\"position:relative;padding-top:56.25%;\"><iframe id=\"panda-b650f52c-581e-467a-993c-0637433d42e6\" src=\"https:\/\/player-vz-a75e9d45-986.tv.pandavideo.com.br\/embed\/?v=b650f52c-581e-467a-993c-0637433d42e6\" style=\"border:none;position:absolute;top:0;left:0;\" allow=\"accelerometer;gyroscope;autoplay;encrypted-media;picture-in-picture\" allowfullscreen=true width=\"100%\" height=\"100%\" fetchpriority=\"high\"><\/iframe><\/div><\/div>\n\t\t\t\t\t\t<\/div>\n\t\t\t\t<\/div>\n\t\t\t\t\t<\/div>\n\t\t<\/div>\n\t\t\t\t\t<\/div>\n\t\t<\/section>\n\t\t\t\t<\/div>\n\t\t","protected":false},"excerpt":{"rendered":"<p>DAT<\/p>\n","protected":false},"author":1,"featured_media":0,"parent":0,"menu_order":0,"comment_status":"closed","ping_status":"closed","template":"elementor_theme","meta":{"_lmt_disableupdate":"","_lmt_disable":"","footnotes":""},"class_list":["post-18107","page","type-page","status-publish","hentry"],"yoast_head":"<!-- This site is optimized with the Yoast SEO Premium plugin v27.2 (Yoast SEO v27.2) - https:\/\/yoast.com\/product\/yoast-seo-premium-wordpress\/ -->\n<title>DAT &#8226; Endoscopia Terapeutica<\/title>\n<meta name=\"robots\" content=\"index, follow, max-snippet:-1, max-image-preview:large, max-video-preview:-1\" \/>\n<link rel=\"canonical\" href=\"https:\/\/endoscopiaterapeutica.net\/pt\/microtech-dat\/\" \/>\n<meta property=\"og:locale\" content=\"pt_BR\" \/>\n<meta property=\"og:type\" content=\"article\" \/>\n<meta property=\"og:title\" content=\"DAT\" \/>\n<meta property=\"og:description\" content=\"DAT\" \/>\n<meta property=\"og:url\" content=\"https:\/\/endoscopiaterapeutica.net\/pt\/microtech-dat\/\" \/>\n<meta property=\"og:site_name\" content=\"Endoscopia Terapeutica\" \/>\n<meta property=\"article:publisher\" content=\"https:\/\/www.facebook.com\/endoscopiaterapeutica\" \/>\n<meta property=\"article:modified_time\" content=\"2023-12-12T02:03:34+00:00\" \/>\n<meta property=\"og:image\" content=\"https:\/\/endoscopiaterapeutica.net\/pt\/wp-content\/uploads\/2023\/12\/image0.jpeg\" \/>\n<meta name=\"twitter:card\" content=\"summary_large_image\" \/>\n<meta name=\"twitter:label1\" content=\"Est. tempo de leitura\" \/>\n\t<meta name=\"twitter:data1\" content=\"1 minuto\" \/>\n<script type=\"application\/ld+json\" class=\"yoast-schema-graph\">{\"@context\":\"https:\/\/schema.org\",\"@graph\":[{\"@type\":\"WebPage\",\"@id\":\"https:\/\/endoscopiaterapeutica.net\/pt\/microtech-dat\/\",\"url\":\"https:\/\/endoscopiaterapeutica.net\/pt\/microtech-dat\/\",\"name\":\"DAT &#8226; Endoscopia Terapeutica\",\"isPartOf\":{\"@id\":\"https:\/\/endoscopiaterapeutica.net\/pt\/#website\"},\"primaryImageOfPage\":{\"@id\":\"https:\/\/endoscopiaterapeutica.net\/pt\/microtech-dat\/#primaryimage\"},\"image\":{\"@id\":\"https:\/\/endoscopiaterapeutica.net\/pt\/microtech-dat\/#primaryimage\"},\"thumbnailUrl\":\"https:\/\/endoscopiaterapeutica.net\/pt\/wp-content\/uploads\/2023\/12\/image0.jpeg\",\"datePublished\":\"2023-12-12T01:53:54+00:00\",\"dateModified\":\"2023-12-12T02:03:34+00:00\",\"breadcrumb\":{\"@id\":\"https:\/\/endoscopiaterapeutica.net\/pt\/microtech-dat\/#breadcrumb\"},\"inLanguage\":\"pt-BR\",\"potentialAction\":[{\"@type\":\"ReadAction\",\"target\":[\"https:\/\/endoscopiaterapeutica.net\/pt\/microtech-dat\/\"]}]},{\"@type\":\"ImageObject\",\"inLanguage\":\"pt-BR\",\"@id\":\"https:\/\/endoscopiaterapeutica.net\/pt\/microtech-dat\/#primaryimage\",\"url\":\"https:\/\/endoscopiaterapeutica.net\/pt\/wp-content\/uploads\/2023\/12\/image0.jpeg\",\"contentUrl\":\"https:\/\/endoscopiaterapeutica.net\/pt\/wp-content\/uploads\/2023\/12\/image0.jpeg\",\"width\":1204,\"height\":1551},{\"@type\":\"BreadcrumbList\",\"@id\":\"https:\/\/endoscopiaterapeutica.net\/pt\/microtech-dat\/#breadcrumb\",\"itemListElement\":[{\"@type\":\"ListItem\",\"position\":1,\"name\":\"Home\",\"item\":\"https:\/\/endoscopiaterapeutica.net\/pt\/\"},{\"@type\":\"ListItem\",\"position\":2,\"name\":\"DAT\"}]},{\"@type\":\"WebSite\",\"@id\":\"https:\/\/endoscopiaterapeutica.net\/pt\/#website\",\"url\":\"https:\/\/endoscopiaterapeutica.net\/pt\/\",\"name\":\"Endoscopia Terapeutica\",\"description\":\"O Jornal Endoscopia Terap\u00eautica tem como objetivo compartilhar experi\u00eancias da pr\u00e1tica di\u00e1ria, al\u00e9m de prover atualiza\u00e7\u00f5es e discuss\u00f5es sobre endoscopia digestiva.\",\"publisher\":{\"@id\":\"https:\/\/endoscopiaterapeutica.net\/pt\/#organization\"},\"potentialAction\":[{\"@type\":\"SearchAction\",\"target\":{\"@type\":\"EntryPoint\",\"urlTemplate\":\"https:\/\/endoscopiaterapeutica.net\/pt\/?s={search_term_string}\"},\"query-input\":{\"@type\":\"PropertyValueSpecification\",\"valueRequired\":true,\"valueName\":\"search_term_string\"}}],\"inLanguage\":\"pt-BR\"},{\"@type\":\"Organization\",\"@id\":\"https:\/\/endoscopiaterapeutica.net\/pt\/#organization\",\"name\":\"Endoscopia Terapeutica\",\"url\":\"https:\/\/endoscopiaterapeutica.net\/pt\/\",\"logo\":{\"@type\":\"ImageObject\",\"inLanguage\":\"pt-BR\",\"@id\":\"https:\/\/endoscopiaterapeutica.net\/pt\/#\/schema\/logo\/image\/\",\"url\":\"https:\/\/endoscopiaterapeutica.net\/pt\/wp-content\/uploads\/2023\/09\/endter.jpg\",\"contentUrl\":\"https:\/\/endoscopiaterapeutica.net\/pt\/wp-content\/uploads\/2023\/09\/endter.jpg\",\"width\":720,\"height\":721,\"caption\":\"Endoscopia Terapeutica\"},\"image\":{\"@id\":\"https:\/\/endoscopiaterapeutica.net\/pt\/#\/schema\/logo\/image\/\"},\"sameAs\":[\"https:\/\/www.facebook.com\/endoscopiaterapeutica\",\"https:\/\/www.instagram.com\/endoscopy\/\",\"https:\/\/www.youtube.com\/@endoscopyonline\"]}]}<\/script>\n<!-- \/ Yoast SEO Premium plugin. -->","yoast_head_json":{"title":"DAT &#8226; Endoscopia Terapeutica","robots":{"index":"index","follow":"follow","max-snippet":"max-snippet:-1","max-image-preview":"max-image-preview:large","max-video-preview":"max-video-preview:-1"},"canonical":"https:\/\/endoscopiaterapeutica.net\/pt\/microtech-dat\/","og_locale":"pt_BR","og_type":"article","og_title":"DAT","og_description":"DAT","og_url":"https:\/\/endoscopiaterapeutica.net\/pt\/microtech-dat\/","og_site_name":"Endoscopia Terapeutica","article_publisher":"https:\/\/www.facebook.com\/endoscopiaterapeutica","article_modified_time":"2023-12-12T02:03:34+00:00","og_image":[{"url":"https:\/\/endoscopiaterapeutica.net\/pt\/wp-content\/uploads\/2023\/12\/image0.jpeg","type":"","width":"","height":""}],"twitter_card":"summary_large_image","twitter_misc":{"Est. tempo de leitura":"1 minuto"},"schema":{"@context":"https:\/\/schema.org","@graph":[{"@type":"WebPage","@id":"https:\/\/endoscopiaterapeutica.net\/pt\/microtech-dat\/","url":"https:\/\/endoscopiaterapeutica.net\/pt\/microtech-dat\/","name":"DAT &#8226; Endoscopia Terapeutica","isPartOf":{"@id":"https:\/\/endoscopiaterapeutica.net\/pt\/#website"},"primaryImageOfPage":{"@id":"https:\/\/endoscopiaterapeutica.net\/pt\/microtech-dat\/#primaryimage"},"image":{"@id":"https:\/\/endoscopiaterapeutica.net\/pt\/microtech-dat\/#primaryimage"},"thumbnailUrl":"https:\/\/endoscopiaterapeutica.net\/pt\/wp-content\/uploads\/2023\/12\/image0.jpeg","datePublished":"2023-12-12T01:53:54+00:00","dateModified":"2023-12-12T02:03:34+00:00","breadcrumb":{"@id":"https:\/\/endoscopiaterapeutica.net\/pt\/microtech-dat\/#breadcrumb"},"inLanguage":"pt-BR","potentialAction":[{"@type":"ReadAction","target":["https:\/\/endoscopiaterapeutica.net\/pt\/microtech-dat\/"]}]},{"@type":"ImageObject","inLanguage":"pt-BR","@id":"https:\/\/endoscopiaterapeutica.net\/pt\/microtech-dat\/#primaryimage","url":"https:\/\/endoscopiaterapeutica.net\/pt\/wp-content\/uploads\/2023\/12\/image0.jpeg","contentUrl":"https:\/\/endoscopiaterapeutica.net\/pt\/wp-content\/uploads\/2023\/12\/image0.jpeg","width":1204,"height":1551},{"@type":"BreadcrumbList","@id":"https:\/\/endoscopiaterapeutica.net\/pt\/microtech-dat\/#breadcrumb","itemListElement":[{"@type":"ListItem","position":1,"name":"Home","item":"https:\/\/endoscopiaterapeutica.net\/pt\/"},{"@type":"ListItem","position":2,"name":"DAT"}]},{"@type":"WebSite","@id":"https:\/\/endoscopiaterapeutica.net\/pt\/#website","url":"https:\/\/endoscopiaterapeutica.net\/pt\/","name":"Endoscopia Terapeutica","description":"O Jornal Endoscopia Terap\u00eautica tem como objetivo compartilhar experi\u00eancias da pr\u00e1tica di\u00e1ria, al\u00e9m de prover atualiza\u00e7\u00f5es e discuss\u00f5es sobre endoscopia digestiva.","publisher":{"@id":"https:\/\/endoscopiaterapeutica.net\/pt\/#organization"},"potentialAction":[{"@type":"SearchAction","target":{"@type":"EntryPoint","urlTemplate":"https:\/\/endoscopiaterapeutica.net\/pt\/?s={search_term_string}"},"query-input":{"@type":"PropertyValueSpecification","valueRequired":true,"valueName":"search_term_string"}}],"inLanguage":"pt-BR"},{"@type":"Organization","@id":"https:\/\/endoscopiaterapeutica.net\/pt\/#organization","name":"Endoscopia Terapeutica","url":"https:\/\/endoscopiaterapeutica.net\/pt\/","logo":{"@type":"ImageObject","inLanguage":"pt-BR","@id":"https:\/\/endoscopiaterapeutica.net\/pt\/#\/schema\/logo\/image\/","url":"https:\/\/endoscopiaterapeutica.net\/pt\/wp-content\/uploads\/2023\/09\/endter.jpg","contentUrl":"https:\/\/endoscopiaterapeutica.net\/pt\/wp-content\/uploads\/2023\/09\/endter.jpg","width":720,"height":721,"caption":"Endoscopia Terapeutica"},"image":{"@id":"https:\/\/endoscopiaterapeutica.net\/pt\/#\/schema\/logo\/image\/"},"sameAs":["https:\/\/www.facebook.com\/endoscopiaterapeutica","https:\/\/www.instagram.com\/endoscopy\/","https:\/\/www.youtube.com\/@endoscopyonline"]}]}},"_links":{"self":[{"href":"https:\/\/endoscopiaterapeutica.net\/pt\/wp-json\/wp\/v2\/pages\/18107","targetHints":{"allow":["GET"]}}],"collection":[{"href":"https:\/\/endoscopiaterapeutica.net\/pt\/wp-json\/wp\/v2\/pages"}],"about":[{"href":"https:\/\/endoscopiaterapeutica.net\/pt\/wp-json\/wp\/v2\/types\/page"}],"author":[{"embeddable":true,"href":"https:\/\/endoscopiaterapeutica.net\/pt\/wp-json\/wp\/v2\/users\/1"}],"replies":[{"embeddable":true,"href":"https:\/\/endoscopiaterapeutica.net\/pt\/wp-json\/wp\/v2\/comments?post=18107"}],"version-history":[{"count":7,"href":"https:\/\/endoscopiaterapeutica.net\/pt\/wp-json\/wp\/v2\/pages\/18107\/revisions"}],"predecessor-version":[{"id":18132,"href":"https:\/\/endoscopiaterapeutica.net\/pt\/wp-json\/wp\/v2\/pages\/18107\/revisions\/18132"}],"wp:attachment":[{"href":"https:\/\/endoscopiaterapeutica.net\/pt\/wp-json\/wp\/v2\/media?parent=18107"}],"curies":[{"name":"wp","href":"https:\/\/api.w.org\/{rel}","templated":true}]}}