{"id":18106,"date":"2023-12-12T01:52:55","date_gmt":"2023-12-12T01:52:55","guid":{"rendered":"https:\/\/endoscopiaterapeutica.net\/pt\/?page_id=18106"},"modified":"2023-12-12T02:03:19","modified_gmt":"2023-12-12T02:03:19","slug":"microtech-suretrac","status":"publish","type":"page","link":"https:\/\/endoscopiaterapeutica.net\/pt\/microtech-suretrac\/","title":{"rendered":"Suretrac"},"content":{"rendered":"\t\t<div data-elementor-type=\"wp-page\" data-elementor-id=\"18106\" class=\"elementor elementor-18106\">\n\t\t\t\t\t\t<section class=\"penci-section penci-disSticky penci-structure-10 elementor-section elementor-top-section elementor-element elementor-element-3549fb1 elementor-section-boxed elementor-section-height-default elementor-section-height-default\" data-id=\"3549fb1\" data-element_type=\"section\" data-e-type=\"section\">\n\t\t\t\t\t\t<div class=\"elementor-container elementor-column-gap-no\">\n\t\t\t\t\t<div class=\"penci-ercol-100 penci-ercol-order-1 penci-sticky-ct    elementor-column elementor-col-100 elementor-top-column elementor-element elementor-element-dda9d14\" data-id=\"dda9d14\" data-element_type=\"column\" data-e-type=\"column\">\n\t\t\t<div class=\"elementor-widget-wrap elementor-element-populated\">\n\t\t\t\t\t\t<div class=\"elementor-element elementor-element-98af7ba elementor-widget elementor-widget-text-editor\" data-id=\"98af7ba\" data-element_type=\"widget\" data-e-type=\"widget\" data-widget_type=\"text-editor.default\">\n\t\t\t\t<div class=\"elementor-widget-container\">\n\t\t\t\t\t\t\t\t\t<h1><b>Suretrac<\/b><\/h1>\t\t\t\t\t\t\t\t<\/div>\n\t\t\t\t<\/div>\n\t\t\t\t<div class=\"elementor-element elementor-element-31dabda elementor-widget elementor-widget-image\" data-id=\"31dabda\" data-element_type=\"widget\" data-e-type=\"widget\" data-widget_type=\"image.default\">\n\t\t\t\t<div class=\"elementor-widget-container\">\n\t\t\t\t\t\t\t\t\t\t\t\t\t\t\t<img fetchpriority=\"high\" decoding=\"async\" width=\"481\" height=\"602\" src=\"https:\/\/endoscopiaterapeutica.net\/pt\/wp-content\/uploads\/2023\/12\/image0-1.jpeg\" class=\"attachment-full size-full wp-image-18039\" alt=\"\" srcset=\"https:\/\/endoscopiaterapeutica.net\/pt\/wp-content\/uploads\/2023\/12\/image0-1.jpeg 481w, https:\/\/endoscopiaterapeutica.net\/pt\/wp-content\/uploads\/2023\/12\/image0-1-240x300.jpeg 240w\" sizes=\"(max-width: 481px) 100vw, 481px\" \/>\t\t\t\t\t\t\t\t\t\t\t\t\t\t\t<\/div>\n\t\t\t\t<\/div>\n\t\t\t\t<div class=\"elementor-element elementor-element-0c11cd2 elementor-widget elementor-widget-shortcode\" data-id=\"0c11cd2\" data-element_type=\"widget\" data-e-type=\"widget\" data-widget_type=\"shortcode.default\">\n\t\t\t\t<div class=\"elementor-widget-container\">\n\t\t\t\t\t\t\t<div class=\"elementor-shortcode\"><div style=\"position:relative;padding-top:56.25%;\"><iframe id=\"panda-9b862857-480d-40db-aadd-df4c59a13a16\" src=\"https:\/\/player-vz-a75e9d45-986.tv.pandavideo.com.br\/embed\/?v=9b862857-480d-40db-aadd-df4c59a13a16\" style=\"border:none;position:absolute;top:0;left:0;\" allow=\"accelerometer;gyroscope;autoplay;encrypted-media;picture-in-picture\" allowfullscreen=true width=\"100%\" height=\"100%\" fetchpriority=\"high\"><\/iframe><\/div><\/div>\n\t\t\t\t\t\t<\/div>\n\t\t\t\t<\/div>\n\t\t\t\t\t<\/div>\n\t\t<\/div>\n\t\t\t\t\t<\/div>\n\t\t<\/section>\n\t\t\t\t<\/div>\n\t\t","protected":false},"excerpt":{"rendered":"<p>Suretrac<\/p>\n","protected":false},"author":1,"featured_media":0,"parent":0,"menu_order":0,"comment_status":"closed","ping_status":"closed","template":"elementor_theme","meta":{"_lmt_disableupdate":"","_lmt_disable":"","footnotes":""},"class_list":["post-18106","page","type-page","status-publish","hentry"],"yoast_head":"<!-- This site is optimized with the Yoast SEO Premium plugin v27.2 (Yoast SEO v27.4) - https:\/\/yoast.com\/product\/yoast-seo-premium-wordpress\/ -->\n<title>Suretrac &#8226; Endoscopia Terapeutica<\/title>\n<meta name=\"robots\" content=\"index, follow, max-snippet:-1, max-image-preview:large, max-video-preview:-1\" \/>\n<link rel=\"canonical\" href=\"https:\/\/endoscopiaterapeutica.net\/pt\/microtech-suretrac\/\" \/>\n<meta property=\"og:locale\" content=\"pt_BR\" \/>\n<meta property=\"og:type\" content=\"article\" \/>\n<meta property=\"og:title\" content=\"Suretrac\" \/>\n<meta property=\"og:description\" content=\"Suretrac\" \/>\n<meta property=\"og:url\" content=\"https:\/\/endoscopiaterapeutica.net\/pt\/microtech-suretrac\/\" \/>\n<meta property=\"og:site_name\" content=\"Endoscopia Terapeutica\" \/>\n<meta property=\"article:publisher\" content=\"https:\/\/www.facebook.com\/endoscopiaterapeutica\" \/>\n<meta property=\"article:modified_time\" content=\"2023-12-12T02:03:19+00:00\" \/>\n<meta property=\"og:image\" content=\"https:\/\/endoscopiaterapeutica.net\/pt\/wp-content\/uploads\/2023\/12\/image0-1.jpeg\" \/>\n<meta name=\"twitter:card\" content=\"summary_large_image\" \/>\n<meta name=\"twitter:label1\" content=\"Est. tempo de leitura\" \/>\n\t<meta name=\"twitter:data1\" content=\"1 minuto\" \/>\n<script type=\"application\/ld+json\" class=\"yoast-schema-graph\">{\"@context\":\"https:\\\/\\\/schema.org\",\"@graph\":[{\"@type\":\"WebPage\",\"@id\":\"https:\\\/\\\/endoscopiaterapeutica.net\\\/pt\\\/microtech-suretrac\\\/\",\"url\":\"https:\\\/\\\/endoscopiaterapeutica.net\\\/pt\\\/microtech-suretrac\\\/\",\"name\":\"Suretrac &#8226; Endoscopia Terapeutica\",\"isPartOf\":{\"@id\":\"https:\\\/\\\/endoscopiaterapeutica.net\\\/pt\\\/#website\"},\"primaryImageOfPage\":{\"@id\":\"https:\\\/\\\/endoscopiaterapeutica.net\\\/pt\\\/microtech-suretrac\\\/#primaryimage\"},\"image\":{\"@id\":\"https:\\\/\\\/endoscopiaterapeutica.net\\\/pt\\\/microtech-suretrac\\\/#primaryimage\"},\"thumbnailUrl\":\"https:\\\/\\\/endoscopiaterapeutica.net\\\/pt\\\/wp-content\\\/uploads\\\/2023\\\/12\\\/image0-1.jpeg\",\"datePublished\":\"2023-12-12T01:52:55+00:00\",\"dateModified\":\"2023-12-12T02:03:19+00:00\",\"breadcrumb\":{\"@id\":\"https:\\\/\\\/endoscopiaterapeutica.net\\\/pt\\\/microtech-suretrac\\\/#breadcrumb\"},\"inLanguage\":\"pt-BR\",\"potentialAction\":[{\"@type\":\"ReadAction\",\"target\":[\"https:\\\/\\\/endoscopiaterapeutica.net\\\/pt\\\/microtech-suretrac\\\/\"]}]},{\"@type\":\"ImageObject\",\"inLanguage\":\"pt-BR\",\"@id\":\"https:\\\/\\\/endoscopiaterapeutica.net\\\/pt\\\/microtech-suretrac\\\/#primaryimage\",\"url\":\"https:\\\/\\\/endoscopiaterapeutica.net\\\/pt\\\/wp-content\\\/uploads\\\/2023\\\/12\\\/image0-1.jpeg\",\"contentUrl\":\"https:\\\/\\\/endoscopiaterapeutica.net\\\/pt\\\/wp-content\\\/uploads\\\/2023\\\/12\\\/image0-1.jpeg\",\"width\":481,\"height\":602},{\"@type\":\"BreadcrumbList\",\"@id\":\"https:\\\/\\\/endoscopiaterapeutica.net\\\/pt\\\/microtech-suretrac\\\/#breadcrumb\",\"itemListElement\":[{\"@type\":\"ListItem\",\"position\":1,\"name\":\"Home\",\"item\":\"https:\\\/\\\/endoscopiaterapeutica.net\\\/pt\\\/\"},{\"@type\":\"ListItem\",\"position\":2,\"name\":\"Suretrac\"}]},{\"@type\":\"WebSite\",\"@id\":\"https:\\\/\\\/endoscopiaterapeutica.net\\\/pt\\\/#website\",\"url\":\"https:\\\/\\\/endoscopiaterapeutica.net\\\/pt\\\/\",\"name\":\"Endoscopia Terapeutica\",\"description\":\"O Jornal Endoscopia Terap\u00eautica tem como objetivo compartilhar experi\u00eancias da pr\u00e1tica di\u00e1ria, al\u00e9m de prover atualiza\u00e7\u00f5es e discuss\u00f5es sobre endoscopia digestiva.\",\"publisher\":{\"@id\":\"https:\\\/\\\/endoscopiaterapeutica.net\\\/pt\\\/#organization\"},\"potentialAction\":[{\"@type\":\"SearchAction\",\"target\":{\"@type\":\"EntryPoint\",\"urlTemplate\":\"https:\\\/\\\/endoscopiaterapeutica.net\\\/pt\\\/?s={search_term_string}\"},\"query-input\":{\"@type\":\"PropertyValueSpecification\",\"valueRequired\":true,\"valueName\":\"search_term_string\"}}],\"inLanguage\":\"pt-BR\"},{\"@type\":\"Organization\",\"@id\":\"https:\\\/\\\/endoscopiaterapeutica.net\\\/pt\\\/#organization\",\"name\":\"Endoscopia Terapeutica\",\"url\":\"https:\\\/\\\/endoscopiaterapeutica.net\\\/pt\\\/\",\"logo\":{\"@type\":\"ImageObject\",\"inLanguage\":\"pt-BR\",\"@id\":\"https:\\\/\\\/endoscopiaterapeutica.net\\\/pt\\\/#\\\/schema\\\/logo\\\/image\\\/\",\"url\":\"https:\\\/\\\/endoscopiaterapeutica.net\\\/pt\\\/wp-content\\\/uploads\\\/2023\\\/09\\\/endter.jpg\",\"contentUrl\":\"https:\\\/\\\/endoscopiaterapeutica.net\\\/pt\\\/wp-content\\\/uploads\\\/2023\\\/09\\\/endter.jpg\",\"width\":720,\"height\":721,\"caption\":\"Endoscopia Terapeutica\"},\"image\":{\"@id\":\"https:\\\/\\\/endoscopiaterapeutica.net\\\/pt\\\/#\\\/schema\\\/logo\\\/image\\\/\"},\"sameAs\":[\"https:\\\/\\\/www.facebook.com\\\/endoscopiaterapeutica\",\"https:\\\/\\\/www.instagram.com\\\/endoscopy\\\/\",\"https:\\\/\\\/www.youtube.com\\\/@endoscopyonline\"]}]}<\/script>\n<!-- \/ Yoast SEO Premium plugin. -->","yoast_head_json":{"title":"Suretrac &#8226; Endoscopia Terapeutica","robots":{"index":"index","follow":"follow","max-snippet":"max-snippet:-1","max-image-preview":"max-image-preview:large","max-video-preview":"max-video-preview:-1"},"canonical":"https:\/\/endoscopiaterapeutica.net\/pt\/microtech-suretrac\/","og_locale":"pt_BR","og_type":"article","og_title":"Suretrac","og_description":"Suretrac","og_url":"https:\/\/endoscopiaterapeutica.net\/pt\/microtech-suretrac\/","og_site_name":"Endoscopia Terapeutica","article_publisher":"https:\/\/www.facebook.com\/endoscopiaterapeutica","article_modified_time":"2023-12-12T02:03:19+00:00","og_image":[{"url":"https:\/\/endoscopiaterapeutica.net\/pt\/wp-content\/uploads\/2023\/12\/image0-1.jpeg","type":"","width":"","height":""}],"twitter_card":"summary_large_image","twitter_misc":{"Est. tempo de leitura":"1 minuto"},"schema":{"@context":"https:\/\/schema.org","@graph":[{"@type":"WebPage","@id":"https:\/\/endoscopiaterapeutica.net\/pt\/microtech-suretrac\/","url":"https:\/\/endoscopiaterapeutica.net\/pt\/microtech-suretrac\/","name":"Suretrac &#8226; Endoscopia Terapeutica","isPartOf":{"@id":"https:\/\/endoscopiaterapeutica.net\/pt\/#website"},"primaryImageOfPage":{"@id":"https:\/\/endoscopiaterapeutica.net\/pt\/microtech-suretrac\/#primaryimage"},"image":{"@id":"https:\/\/endoscopiaterapeutica.net\/pt\/microtech-suretrac\/#primaryimage"},"thumbnailUrl":"https:\/\/endoscopiaterapeutica.net\/pt\/wp-content\/uploads\/2023\/12\/image0-1.jpeg","datePublished":"2023-12-12T01:52:55+00:00","dateModified":"2023-12-12T02:03:19+00:00","breadcrumb":{"@id":"https:\/\/endoscopiaterapeutica.net\/pt\/microtech-suretrac\/#breadcrumb"},"inLanguage":"pt-BR","potentialAction":[{"@type":"ReadAction","target":["https:\/\/endoscopiaterapeutica.net\/pt\/microtech-suretrac\/"]}]},{"@type":"ImageObject","inLanguage":"pt-BR","@id":"https:\/\/endoscopiaterapeutica.net\/pt\/microtech-suretrac\/#primaryimage","url":"https:\/\/endoscopiaterapeutica.net\/pt\/wp-content\/uploads\/2023\/12\/image0-1.jpeg","contentUrl":"https:\/\/endoscopiaterapeutica.net\/pt\/wp-content\/uploads\/2023\/12\/image0-1.jpeg","width":481,"height":602},{"@type":"BreadcrumbList","@id":"https:\/\/endoscopiaterapeutica.net\/pt\/microtech-suretrac\/#breadcrumb","itemListElement":[{"@type":"ListItem","position":1,"name":"Home","item":"https:\/\/endoscopiaterapeutica.net\/pt\/"},{"@type":"ListItem","position":2,"name":"Suretrac"}]},{"@type":"WebSite","@id":"https:\/\/endoscopiaterapeutica.net\/pt\/#website","url":"https:\/\/endoscopiaterapeutica.net\/pt\/","name":"Endoscopia Terapeutica","description":"O Jornal Endoscopia Terap\u00eautica tem como objetivo compartilhar experi\u00eancias da pr\u00e1tica di\u00e1ria, al\u00e9m de prover atualiza\u00e7\u00f5es e discuss\u00f5es sobre endoscopia digestiva.","publisher":{"@id":"https:\/\/endoscopiaterapeutica.net\/pt\/#organization"},"potentialAction":[{"@type":"SearchAction","target":{"@type":"EntryPoint","urlTemplate":"https:\/\/endoscopiaterapeutica.net\/pt\/?s={search_term_string}"},"query-input":{"@type":"PropertyValueSpecification","valueRequired":true,"valueName":"search_term_string"}}],"inLanguage":"pt-BR"},{"@type":"Organization","@id":"https:\/\/endoscopiaterapeutica.net\/pt\/#organization","name":"Endoscopia Terapeutica","url":"https:\/\/endoscopiaterapeutica.net\/pt\/","logo":{"@type":"ImageObject","inLanguage":"pt-BR","@id":"https:\/\/endoscopiaterapeutica.net\/pt\/#\/schema\/logo\/image\/","url":"https:\/\/endoscopiaterapeutica.net\/pt\/wp-content\/uploads\/2023\/09\/endter.jpg","contentUrl":"https:\/\/endoscopiaterapeutica.net\/pt\/wp-content\/uploads\/2023\/09\/endter.jpg","width":720,"height":721,"caption":"Endoscopia Terapeutica"},"image":{"@id":"https:\/\/endoscopiaterapeutica.net\/pt\/#\/schema\/logo\/image\/"},"sameAs":["https:\/\/www.facebook.com\/endoscopiaterapeutica","https:\/\/www.instagram.com\/endoscopy\/","https:\/\/www.youtube.com\/@endoscopyonline"]}]}},"_links":{"self":[{"href":"https:\/\/endoscopiaterapeutica.net\/pt\/wp-json\/wp\/v2\/pages\/18106","targetHints":{"allow":["GET"]}}],"collection":[{"href":"https:\/\/endoscopiaterapeutica.net\/pt\/wp-json\/wp\/v2\/pages"}],"about":[{"href":"https:\/\/endoscopiaterapeutica.net\/pt\/wp-json\/wp\/v2\/types\/page"}],"author":[{"embeddable":true,"href":"https:\/\/endoscopiaterapeutica.net\/pt\/wp-json\/wp\/v2\/users\/1"}],"replies":[{"embeddable":true,"href":"https:\/\/endoscopiaterapeutica.net\/pt\/wp-json\/wp\/v2\/comments?post=18106"}],"version-history":[{"count":7,"href":"https:\/\/endoscopiaterapeutica.net\/pt\/wp-json\/wp\/v2\/pages\/18106\/revisions"}],"predecessor-version":[{"id":18129,"href":"https:\/\/endoscopiaterapeutica.net\/pt\/wp-json\/wp\/v2\/pages\/18106\/revisions\/18129"}],"wp:attachment":[{"href":"https:\/\/endoscopiaterapeutica.net\/pt\/wp-json\/wp\/v2\/media?parent=18106"}],"curies":[{"name":"wp","href":"https:\/\/api.w.org\/{rel}","templated":true}]}}