{"id":7759,"date":"2021-09-16T15:06:56","date_gmt":"2021-09-16T15:06:56","guid":{"rendered":"https:\/\/endoscopiaterapeutica.net\/es\/?page_id=7759"},"modified":"2024-01-16T19:27:30","modified_gmt":"2024-01-16T19:27:30","slug":"terminos-de-consentimiento","status":"publish","type":"page","link":"https:\/\/endoscopiaterapeutica.net\/es\/terminos-de-consentimiento\/","title":{"rendered":"T\u00e9rminos de Consentimiento"},"content":{"rendered":"\t\t<div data-elementor-type=\"wp-page\" data-elementor-id=\"7759\" class=\"elementor elementor-7759\">\n\t\t\t\t\t\t<section class=\"penci-section penci-disSticky penci-structure-10 elementor-section elementor-top-section elementor-element elementor-element-1467c59b elementor-section-boxed elementor-section-height-default elementor-section-height-default\" data-id=\"1467c59b\" data-element_type=\"section\" data-e-type=\"section\">\n\t\t\t\t\t\t<div class=\"elementor-container elementor-column-gap-default\">\n\t\t\t\t\t<div class=\"penci-ercol-100 penci-ercol-order-1 penci-sticky-ct    elementor-column elementor-col-100 elementor-top-column elementor-element elementor-element-513643ac\" data-id=\"513643ac\" data-element_type=\"column\" data-e-type=\"column\">\n\t\t\t<div class=\"elementor-widget-wrap elementor-element-populated\">\n\t\t\t\t\t\t<div class=\"elementor-element elementor-element-692f138d elementor-widget elementor-widget-text-editor\" data-id=\"692f138d\" data-element_type=\"widget\" data-e-type=\"widget\" data-widget_type=\"text-editor.default\">\n\t\t\t\t<div class=\"elementor-widget-container\">\n\t\t\t\t\t\t\t\t\t<p>Cuando utiliza nuestro sitio web, nos comprometemos a mantener la seguridad de sus datos e informaci\u00f3n.<\/p><p>As\u00ed, este T\u00e9rmino de Consentimiento tiene como objetivo registrar su manifestaci\u00f3n libre, informada e inequ\u00edvoca sobre c\u00f3mo ENDOSCOPIA TERAP\u00caUTICA realizar\u00e1 el tratamiento de sus datos personales, con el prop\u00f3sito de registrar al usuario en el sitio y enviar boletines informativos, de acuerdo con la Ley General de Protecci\u00f3n de Datos Personales &#8211; LGPD (Ley n\u00ba 13.709\/2018).<\/p><p>ENDOSCOPIA TERAP\u00caUTICA mantendr\u00e1 su informaci\u00f3n y datos personales mientras sean necesarios para el prop\u00f3sito descrito o hasta que se solicite su eliminaci\u00f3n.<\/p><p>Todos sus datos recopilados por ENDOSCOPIA TERAP\u00caUTICA son confidenciales. El uso de los datos est\u00e1 de acuerdo con las normativas legales. Por lo tanto, invertiremos todos nuestros esfuerzos para garantizar la seguridad de su informaci\u00f3n y datos personales.<\/p><p>Mantendremos los datos e informaci\u00f3n almacenados en nuestra base de datos, sin acceso o transferencia a terceros, solo hasta que sean necesarios o relevantes para los fines descritos en esta Pol\u00edtica.<\/p><p>Usted es el propietario de su informaci\u00f3n y datos personales, por lo tanto, en cualquier momento puede optar por no divulgar sus datos a ENDOSCOPIA TERAP\u00caUTICA.<\/p><p>La lista de derechos que tiene sobre sus datos personales se puede consultar en nuestra <a href=\"https:\/\/endoscopiaterapeutica.net\/es\/politica-de-privacidad-y-proteccion-de-datos\/\" target=\"_blank\" rel=\"noopener\">Pol\u00edtica de Privacidad<\/a>.<\/p><p>Este consentimiento puede ser revocado\/cancelado\/modificado por usted, en cualquier momento, mediante solicitud por correo electr\u00f3nico: contato@endoscopiaterapeutica.net<\/p><p>La aceptaci\u00f3n de este T\u00e9rmino de Consentimiento se realizar\u00e1 cuando haga clic en el bot\u00f3n de aceptar. Esto indicar\u00e1 que est\u00e1 consciente y declara su CONSENTIMIENTO para la forma en que recopilaremos, trataremos y almacenaremos datos sobre usted.<\/p>\t\t\t\t\t\t\t\t<\/div>\n\t\t\t\t<\/div>\n\t\t\t\t\t<\/div>\n\t\t<\/div>\n\t\t\t\t\t<\/div>\n\t\t<\/section>\n\t\t\t\t<\/div>\n\t\t","protected":false},"excerpt":{"rendered":"<p>Cuando utiliza nuestro sitio web, nos comprometemos a mantener la seguridad de sus datos&hellip;<\/p>\n","protected":false},"author":1,"featured_media":0,"parent":0,"menu_order":0,"comment_status":"closed","ping_status":"closed","template":"page-penci-full-width.php","meta":{"_lmt_disableupdate":"","_lmt_disable":"","footnotes":""},"class_list":["post-7759","page","type-page","status-publish","hentry"],"yoast_head":"<!-- This site is optimized with the Yoast SEO Premium plugin v27.2 (Yoast SEO v27.2) - https:\/\/yoast.com\/product\/yoast-seo-premium-wordpress\/ -->\n<title>T\u00e9rminos de Consentimiento &#8226; Endoscopia Terapeutica<\/title>\n<meta name=\"robots\" content=\"index, follow, max-snippet:-1, max-image-preview:large, max-video-preview:-1\" \/>\n<link rel=\"canonical\" href=\"https:\/\/endoscopiaterapeutica.net\/es\/terminos-de-consentimiento\/\" \/>\n<meta property=\"og:locale\" content=\"es_ES\" \/>\n<meta property=\"og:type\" content=\"article\" \/>\n<meta property=\"og:title\" content=\"T\u00e9rminos de Consentimiento\" \/>\n<meta property=\"og:description\" content=\"Cuando utiliza nuestro sitio web, nos comprometemos a mantener la seguridad de sus datos e informaci\u00f3n.As\u00ed, este T\u00e9rmino de Consentimiento tiene como\" \/>\n<meta property=\"og:url\" content=\"https:\/\/endoscopiaterapeutica.net\/es\/terminos-de-consentimiento\/\" \/>\n<meta property=\"og:site_name\" content=\"Endoscopia Terapeutica\" \/>\n<meta property=\"article:publisher\" content=\"https:\/\/www.facebook.com\/endoscopiaterapeuticaes\" \/>\n<meta property=\"article:modified_time\" content=\"2024-01-16T19:27:30+00:00\" \/>\n<meta name=\"twitter:card\" content=\"summary_large_image\" \/>\n<meta name=\"twitter:label1\" content=\"Tiempo de lectura\" \/>\n\t<meta name=\"twitter:data1\" content=\"2 minutos\" \/>\n<script type=\"application\/ld+json\" class=\"yoast-schema-graph\">{\"@context\":\"https:\/\/schema.org\",\"@graph\":[{\"@type\":\"WebPage\",\"@id\":\"https:\/\/endoscopiaterapeutica.net\/es\/terminos-de-consentimiento\/\",\"url\":\"https:\/\/endoscopiaterapeutica.net\/es\/terminos-de-consentimiento\/\",\"name\":\"T\u00e9rminos de Consentimiento &#8226; Endoscopia Terapeutica\",\"isPartOf\":{\"@id\":\"https:\/\/endoscopiaterapeutica.net\/es\/#website\"},\"datePublished\":\"2021-09-16T15:06:56+00:00\",\"dateModified\":\"2024-01-16T19:27:30+00:00\",\"breadcrumb\":{\"@id\":\"https:\/\/endoscopiaterapeutica.net\/es\/terminos-de-consentimiento\/#breadcrumb\"},\"inLanguage\":\"es\",\"potentialAction\":[{\"@type\":\"ReadAction\",\"target\":[\"https:\/\/endoscopiaterapeutica.net\/es\/terminos-de-consentimiento\/\"]}]},{\"@type\":\"BreadcrumbList\",\"@id\":\"https:\/\/endoscopiaterapeutica.net\/es\/terminos-de-consentimiento\/#breadcrumb\",\"itemListElement\":[{\"@type\":\"ListItem\",\"position\":1,\"name\":\"Home\",\"item\":\"https:\/\/endoscopiaterapeutica.net\/es\/\"},{\"@type\":\"ListItem\",\"position\":2,\"name\":\"T\u00e9rminos de Consentimiento\"}]},{\"@type\":\"WebSite\",\"@id\":\"https:\/\/endoscopiaterapeutica.net\/es\/#website\",\"url\":\"https:\/\/endoscopiaterapeutica.net\/es\/\",\"name\":\"Endoscopia Terapeutica\",\"description\":\"Uniendo conocimiento acad\u00e9mico con habilidad cl\u00ednica, Endoscopia Terap\u00eautica es tu gu\u00eda para el progreso en endoscopia digestiva. Educa y enriquece tu pr\u00e1ctica con nosotros.\",\"publisher\":{\"@id\":\"https:\/\/endoscopiaterapeutica.net\/es\/#organization\"},\"potentialAction\":[{\"@type\":\"SearchAction\",\"target\":{\"@type\":\"EntryPoint\",\"urlTemplate\":\"https:\/\/endoscopiaterapeutica.net\/es\/?s={search_term_string}\"},\"query-input\":{\"@type\":\"PropertyValueSpecification\",\"valueRequired\":true,\"valueName\":\"search_term_string\"}}],\"inLanguage\":\"es\"},{\"@type\":\"Organization\",\"@id\":\"https:\/\/endoscopiaterapeutica.net\/es\/#organization\",\"name\":\"Endoscopia Terapeutica\",\"url\":\"https:\/\/endoscopiaterapeutica.net\/es\/\",\"logo\":{\"@type\":\"ImageObject\",\"inLanguage\":\"es\",\"@id\":\"https:\/\/endoscopiaterapeutica.net\/es\/#\/schema\/logo\/image\/\",\"url\":\"https:\/\/endoscopiaterapeutica.net\/es\/wp-content\/uploads\/2023\/09\/endter.jpg\",\"contentUrl\":\"https:\/\/endoscopiaterapeutica.net\/es\/wp-content\/uploads\/2023\/09\/endter.jpg\",\"width\":720,\"height\":721,\"caption\":\"Endoscopia Terapeutica\"},\"image\":{\"@id\":\"https:\/\/endoscopiaterapeutica.net\/es\/#\/schema\/logo\/image\/\"},\"sameAs\":[\"https:\/\/www.facebook.com\/endoscopiaterapeuticaes\",\"https:\/\/www.instagram.com\/endoscopia_terapeutica\/\",\"https:\/\/www.youtube.com\/@endoscopyonline\"]}]}<\/script>\n<!-- \/ Yoast SEO Premium plugin. -->","yoast_head_json":{"title":"T\u00e9rminos de Consentimiento &#8226; Endoscopia Terapeutica","robots":{"index":"index","follow":"follow","max-snippet":"max-snippet:-1","max-image-preview":"max-image-preview:large","max-video-preview":"max-video-preview:-1"},"canonical":"https:\/\/endoscopiaterapeutica.net\/es\/terminos-de-consentimiento\/","og_locale":"es_ES","og_type":"article","og_title":"T\u00e9rminos de Consentimiento","og_description":"Cuando utiliza nuestro sitio web, nos comprometemos a mantener la seguridad de sus datos e informaci\u00f3n.As\u00ed, este T\u00e9rmino de Consentimiento tiene como","og_url":"https:\/\/endoscopiaterapeutica.net\/es\/terminos-de-consentimiento\/","og_site_name":"Endoscopia Terapeutica","article_publisher":"https:\/\/www.facebook.com\/endoscopiaterapeuticaes","article_modified_time":"2024-01-16T19:27:30+00:00","twitter_card":"summary_large_image","twitter_misc":{"Tiempo de lectura":"2 minutos"},"schema":{"@context":"https:\/\/schema.org","@graph":[{"@type":"WebPage","@id":"https:\/\/endoscopiaterapeutica.net\/es\/terminos-de-consentimiento\/","url":"https:\/\/endoscopiaterapeutica.net\/es\/terminos-de-consentimiento\/","name":"T\u00e9rminos de Consentimiento &#8226; Endoscopia Terapeutica","isPartOf":{"@id":"https:\/\/endoscopiaterapeutica.net\/es\/#website"},"datePublished":"2021-09-16T15:06:56+00:00","dateModified":"2024-01-16T19:27:30+00:00","breadcrumb":{"@id":"https:\/\/endoscopiaterapeutica.net\/es\/terminos-de-consentimiento\/#breadcrumb"},"inLanguage":"es","potentialAction":[{"@type":"ReadAction","target":["https:\/\/endoscopiaterapeutica.net\/es\/terminos-de-consentimiento\/"]}]},{"@type":"BreadcrumbList","@id":"https:\/\/endoscopiaterapeutica.net\/es\/terminos-de-consentimiento\/#breadcrumb","itemListElement":[{"@type":"ListItem","position":1,"name":"Home","item":"https:\/\/endoscopiaterapeutica.net\/es\/"},{"@type":"ListItem","position":2,"name":"T\u00e9rminos de Consentimiento"}]},{"@type":"WebSite","@id":"https:\/\/endoscopiaterapeutica.net\/es\/#website","url":"https:\/\/endoscopiaterapeutica.net\/es\/","name":"Endoscopia Terapeutica","description":"Uniendo conocimiento acad\u00e9mico con habilidad cl\u00ednica, Endoscopia Terap\u00eautica es tu gu\u00eda para el progreso en endoscopia digestiva. Educa y enriquece tu pr\u00e1ctica con nosotros.","publisher":{"@id":"https:\/\/endoscopiaterapeutica.net\/es\/#organization"},"potentialAction":[{"@type":"SearchAction","target":{"@type":"EntryPoint","urlTemplate":"https:\/\/endoscopiaterapeutica.net\/es\/?s={search_term_string}"},"query-input":{"@type":"PropertyValueSpecification","valueRequired":true,"valueName":"search_term_string"}}],"inLanguage":"es"},{"@type":"Organization","@id":"https:\/\/endoscopiaterapeutica.net\/es\/#organization","name":"Endoscopia Terapeutica","url":"https:\/\/endoscopiaterapeutica.net\/es\/","logo":{"@type":"ImageObject","inLanguage":"es","@id":"https:\/\/endoscopiaterapeutica.net\/es\/#\/schema\/logo\/image\/","url":"https:\/\/endoscopiaterapeutica.net\/es\/wp-content\/uploads\/2023\/09\/endter.jpg","contentUrl":"https:\/\/endoscopiaterapeutica.net\/es\/wp-content\/uploads\/2023\/09\/endter.jpg","width":720,"height":721,"caption":"Endoscopia Terapeutica"},"image":{"@id":"https:\/\/endoscopiaterapeutica.net\/es\/#\/schema\/logo\/image\/"},"sameAs":["https:\/\/www.facebook.com\/endoscopiaterapeuticaes","https:\/\/www.instagram.com\/endoscopia_terapeutica\/","https:\/\/www.youtube.com\/@endoscopyonline"]}]}},"_links":{"self":[{"href":"https:\/\/endoscopiaterapeutica.net\/es\/wp-json\/wp\/v2\/pages\/7759","targetHints":{"allow":["GET"]}}],"collection":[{"href":"https:\/\/endoscopiaterapeutica.net\/es\/wp-json\/wp\/v2\/pages"}],"about":[{"href":"https:\/\/endoscopiaterapeutica.net\/es\/wp-json\/wp\/v2\/types\/page"}],"author":[{"embeddable":true,"href":"https:\/\/endoscopiaterapeutica.net\/es\/wp-json\/wp\/v2\/users\/1"}],"replies":[{"embeddable":true,"href":"https:\/\/endoscopiaterapeutica.net\/es\/wp-json\/wp\/v2\/comments?post=7759"}],"version-history":[{"count":10,"href":"https:\/\/endoscopiaterapeutica.net\/es\/wp-json\/wp\/v2\/pages\/7759\/revisions"}],"predecessor-version":[{"id":18695,"href":"https:\/\/endoscopiaterapeutica.net\/es\/wp-json\/wp\/v2\/pages\/7759\/revisions\/18695"}],"wp:attachment":[{"href":"https:\/\/endoscopiaterapeutica.net\/es\/wp-json\/wp\/v2\/media?parent=7759"}],"curies":[{"name":"wp","href":"https:\/\/api.w.org\/{rel}","templated":true}]}}