{"id":2782,"date":"2021-06-13T17:32:13","date_gmt":"2021-06-13T17:32:13","guid":{"rendered":"https:\/\/endoscopiaterapeutica.net\/es\/?page_id=2782"},"modified":"2024-01-11T12:26:43","modified_gmt":"2024-01-11T12:26:43","slug":"envia-tu-articulo","status":"publish","type":"page","link":"https:\/\/endoscopiaterapeutica.net\/es\/envia-tu-articulo\/","title":{"rendered":"Env\u00eda tu Art\u00edculo"},"content":{"rendered":"\t\t<div data-elementor-type=\"wp-page\" data-elementor-id=\"2782\" class=\"elementor elementor-2782\">\n\t\t\t\t\t\t<section class=\"penci-section penci-disSticky penci-structure-10 elementor-section elementor-top-section elementor-element elementor-element-4b77e57 elementor-section-boxed elementor-section-height-default elementor-section-height-default\" data-id=\"4b77e57\" data-element_type=\"section\" data-e-type=\"section\">\n\t\t\t\t\t\t<div class=\"elementor-container elementor-column-gap-default\">\n\t\t\t\t\t<div class=\"penci-ercol-100 penci-ercol-order-1 penci-sticky-ct    elementor-column elementor-col-100 elementor-top-column elementor-element elementor-element-39f01ea\" data-id=\"39f01ea\" data-element_type=\"column\" data-e-type=\"column\">\n\t\t\t<div class=\"elementor-widget-wrap elementor-element-populated\">\n\t\t\t\t\t\t<div class=\"elementor-element elementor-element-60ab935 elementor-widget elementor-widget-text-editor\" data-id=\"60ab935\" data-element_type=\"widget\" data-e-type=\"widget\" data-widget_type=\"text-editor.default\">\n\t\t\t\t<div class=\"elementor-widget-container\">\n\t\t\t\t\t\t\t\t\t<a class=\"popup-wt pum-trigger\" style=\"font-size: 15px; font-weight: bold; margin-bottom: 26px; display: block; cursor: pointer;\"><strong class=\"popup-inst-sub\">Confira as regras de submiss\u00e3o<\/strong><\/a>\n\n\n<div class=\"wpcf7 no-js\" id=\"wpcf7-f2781-o1\" lang=\"pt-BR\" dir=\"ltr\" data-wpcf7-id=\"2781\">\n<div class=\"screen-reader-response\"><p role=\"status\" aria-live=\"polite\" aria-atomic=\"true\"><\/p> <ul><\/ul><\/div>\n<form action=\"\/es\/wp-json\/wp\/v2\/pages\/2782#wpcf7-f2781-o1\" method=\"post\" class=\"wpcf7-form init e699e5f316ed cmatic-disconn cmatic-aud-0 cmatic-mapd0-0 cmatic-v0978 cmatic-sent-0 cmatic-total-0\" aria-label=\"Formul\u00e1rios de contato\" enctype=\"multipart\/form-data\" novalidate=\"novalidate\" data-status=\"init\">\n<fieldset class=\"hidden-fields-container\"><input type=\"hidden\" name=\"_wpcf7\" value=\"2781\" \/><input type=\"hidden\" name=\"_wpcf7_version\" value=\"6.1.5\" \/><input type=\"hidden\" name=\"_wpcf7_locale\" value=\"pt_BR\" \/><input type=\"hidden\" name=\"_wpcf7_unit_tag\" value=\"wpcf7-f2781-o1\" \/><input type=\"hidden\" name=\"_wpcf7_container_post\" value=\"0\" \/><input type=\"hidden\" name=\"_wpcf7_posted_data_hash\" value=\"\" \/><input type=\"hidden\" name=\"_wpcf7_recaptcha_response\" value=\"\" \/>\n<\/fieldset>\n<p><label> Nome do autor*<br \/>\n<span class=\"wpcf7-form-control-wrap\" data-name=\"nome-autor\"><input size=\"40\" maxlength=\"400\" class=\"wpcf7-form-control wpcf7-text wpcf7-validates-as-required\" aria-required=\"true\" aria-invalid=\"false\" value=\"\" type=\"text\" name=\"nome-autor\" \/><\/span> <\/label>\n<\/p>\n<p><label> Nome(s) do(s) co-autor(es) se houver<br \/>\n<span class=\"wpcf7-form-control-wrap\" data-name=\"nomes-coautores\"><input size=\"40\" maxlength=\"400\" class=\"wpcf7-form-control wpcf7-text wpcf7-validates-as-required\" aria-required=\"true\" aria-invalid=\"false\" value=\"\" type=\"text\" name=\"nomes-coautores\" \/><\/span> <\/label>\n<\/p>\n<p><label> E-mail*<br \/>\n<span class=\"wpcf7-form-control-wrap\" data-name=\"email\"><input size=\"40\" maxlength=\"400\" class=\"wpcf7-form-control wpcf7-email wpcf7-validates-as-required wpcf7-text wpcf7-validates-as-email\" aria-required=\"true\" aria-invalid=\"false\" value=\"\" type=\"email\" name=\"email\" \/><\/span> <\/label>\n<\/p>\n<p>Categorias do artigo*<br \/>\n<span class=\"wpcf7-form-control-wrap\" data-name=\"categorias\"><span class=\"wpcf7-form-control wpcf7-checkbox\"><span class=\"wpcf7-list-item first\"><label><input type=\"checkbox\" name=\"categorias[]\" value=\"Assuntos Gerais\" \/><span class=\"wpcf7-list-item-label\">Assuntos Gerais<\/span><\/label><\/span><span class=\"wpcf7-list-item\"><label><input type=\"checkbox\" name=\"categorias[]\" value=\"Caso Cl\u00ednico\" \/><span class=\"wpcf7-list-item-label\">Caso Cl\u00ednico<\/span><\/label><\/span><span class=\"wpcf7-list-item last\"><label><input type=\"checkbox\" name=\"categorias[]\" value=\"Quiz\" \/><span class=\"wpcf7-list-item-label\">Quiz<\/span><\/label><\/span><\/span><\/span>\n<\/p>\n<p><label> Palavras-chave* (separe por v\u00edrgula)<br \/>\n<span class=\"wpcf7-form-control-wrap\" data-name=\"keywords\"><input size=\"40\" maxlength=\"400\" class=\"wpcf7-form-control wpcf7-text wpcf7-validates-as-required\" aria-required=\"true\" aria-invalid=\"false\" value=\"\" type=\"text\" name=\"keywords\" \/><\/span> <\/label>\n<\/p>\n<p><label> Link para v\u00eddeo (We Transfer, OneDrive ou Google Drive)<br \/>\n<span class=\"wpcf7-form-control-wrap\" data-name=\"wetransfer\"><input size=\"40\" maxlength=\"400\" class=\"wpcf7-form-control wpcf7-text\" aria-invalid=\"false\" value=\"\" type=\"text\" name=\"wetransfer\" \/><\/span><\/label><br \/>\n<a class=\"popup-wt\" style=\"font-size: 12px;font-weight: bold;margin-bottom: 26px;display: block;\">Saiba como usar o We Transfer<\/a>\n<\/p>\n<p><label> Resumo do artigo (m\u00e1ximo 150 caracteres).*<br \/>\n<span class=\"wpcf7-form-control-wrap\" data-name=\"mensagem\"><textarea cols=\"40\" rows=\"10\" maxlength=\"150\" class=\"wpcf7-form-control wpcf7-textarea wpcf7-validates-as-required\" aria-required=\"true\" aria-invalid=\"false\" name=\"mensagem\"><\/textarea><\/span><\/label>\n<\/p>\n<p style=\"margin-top: -21px;margin-bottom: 30px;font-size: 12px;\"><span class=\"wpcf7-character-count down\" data-target-name=\"mensagem\" data-starting-value=\"150\" data-current-value=\"150\" data-maximum-value=\"150\">150<\/span> caracteres restantes\n<\/p>\n<p>Voc\u00ea deve preencher e enviar o <a href=\"https:\/\/app.zapsign.com.br\/verificar\/doc\/56c7c2b3-286c-4861-89da-b1f8a1a76177\" target=\"_blank\">TERMO DE CESS\u00c3O DE DIREITOS AUTORAIS E AUTORIZA\u00c7\u00c3O PARA PUBLICA\u00c7\u00c3O EM MEIO ELETR\u00d4NICO <i class=\"fa fa-external-link\"><\/i><\/a>\n<\/p>\n<p><label> Anexe o artigo em Word, as imagens e o termo assinado (m\u00e1x 10 mb)* :<br \/>\n<div id=\"mfcf7_zl_multifilecontainer\"><span class=\"mfcf7-zl-multiline-sample\" style=\"display:none\"><p class=\"wpcf7-form-control-wrap multilinefile\"><input size=\"40\" class=\"wpcf7-form-control wpcf7-multilinefile\" multiple=\"multiple\" value=\"Inserir arquivos\" aria-invalid=\"false\" type=\"file\" name=\"multilinefile[]\" \/> <span class=\"mfcf7-zl-multifile-name\"><\/span><a href=\"javascript:void(0);\" class=\"mfcf7_zl_delete_file\"><span class=\"delete-file\" aria-hidden=\"true\">&#x274C;<\/span><\/a><\/p><\/span><\/div><span class=\"wpcf7-form-control-wrap zl-form-control-wrap multilinefile\"><input size=\"40\" class=\"wpcf7-form-control wpcf7-multilinefile\" multiple=\"multiple\" value=\"Inserir arquivos\" aria-invalid=\"false\" type=\"file\" name=\"multilinefile[]\" \/> <span class=\"mfcf7-zl-multifile-name\"><\/span><a href=\"javascript:void(0);\" class=\"mfcf7_zl_delete_file\"><span class=\"delete-file\" aria-hidden=\"true\">&#x274C;<\/span><\/a><\/span><p><label><span class=\"wpcf7-form-control-wrap\" data-name=\"multilinefile-zl-mfcf7-upld-btn\"><input type=\"button\" name=\"multilinefile-zl-mfcf7-upld-btn\" class=\"button button-primary qbutton\" id=\"mfcf7_zl_add_file\" value=\"Inserir arquivos\"><\/span><\/label><\/p><br \/>\n<\/label>\n<\/p>\n<div style=\"height: 30px; width: 100%;\">\n<\/div>\n<p>Aten\u00e7\u00e3o no preenchimento dos campos e no upload dos arquivos. N\u00e3o \u00e9 poss\u00edvel voltar ap\u00f3s o envio do artigo.\n<\/p>\n<div style=\"height: 30px; width: 100%;\">\n<\/div>\n<p><input class=\"wpcf7-form-control wpcf7-submit has-spinner\" type=\"submit\" value=\"Enviar\" \/>\n<\/p><input type='hidden' class='wpcf7-pum' value='{\"closepopup\":false,\"closedelay\":0,\"openpopup\":false,\"openpopup_id\":0}' \/><div class=\"wpcf7-response-output\" aria-hidden=\"true\"><\/div>\n<\/form>\n<\/div>\n\t\t\t\t\t\t\t\t<\/div>\n\t\t\t\t<\/div>\n\t\t\t\t\t<\/div>\n\t\t<\/div>\n\t\t\t\t\t<\/div>\n\t\t<\/section>\n\t\t\t\t<\/div>\n\t\t","protected":false},"excerpt":{"rendered":"<p>Confira as regras de submiss\u00e3o<\/p>\n","protected":false},"author":1,"featured_media":0,"parent":0,"menu_order":0,"comment_status":"closed","ping_status":"closed","template":"elementor_theme","meta":{"_lmt_disableupdate":"","_lmt_disable":"","footnotes":""},"class_list":["post-2782","page","type-page","status-publish","hentry"],"yoast_head":"<!-- This site is optimized with the Yoast SEO Premium plugin v27.2 (Yoast SEO v27.3) - https:\/\/yoast.com\/product\/yoast-seo-premium-wordpress\/ -->\n<title>Env\u00eda tu Art\u00edculo &#8226; Endoscopia Terapeutica<\/title>\n<meta name=\"robots\" content=\"index, follow, max-snippet:-1, max-image-preview:large, max-video-preview:-1\" \/>\n<link rel=\"canonical\" href=\"https:\/\/endoscopiaterapeutica.net\/es\/envia-tu-articulo\/\" \/>\n<meta property=\"og:locale\" content=\"es_ES\" \/>\n<meta property=\"og:type\" content=\"article\" \/>\n<meta property=\"og:title\" content=\"Env\u00eda tu Art\u00edculo\" \/>\n<meta property=\"og:description\" content=\"Confira as regras de submiss\u00e3o\" \/>\n<meta property=\"og:url\" content=\"https:\/\/endoscopiaterapeutica.net\/es\/envia-tu-articulo\/\" \/>\n<meta property=\"og:site_name\" content=\"Endoscopia Terapeutica\" \/>\n<meta property=\"article:publisher\" content=\"https:\/\/www.facebook.com\/endoscopiaterapeuticaes\" \/>\n<meta property=\"article:modified_time\" content=\"2024-01-11T12:26:43+00:00\" \/>\n<meta name=\"twitter:card\" content=\"summary_large_image\" \/>\n<meta name=\"twitter:label1\" content=\"Tiempo de lectura\" \/>\n\t<meta name=\"twitter:data1\" content=\"1 minuto\" \/>\n<script type=\"application\/ld+json\" class=\"yoast-schema-graph\">{\"@context\":\"https:\\\/\\\/schema.org\",\"@graph\":[{\"@type\":\"WebPage\",\"@id\":\"https:\\\/\\\/endoscopiaterapeutica.net\\\/es\\\/envia-tu-articulo\\\/\",\"url\":\"https:\\\/\\\/endoscopiaterapeutica.net\\\/es\\\/envia-tu-articulo\\\/\",\"name\":\"Env\u00eda tu Art\u00edculo &#8226; Endoscopia Terapeutica\",\"isPartOf\":{\"@id\":\"https:\\\/\\\/endoscopiaterapeutica.net\\\/es\\\/#website\"},\"datePublished\":\"2021-06-13T17:32:13+00:00\",\"dateModified\":\"2024-01-11T12:26:43+00:00\",\"breadcrumb\":{\"@id\":\"https:\\\/\\\/endoscopiaterapeutica.net\\\/es\\\/envia-tu-articulo\\\/#breadcrumb\"},\"inLanguage\":\"es\",\"potentialAction\":[{\"@type\":\"ReadAction\",\"target\":[\"https:\\\/\\\/endoscopiaterapeutica.net\\\/es\\\/envia-tu-articulo\\\/\"]}]},{\"@type\":\"BreadcrumbList\",\"@id\":\"https:\\\/\\\/endoscopiaterapeutica.net\\\/es\\\/envia-tu-articulo\\\/#breadcrumb\",\"itemListElement\":[{\"@type\":\"ListItem\",\"position\":1,\"name\":\"Home\",\"item\":\"https:\\\/\\\/endoscopiaterapeutica.net\\\/es\\\/\"},{\"@type\":\"ListItem\",\"position\":2,\"name\":\"Env\u00eda tu Art\u00edculo\"}]},{\"@type\":\"WebSite\",\"@id\":\"https:\\\/\\\/endoscopiaterapeutica.net\\\/es\\\/#website\",\"url\":\"https:\\\/\\\/endoscopiaterapeutica.net\\\/es\\\/\",\"name\":\"Endoscopia Terapeutica\",\"description\":\"Uniendo conocimiento acad\u00e9mico con habilidad cl\u00ednica, Endoscopia Terap\u00eautica es tu gu\u00eda para el progreso en endoscopia digestiva. Educa y enriquece tu pr\u00e1ctica con nosotros.\",\"publisher\":{\"@id\":\"https:\\\/\\\/endoscopiaterapeutica.net\\\/es\\\/#organization\"},\"potentialAction\":[{\"@type\":\"SearchAction\",\"target\":{\"@type\":\"EntryPoint\",\"urlTemplate\":\"https:\\\/\\\/endoscopiaterapeutica.net\\\/es\\\/?s={search_term_string}\"},\"query-input\":{\"@type\":\"PropertyValueSpecification\",\"valueRequired\":true,\"valueName\":\"search_term_string\"}}],\"inLanguage\":\"es\"},{\"@type\":\"Organization\",\"@id\":\"https:\\\/\\\/endoscopiaterapeutica.net\\\/es\\\/#organization\",\"name\":\"Endoscopia Terapeutica\",\"url\":\"https:\\\/\\\/endoscopiaterapeutica.net\\\/es\\\/\",\"logo\":{\"@type\":\"ImageObject\",\"inLanguage\":\"es\",\"@id\":\"https:\\\/\\\/endoscopiaterapeutica.net\\\/es\\\/#\\\/schema\\\/logo\\\/image\\\/\",\"url\":\"https:\\\/\\\/endoscopiaterapeutica.net\\\/es\\\/wp-content\\\/uploads\\\/2023\\\/09\\\/endter.jpg\",\"contentUrl\":\"https:\\\/\\\/endoscopiaterapeutica.net\\\/es\\\/wp-content\\\/uploads\\\/2023\\\/09\\\/endter.jpg\",\"width\":720,\"height\":721,\"caption\":\"Endoscopia Terapeutica\"},\"image\":{\"@id\":\"https:\\\/\\\/endoscopiaterapeutica.net\\\/es\\\/#\\\/schema\\\/logo\\\/image\\\/\"},\"sameAs\":[\"https:\\\/\\\/www.facebook.com\\\/endoscopiaterapeuticaes\",\"https:\\\/\\\/www.instagram.com\\\/endoscopia_terapeutica\\\/\",\"https:\\\/\\\/www.youtube.com\\\/@endoscopyonline\"]}]}<\/script>\n<!-- \/ Yoast SEO Premium plugin. -->","yoast_head_json":{"title":"Env\u00eda tu Art\u00edculo &#8226; Endoscopia Terapeutica","robots":{"index":"index","follow":"follow","max-snippet":"max-snippet:-1","max-image-preview":"max-image-preview:large","max-video-preview":"max-video-preview:-1"},"canonical":"https:\/\/endoscopiaterapeutica.net\/es\/envia-tu-articulo\/","og_locale":"es_ES","og_type":"article","og_title":"Env\u00eda tu Art\u00edculo","og_description":"Confira as regras de submiss\u00e3o","og_url":"https:\/\/endoscopiaterapeutica.net\/es\/envia-tu-articulo\/","og_site_name":"Endoscopia Terapeutica","article_publisher":"https:\/\/www.facebook.com\/endoscopiaterapeuticaes","article_modified_time":"2024-01-11T12:26:43+00:00","twitter_card":"summary_large_image","twitter_misc":{"Tiempo de lectura":"1 minuto"},"schema":{"@context":"https:\/\/schema.org","@graph":[{"@type":"WebPage","@id":"https:\/\/endoscopiaterapeutica.net\/es\/envia-tu-articulo\/","url":"https:\/\/endoscopiaterapeutica.net\/es\/envia-tu-articulo\/","name":"Env\u00eda tu Art\u00edculo &#8226; Endoscopia Terapeutica","isPartOf":{"@id":"https:\/\/endoscopiaterapeutica.net\/es\/#website"},"datePublished":"2021-06-13T17:32:13+00:00","dateModified":"2024-01-11T12:26:43+00:00","breadcrumb":{"@id":"https:\/\/endoscopiaterapeutica.net\/es\/envia-tu-articulo\/#breadcrumb"},"inLanguage":"es","potentialAction":[{"@type":"ReadAction","target":["https:\/\/endoscopiaterapeutica.net\/es\/envia-tu-articulo\/"]}]},{"@type":"BreadcrumbList","@id":"https:\/\/endoscopiaterapeutica.net\/es\/envia-tu-articulo\/#breadcrumb","itemListElement":[{"@type":"ListItem","position":1,"name":"Home","item":"https:\/\/endoscopiaterapeutica.net\/es\/"},{"@type":"ListItem","position":2,"name":"Env\u00eda tu Art\u00edculo"}]},{"@type":"WebSite","@id":"https:\/\/endoscopiaterapeutica.net\/es\/#website","url":"https:\/\/endoscopiaterapeutica.net\/es\/","name":"Endoscopia Terapeutica","description":"Uniendo conocimiento acad\u00e9mico con habilidad cl\u00ednica, Endoscopia Terap\u00eautica es tu gu\u00eda para el progreso en endoscopia digestiva. Educa y enriquece tu pr\u00e1ctica con nosotros.","publisher":{"@id":"https:\/\/endoscopiaterapeutica.net\/es\/#organization"},"potentialAction":[{"@type":"SearchAction","target":{"@type":"EntryPoint","urlTemplate":"https:\/\/endoscopiaterapeutica.net\/es\/?s={search_term_string}"},"query-input":{"@type":"PropertyValueSpecification","valueRequired":true,"valueName":"search_term_string"}}],"inLanguage":"es"},{"@type":"Organization","@id":"https:\/\/endoscopiaterapeutica.net\/es\/#organization","name":"Endoscopia Terapeutica","url":"https:\/\/endoscopiaterapeutica.net\/es\/","logo":{"@type":"ImageObject","inLanguage":"es","@id":"https:\/\/endoscopiaterapeutica.net\/es\/#\/schema\/logo\/image\/","url":"https:\/\/endoscopiaterapeutica.net\/es\/wp-content\/uploads\/2023\/09\/endter.jpg","contentUrl":"https:\/\/endoscopiaterapeutica.net\/es\/wp-content\/uploads\/2023\/09\/endter.jpg","width":720,"height":721,"caption":"Endoscopia Terapeutica"},"image":{"@id":"https:\/\/endoscopiaterapeutica.net\/es\/#\/schema\/logo\/image\/"},"sameAs":["https:\/\/www.facebook.com\/endoscopiaterapeuticaes","https:\/\/www.instagram.com\/endoscopia_terapeutica\/","https:\/\/www.youtube.com\/@endoscopyonline"]}]}},"_links":{"self":[{"href":"https:\/\/endoscopiaterapeutica.net\/es\/wp-json\/wp\/v2\/pages\/2782","targetHints":{"allow":["GET"]}}],"collection":[{"href":"https:\/\/endoscopiaterapeutica.net\/es\/wp-json\/wp\/v2\/pages"}],"about":[{"href":"https:\/\/endoscopiaterapeutica.net\/es\/wp-json\/wp\/v2\/types\/page"}],"author":[{"embeddable":true,"href":"https:\/\/endoscopiaterapeutica.net\/es\/wp-json\/wp\/v2\/users\/1"}],"replies":[{"embeddable":true,"href":"https:\/\/endoscopiaterapeutica.net\/es\/wp-json\/wp\/v2\/comments?post=2782"}],"version-history":[{"count":15,"href":"https:\/\/endoscopiaterapeutica.net\/es\/wp-json\/wp\/v2\/pages\/2782\/revisions"}],"predecessor-version":[{"id":18280,"href":"https:\/\/endoscopiaterapeutica.net\/es\/wp-json\/wp\/v2\/pages\/2782\/revisions\/18280"}],"wp:attachment":[{"href":"https:\/\/endoscopiaterapeutica.net\/es\/wp-json\/wp\/v2\/media?parent=2782"}],"curies":[{"name":"wp","href":"https:\/\/api.w.org\/{rel}","templated":true}]}}