{"id":2053,"date":"2021-05-05T02:55:42","date_gmt":"2021-05-05T02:55:42","guid":{"rendered":"https:\/\/endoscopiaterapeutica.net\/es\/?page_id=2053"},"modified":"2024-01-17T00:28:41","modified_gmt":"2024-01-17T00:28:41","slug":"sobre","status":"publish","type":"page","link":"https:\/\/endoscopiaterapeutica.net\/es\/sobre\/","title":{"rendered":"Sobre"},"content":{"rendered":"\t\t<div data-elementor-type=\"wp-page\" data-elementor-id=\"2053\" class=\"elementor elementor-2053\">\n\t\t\t\t\t\t<section class=\"penci-section penci-disSticky penci-structure-10 elementor-section elementor-top-section elementor-element elementor-element-4b77e57 elementor-section-boxed elementor-section-height-default elementor-section-height-default\" data-id=\"4b77e57\" data-element_type=\"section\" data-e-type=\"section\">\n\t\t\t\t\t\t<div class=\"elementor-container elementor-column-gap-default\">\n\t\t\t\t\t<div class=\"penci-ercol-100 penci-ercol-order-1 penci-sticky-ct    elementor-column elementor-col-100 elementor-top-column elementor-element elementor-element-39f01ea\" data-id=\"39f01ea\" data-element_type=\"column\" data-e-type=\"column\">\n\t\t\t<div class=\"elementor-widget-wrap elementor-element-populated\">\n\t\t\t\t\t\t<div class=\"elementor-element elementor-element-3ca1613 elementor-widget elementor-widget-text-editor\" data-id=\"3ca1613\" data-element_type=\"widget\" data-e-type=\"widget\" data-widget_type=\"text-editor.default\">\n\t\t\t\t<div class=\"elementor-widget-container\">\n\t\t\t\t\t\t\t\t\t<p>El Peri\u00f3dico Endoscopia Terap\u00e9utica tiene como objetivo compartir experiencias de la pr\u00e1ctica diaria, adem\u00e1s de proporcionar actualizaciones a trav\u00e9s de <a href=\"https:\/\/endoscopiaterapeutica.net\/es\/articulos-comentados\/\"><strong>Art\u00edculos<\/strong><\/a>, <strong>Revisiones<\/strong>, <a href=\"https:\/\/endoscopiaterapeutica.net\/es\/casos-clinicos\/\"><strong>Casos cl\u00ednicos<\/strong><\/a>, <a href=\"https:\/\/endoscopiaterapeutica.net\/es\/directrices\/\"><strong>Directrices<\/strong><\/a> y discusiones sobre endoscopia digestiva.<\/p><p>En esta plataforma en l\u00ednea, podr\u00e1 consultar diversas patolog\u00edas, adem\u00e1s de tener acceso a consejos sobre procedimientos terap\u00e9uticos que buscan optimizar su pr\u00e1ctica cl\u00ednica.<\/p><p>Endoscopia Terap\u00e9utica tiene publicaciones de periodicidad semanal, realizadas por el Centro de Estudio del Aparato Digestivo (CEADI) con el apoyo de la empresa IN GASTRO, que tambi\u00e9n realiza cursos de ense\u00f1anza y actualizaci\u00f3n en el \u00e1rea m\u00e9dica.<\/p><p>ISSN: 2764-1694<\/p>\t\t\t\t\t\t\t\t<\/div>\n\t\t\t\t<\/div>\n\t\t\t\t\t<\/div>\n\t\t<\/div>\n\t\t\t\t\t<\/div>\n\t\t<\/section>\n\t\t\t\t<\/div>\n\t\t","protected":false},"excerpt":{"rendered":"<p>El Peri\u00f3dico Endoscopia Terap\u00e9utica tiene como objetivo compartir experiencias de la pr\u00e1ctica diaria, adem\u00e1s&hellip;<\/p>\n","protected":false},"author":1,"featured_media":0,"parent":0,"menu_order":0,"comment_status":"closed","ping_status":"closed","template":"elementor_theme","meta":{"_lmt_disableupdate":"","_lmt_disable":"","footnotes":""},"class_list":["post-2053","page","type-page","status-publish","hentry"],"yoast_head":"<!-- This site is optimized with the Yoast SEO Premium plugin v27.2 (Yoast SEO v27.3) - https:\/\/yoast.com\/product\/yoast-seo-premium-wordpress\/ -->\n<title>Sobre &#8226; Endoscopia Terapeutica<\/title>\n<meta name=\"robots\" content=\"noindex, follow\" \/>\n<meta property=\"og:locale\" content=\"es_ES\" \/>\n<meta property=\"og:type\" content=\"article\" \/>\n<meta property=\"og:title\" content=\"Sobre\" \/>\n<meta property=\"og:description\" content=\"El Peri\u00f3dico Endoscopia Terap\u00e9utica tiene como objetivo compartir experiencias de la pr\u00e1ctica diaria, adem\u00e1s de proporcionar actualizaciones a trav\u00e9s de\" \/>\n<meta property=\"og:url\" content=\"https:\/\/endoscopiaterapeutica.net\/es\/sobre\/\" \/>\n<meta property=\"og:site_name\" content=\"Endoscopia Terapeutica\" \/>\n<meta property=\"article:publisher\" content=\"https:\/\/www.facebook.com\/endoscopiaterapeuticaes\" \/>\n<meta property=\"article:modified_time\" content=\"2024-01-17T00:28:41+00:00\" \/>\n<meta name=\"twitter:card\" content=\"summary_large_image\" \/>\n<meta name=\"twitter:label1\" content=\"Tiempo de lectura\" \/>\n\t<meta name=\"twitter:data1\" content=\"1 minuto\" \/>\n<script type=\"application\/ld+json\" class=\"yoast-schema-graph\">{\"@context\":\"https:\\\/\\\/schema.org\",\"@graph\":[{\"@type\":\"WebPage\",\"@id\":\"https:\\\/\\\/endoscopiaterapeutica.net\\\/es\\\/sobre\\\/\",\"url\":\"https:\\\/\\\/endoscopiaterapeutica.net\\\/es\\\/sobre\\\/\",\"name\":\"Sobre &#8226; Endoscopia Terapeutica\",\"isPartOf\":{\"@id\":\"https:\\\/\\\/endoscopiaterapeutica.net\\\/es\\\/#website\"},\"datePublished\":\"2021-05-05T02:55:42+00:00\",\"dateModified\":\"2024-01-17T00:28:41+00:00\",\"breadcrumb\":{\"@id\":\"https:\\\/\\\/endoscopiaterapeutica.net\\\/es\\\/sobre\\\/#breadcrumb\"},\"inLanguage\":\"es\",\"potentialAction\":[{\"@type\":\"ReadAction\",\"target\":[\"https:\\\/\\\/endoscopiaterapeutica.net\\\/es\\\/sobre\\\/\"]}]},{\"@type\":\"BreadcrumbList\",\"@id\":\"https:\\\/\\\/endoscopiaterapeutica.net\\\/es\\\/sobre\\\/#breadcrumb\",\"itemListElement\":[{\"@type\":\"ListItem\",\"position\":1,\"name\":\"Home\",\"item\":\"https:\\\/\\\/endoscopiaterapeutica.net\\\/es\\\/\"},{\"@type\":\"ListItem\",\"position\":2,\"name\":\"Sobre\"}]},{\"@type\":\"WebSite\",\"@id\":\"https:\\\/\\\/endoscopiaterapeutica.net\\\/es\\\/#website\",\"url\":\"https:\\\/\\\/endoscopiaterapeutica.net\\\/es\\\/\",\"name\":\"Endoscopia Terapeutica\",\"description\":\"Uniendo conocimiento acad\u00e9mico con habilidad cl\u00ednica, Endoscopia Terap\u00eautica es tu gu\u00eda para el progreso en endoscopia digestiva. Educa y enriquece tu pr\u00e1ctica con nosotros.\",\"publisher\":{\"@id\":\"https:\\\/\\\/endoscopiaterapeutica.net\\\/es\\\/#organization\"},\"potentialAction\":[{\"@type\":\"SearchAction\",\"target\":{\"@type\":\"EntryPoint\",\"urlTemplate\":\"https:\\\/\\\/endoscopiaterapeutica.net\\\/es\\\/?s={search_term_string}\"},\"query-input\":{\"@type\":\"PropertyValueSpecification\",\"valueRequired\":true,\"valueName\":\"search_term_string\"}}],\"inLanguage\":\"es\"},{\"@type\":\"Organization\",\"@id\":\"https:\\\/\\\/endoscopiaterapeutica.net\\\/es\\\/#organization\",\"name\":\"Endoscopia Terapeutica\",\"url\":\"https:\\\/\\\/endoscopiaterapeutica.net\\\/es\\\/\",\"logo\":{\"@type\":\"ImageObject\",\"inLanguage\":\"es\",\"@id\":\"https:\\\/\\\/endoscopiaterapeutica.net\\\/es\\\/#\\\/schema\\\/logo\\\/image\\\/\",\"url\":\"https:\\\/\\\/endoscopiaterapeutica.net\\\/es\\\/wp-content\\\/uploads\\\/2023\\\/09\\\/endter.jpg\",\"contentUrl\":\"https:\\\/\\\/endoscopiaterapeutica.net\\\/es\\\/wp-content\\\/uploads\\\/2023\\\/09\\\/endter.jpg\",\"width\":720,\"height\":721,\"caption\":\"Endoscopia Terapeutica\"},\"image\":{\"@id\":\"https:\\\/\\\/endoscopiaterapeutica.net\\\/es\\\/#\\\/schema\\\/logo\\\/image\\\/\"},\"sameAs\":[\"https:\\\/\\\/www.facebook.com\\\/endoscopiaterapeuticaes\",\"https:\\\/\\\/www.instagram.com\\\/endoscopia_terapeutica\\\/\",\"https:\\\/\\\/www.youtube.com\\\/@endoscopyonline\"]}]}<\/script>\n<!-- \/ Yoast SEO Premium plugin. -->","yoast_head_json":{"title":"Sobre &#8226; Endoscopia Terapeutica","robots":{"index":"noindex","follow":"follow"},"og_locale":"es_ES","og_type":"article","og_title":"Sobre","og_description":"El Peri\u00f3dico Endoscopia Terap\u00e9utica tiene como objetivo compartir experiencias de la pr\u00e1ctica diaria, adem\u00e1s de proporcionar actualizaciones a trav\u00e9s de","og_url":"https:\/\/endoscopiaterapeutica.net\/es\/sobre\/","og_site_name":"Endoscopia Terapeutica","article_publisher":"https:\/\/www.facebook.com\/endoscopiaterapeuticaes","article_modified_time":"2024-01-17T00:28:41+00:00","twitter_card":"summary_large_image","twitter_misc":{"Tiempo de lectura":"1 minuto"},"schema":{"@context":"https:\/\/schema.org","@graph":[{"@type":"WebPage","@id":"https:\/\/endoscopiaterapeutica.net\/es\/sobre\/","url":"https:\/\/endoscopiaterapeutica.net\/es\/sobre\/","name":"Sobre &#8226; Endoscopia Terapeutica","isPartOf":{"@id":"https:\/\/endoscopiaterapeutica.net\/es\/#website"},"datePublished":"2021-05-05T02:55:42+00:00","dateModified":"2024-01-17T00:28:41+00:00","breadcrumb":{"@id":"https:\/\/endoscopiaterapeutica.net\/es\/sobre\/#breadcrumb"},"inLanguage":"es","potentialAction":[{"@type":"ReadAction","target":["https:\/\/endoscopiaterapeutica.net\/es\/sobre\/"]}]},{"@type":"BreadcrumbList","@id":"https:\/\/endoscopiaterapeutica.net\/es\/sobre\/#breadcrumb","itemListElement":[{"@type":"ListItem","position":1,"name":"Home","item":"https:\/\/endoscopiaterapeutica.net\/es\/"},{"@type":"ListItem","position":2,"name":"Sobre"}]},{"@type":"WebSite","@id":"https:\/\/endoscopiaterapeutica.net\/es\/#website","url":"https:\/\/endoscopiaterapeutica.net\/es\/","name":"Endoscopia Terapeutica","description":"Uniendo conocimiento acad\u00e9mico con habilidad cl\u00ednica, Endoscopia Terap\u00eautica es tu gu\u00eda para el progreso en endoscopia digestiva. Educa y enriquece tu pr\u00e1ctica con nosotros.","publisher":{"@id":"https:\/\/endoscopiaterapeutica.net\/es\/#organization"},"potentialAction":[{"@type":"SearchAction","target":{"@type":"EntryPoint","urlTemplate":"https:\/\/endoscopiaterapeutica.net\/es\/?s={search_term_string}"},"query-input":{"@type":"PropertyValueSpecification","valueRequired":true,"valueName":"search_term_string"}}],"inLanguage":"es"},{"@type":"Organization","@id":"https:\/\/endoscopiaterapeutica.net\/es\/#organization","name":"Endoscopia Terapeutica","url":"https:\/\/endoscopiaterapeutica.net\/es\/","logo":{"@type":"ImageObject","inLanguage":"es","@id":"https:\/\/endoscopiaterapeutica.net\/es\/#\/schema\/logo\/image\/","url":"https:\/\/endoscopiaterapeutica.net\/es\/wp-content\/uploads\/2023\/09\/endter.jpg","contentUrl":"https:\/\/endoscopiaterapeutica.net\/es\/wp-content\/uploads\/2023\/09\/endter.jpg","width":720,"height":721,"caption":"Endoscopia Terapeutica"},"image":{"@id":"https:\/\/endoscopiaterapeutica.net\/es\/#\/schema\/logo\/image\/"},"sameAs":["https:\/\/www.facebook.com\/endoscopiaterapeuticaes","https:\/\/www.instagram.com\/endoscopia_terapeutica\/","https:\/\/www.youtube.com\/@endoscopyonline"]}]}},"_links":{"self":[{"href":"https:\/\/endoscopiaterapeutica.net\/es\/wp-json\/wp\/v2\/pages\/2053","targetHints":{"allow":["GET"]}}],"collection":[{"href":"https:\/\/endoscopiaterapeutica.net\/es\/wp-json\/wp\/v2\/pages"}],"about":[{"href":"https:\/\/endoscopiaterapeutica.net\/es\/wp-json\/wp\/v2\/types\/page"}],"author":[{"embeddable":true,"href":"https:\/\/endoscopiaterapeutica.net\/es\/wp-json\/wp\/v2\/users\/1"}],"replies":[{"embeddable":true,"href":"https:\/\/endoscopiaterapeutica.net\/es\/wp-json\/wp\/v2\/comments?post=2053"}],"version-history":[{"count":13,"href":"https:\/\/endoscopiaterapeutica.net\/es\/wp-json\/wp\/v2\/pages\/2053\/revisions"}],"predecessor-version":[{"id":18701,"href":"https:\/\/endoscopiaterapeutica.net\/es\/wp-json\/wp\/v2\/pages\/2053\/revisions\/18701"}],"wp:attachment":[{"href":"https:\/\/endoscopiaterapeutica.net\/es\/wp-json\/wp\/v2\/media?parent=2053"}],"curies":[{"name":"wp","href":"https:\/\/api.w.org\/{rel}","templated":true}]}}