{"id":19073,"date":"2025-01-07T12:13:20","date_gmt":"2025-01-07T12:13:20","guid":{"rendered":"https:\/\/endoscopiaterapeutica.net\/es\/?page_id=19073"},"modified":"2025-09-15T23:46:36","modified_gmt":"2025-09-15T23:46:36","slug":"volumen-i","status":"publish","type":"page","link":"https:\/\/endoscopiaterapeutica.net\/es\/ediciones\/ano-2025\/volumen-i\/","title":{"rendered":"Volumen I"},"content":{"rendered":"\t\t<div data-elementor-type=\"wp-page\" data-elementor-id=\"19073\" class=\"elementor elementor-19073\">\n\t\t\t\t\t\t<section class=\"penci-section penci-disSticky penci-structure-20 elementor-section elementor-top-section elementor-element elementor-element-4407789 navegacao-ano elementor-section-boxed elementor-section-height-default elementor-section-height-default\" data-id=\"4407789\" data-element_type=\"section\" data-e-type=\"section\">\n\t\t\t\t\t\t<div class=\"elementor-container elementor-column-gap-default\">\n\t\t\t\t\t<div class=\"penci-ercol-50 penci-ercol-order-1 penci-sticky-ct    elementor-column elementor-col-50 elementor-top-column elementor-element elementor-element-87cc40d\" data-id=\"87cc40d\" data-element_type=\"column\" data-e-type=\"column\">\n\t\t\t<div class=\"elementor-widget-wrap elementor-element-populated\">\n\t\t\t\t\t\t<div class=\"elementor-element elementor-element-25d55bb elementor-button-info elementor-align-left elementor-widget elementor-widget-button\" data-id=\"25d55bb\" data-element_type=\"widget\" data-e-type=\"widget\" data-widget_type=\"button.default\">\n\t\t\t\t<div class=\"elementor-widget-container\">\n\t\t\t\t\t\t\t\t\t<div class=\"elementor-button-wrapper\">\n\t\t\t\t\t<a class=\"elementor-button elementor-button-link elementor-size-sm\" href=\"https:\/\/endoscopiaterapeutica.net\/es\/edicoes\/ano-2024\/volume-ii\/\">\n\t\t\t\t\t\t<span class=\"elementor-button-content-wrapper\">\n\t\t\t\t\t\t\t\t\t<span class=\"elementor-button-text\"><i class=\"penci-faicon fa fa-angle-double-left\"><\/i> 2024 VOL II<\/span>\n\t\t\t\t\t<\/span>\n\t\t\t\t\t<\/a>\n\t\t\t\t<\/div>\n\t\t\t\t\t\t\t\t<\/div>\n\t\t\t\t<\/div>\n\t\t\t\t\t<\/div>\n\t\t<\/div>\n\t\t\t\t<div class=\"penci-ercol-50 penci-ercol-order-2 penci-sticky-ct    elementor-column elementor-col-50 elementor-top-column elementor-element elementor-element-c26eef4\" data-id=\"c26eef4\" data-element_type=\"column\" data-e-type=\"column\">\n\t\t\t<div class=\"elementor-widget-wrap elementor-element-populated\">\n\t\t\t\t\t\t<div class=\"elementor-element elementor-element-0552f9e elementor-button-info elementor-align-right elementor-widget elementor-widget-button\" data-id=\"0552f9e\" data-element_type=\"widget\" data-e-type=\"widget\" data-widget_type=\"button.default\">\n\t\t\t\t<div class=\"elementor-widget-container\">\n\t\t\t\t\t\t\t\t\t<div class=\"elementor-button-wrapper\">\n\t\t\t\t\t<a class=\"elementor-button elementor-button-link elementor-size-sm\" href=\"https:\/\/endoscopiaterapeutica.net\/es\/edicoes\/ano-2025\/volume-ii\/\">\n\t\t\t\t\t\t<span class=\"elementor-button-content-wrapper\">\n\t\t\t\t\t\t\t\t\t<span class=\"elementor-button-text\">2025 VOL II <i class=\"penci-faicon fa fa-angle-double-right\"><\/i><\/span>\n\t\t\t\t\t<\/span>\n\t\t\t\t\t<\/a>\n\t\t\t\t<\/div>\n\t\t\t\t\t\t\t\t<\/div>\n\t\t\t\t<\/div>\n\t\t\t\t\t<\/div>\n\t\t<\/div>\n\t\t\t\t\t<\/div>\n\t\t<\/section>\n\t\t\t\t<section class=\"penci-section penci-disSticky penci-structure-10 elementor-section elementor-top-section elementor-element elementor-element-3af3f9e elementor-section-boxed elementor-section-height-default elementor-section-height-default\" data-id=\"3af3f9e\" data-element_type=\"section\" data-e-type=\"section\">\n\t\t\t\t\t\t<div class=\"elementor-container elementor-column-gap-default\">\n\t\t\t\t\t<div class=\"penci-ercol-100 penci-ercol-order-1 penci-sticky-ct    elementor-column elementor-col-100 elementor-top-column elementor-element elementor-element-6a91cd1\" data-id=\"6a91cd1\" data-element_type=\"column\" data-e-type=\"column\">\n\t\t\t<div class=\"elementor-widget-wrap elementor-element-populated\">\n\t\t\t\t\t\t<div class=\"elementor-element elementor-element-7d13985 elementor-widget elementor-widget-penci-latest-posts\" data-id=\"7d13985\" data-element_type=\"widget\" data-e-type=\"widget\" data-widget_type=\"penci-latest-posts.default\">\n\t\t\t\t<div class=\"elementor-widget-container\">\n\t\t\t\t\t                <div id=\"pencilatest_posts_2182\" class=\"penci-latest-posts-sc penci-latest-posts-list penci-latest-posts-el penci-el-mixed-s1 penci-std-continue-center penci-std-excerpt-center penci-grid-excerpt-left\">\n\t\t\t\t\t\t\t\t\t\t\t                        <div class=\"penci-border-arrow penci-homepage-title penci-home-latest-posts style-5 pcalign-left pciconp-right pcicon-right\">\n                            <h3 class=\"inner-arrow\">\n                                <span>\n\t\t\t\t\t\t\t\t<span>\u00daltimos Art\u00edculos<\/span>                                <\/span>\n                            <\/h3>\n\t\t\t\t\t\t\t                        <\/div>\n\t\t\t\t\t                    <div class=\"penci-wrapper-posts-ajax\">\n\n                        <div class=\"penci-wrapper-posts-content pwid-default\">\n\n\t\t\t\t\t\t\t\t\t\t\t\t\t\t\t                                <ul data-layout=\"list\"\n                                    class=\"penci-wrapper-data penci-grid penci-shortcode-render\">\t\t\t\t\t\t\t\t\t\t\t\t\t\t\t\t\t\t\t\t\t\t\t\t\t\t\t\t\t<li class=\"list-post penci-item-listp\">\n    <article id=\"post-19015\" class=\"item hentry\">\n\t\t            <div class=\"thumbnail\">\n\t\t\t\t\n\t\t\t\t                    <a class=\"penci-image-holder penci-lazy\"                       data-bgset=\"https:\/\/endoscopiaterapeutica.net\/es\/wp-content\/uploads\/2024\/07\/Imagem-14-06-2025-a\u0300s-08.10-585x390.jpg?v=1749899449\"\n                       href=\"https:\/\/endoscopiaterapeutica.net\/es\/temas-generales\/antitromboticos-antiagregantes-y-anticoagulantes-manejo-en-endoscopia\/\"\n                       title=\"Antitromb\u00f3ticos (Antiagregantes y Anticoagulantes): Manejo en Endoscop\u00eda\">\n                    <\/a>\n\t\t\t\t\n\t\t\t\t\t\t\t\t\t\t\t\t\t\t\t\t\t\t\t\t\t\t\t\t\t\t\t\t\t\t\t\t\t            <\/div>\n\t\t\n        <div class=\"content-list-right content-list-center\">\n            <div class=\"header-list-style\">\n\t\t\t\t                    <span class=\"cat\"><a style=\"\" class=\"penci-cat-name penci-cat-151\" href=\"https:\/\/endoscopiaterapeutica.net\/es\/category\/temas-generales\/\"  rel=\"category tag\"><span style=\"\">Temas generales<\/span><\/a><\/span>\n\t\t\t\t\n                <h2 class=\"penci-entry-title entry-title grid-title penci_grid_title_df\"><a\n                            href=\"https:\/\/endoscopiaterapeutica.net\/es\/temas-generales\/antitromboticos-antiagregantes-y-anticoagulantes-manejo-en-endoscopia\/\">Antitromb\u00f3ticos (Antiagregantes y Anticoagulantes): Manejo en Endoscop\u00eda<\/a>\n                <\/h2>\n\t\t\t\t\t\t\t\t\t\t<div class=\"penci-hide-tagupdated\">\n\t\t\t<span class=\"author-italic author vcard\">por \t\t\t\t\t\t\t\t\t\t<a class=\"author-url url fn n\" href=\"https:\/\/endoscopiaterapeutica.net\/es\/author\/angelo-kum\/?mab_v3=19015\">Angelo So Taa Kum&nbsp;e&nbsp;Cesar Saul Quevedo Penaloza<\/a>\t\t\t\t\t\t\t\t\t<\/span>\n\t\t\t<time class=\"entry-date published\" datetime=\"2025-06-14T14:11:12+00:00\">14\/06\/2025<\/time>\t\t<\/div>\n\t\t\t\t\t\t\t                    <div class=\"grid-post-box-meta\">\n\t\t\t\t\t\t\t\t\t\t\t\t                            <span class=\"otherl-date-author author-italic author vcard\">por                                     <a class=\"author-url url fn n\" href=\"https:\/\/endoscopiaterapeutica.net\/es\/author\/angelo-kum\/?mab_v3=19015\">Angelo So Taa Kum&nbsp;e&nbsp;Cesar Saul Quevedo Penaloza<\/a>\t\t\t\t\t\t\t\t<\/span>\n\t\t\t\t\t\t\t\t\t\t\t\t                            <span class=\"otherl-date\"><time class=\"entry-date published\" datetime=\"2025-06-14T14:11:12+00:00\">14\/06\/2025<\/time><\/span>\n\t\t\t\t\t\t\t\t\t\t\t\t\t\t\t\t\t\t\t\t\t\t\t\t\t\t\t\t\t\t\t\t\t\t\t\t                    <\/div>\n\t\t\t\t            <\/div>\n\n\t\t\t                <div class=\"item-content entry-content\">\n\t\t\t\t\t<p>El t\u00e9rmino antitromb\u00f3tico compila los f\u00e1rmacos que poseen efecto antiagregante plaquetario o anticoagulante. Muchos pacientes han estado usando estas medicaciones continuas en situaciones cl\u00ednicas como fibrilaci\u00f3n auricular, implante de v\u00e1lvulas &#8230;<\/p>\n                <\/div>\n\t\t\t\n\t\t\t                <div class=\"penci-readmore-btn penci-btn-align-left\">\n                    <a class=\"penci-btn-readmore\"\n                       href=\"https:\/\/endoscopiaterapeutica.net\/es\/temas-generales\/antitromboticos-antiagregantes-y-anticoagulantes-manejo-en-endoscopia\/\">Lea mas<i class=\"penci-faicon fa fa-angle-double-right\" ><\/i><\/a>\n                <\/div>\n\t\t\t\n\t\t\t        <\/div>\n\n    <\/article>\n<\/li>\n\n\t\t\t\t\t\t\t\t\t\t\t\t\t\t\t\t\t\t\t\t\t\t\t\t\t\t\t\t<\/ul>\n\t\t\t\t\t\t\t\t\t\t\t\t\t\t\t\t\t\t\t\t\t                        <\/div>\n\n\t\t\t\t\t\t                    <\/div>\n                <\/div>\n\t\t\t            <style>\n                                                                                                                                                                            <\/style>\n\t\t\t\t\t\t\t<\/div>\n\t\t\t\t<\/div>\n\t\t\t\t\t<\/div>\n\t\t<\/div>\n\t\t\t\t\t<\/div>\n\t\t<\/section>\n\t\t\t\t<\/div>\n\t\t","protected":false},"excerpt":{"rendered":"<p>2024 VOL II 2025 VOL II \u00daltimos Art\u00edculos Temas generales Antitromb\u00f3ticos (Antiagregantes y Anticoagulantes):&hellip;<\/p>\n","protected":false},"author":1,"featured_media":0,"parent":19064,"menu_order":0,"comment_status":"closed","ping_status":"closed","template":"elementor_theme","meta":{"_lmt_disableupdate":"","_lmt_disable":"","footnotes":""},"class_list":["post-19073","page","type-page","status-publish","hentry"],"yoast_head":"<!-- This site is optimized with the Yoast SEO Premium plugin v27.2 (Yoast SEO v27.3) - https:\/\/yoast.com\/product\/yoast-seo-premium-wordpress\/ -->\n<title>Volumen I &#8226; Endoscopia Terapeutica<\/title>\n<meta name=\"robots\" content=\"index, follow, max-snippet:-1, max-image-preview:large, max-video-preview:-1\" \/>\n<link rel=\"canonical\" href=\"https:\/\/endoscopiaterapeutica.net\/es\/ediciones\/ano-2025\/volumen-i\/\" \/>\n<meta property=\"og:locale\" content=\"es_ES\" \/>\n<meta property=\"og:type\" content=\"article\" \/>\n<meta property=\"og:title\" content=\"Volumen I\" \/>\n<meta property=\"og:description\" content=\"2024 VOL II 2025 VOL II \u00daltimos Art\u00edculos Temas generales Antitromb\u00f3ticos (Antiagregantes y Anticoagulantes): Manejo en Endoscop\u00eda por Angelo So Taa\" \/>\n<meta property=\"og:url\" content=\"https:\/\/endoscopiaterapeutica.net\/es\/ediciones\/ano-2025\/volumen-i\/\" \/>\n<meta property=\"og:site_name\" content=\"Endoscopia Terapeutica\" \/>\n<meta property=\"article:publisher\" content=\"https:\/\/www.facebook.com\/endoscopiaterapeuticaes\" \/>\n<meta property=\"article:modified_time\" content=\"2025-09-15T23:46:36+00:00\" \/>\n<meta name=\"twitter:card\" content=\"summary_large_image\" \/>\n<meta name=\"twitter:label1\" content=\"Tiempo de lectura\" \/>\n\t<meta name=\"twitter:data1\" content=\"1 minuto\" \/>\n<script type=\"application\/ld+json\" class=\"yoast-schema-graph\">{\"@context\":\"https:\\\/\\\/schema.org\",\"@graph\":[{\"@type\":\"WebPage\",\"@id\":\"https:\\\/\\\/endoscopiaterapeutica.net\\\/es\\\/ediciones\\\/ano-2025\\\/volumen-i\\\/\",\"url\":\"https:\\\/\\\/endoscopiaterapeutica.net\\\/es\\\/ediciones\\\/ano-2025\\\/volumen-i\\\/\",\"name\":\"Volumen I &#8226; Endoscopia Terapeutica\",\"isPartOf\":{\"@id\":\"https:\\\/\\\/endoscopiaterapeutica.net\\\/es\\\/#website\"},\"datePublished\":\"2025-01-07T12:13:20+00:00\",\"dateModified\":\"2025-09-15T23:46:36+00:00\",\"breadcrumb\":{\"@id\":\"https:\\\/\\\/endoscopiaterapeutica.net\\\/es\\\/ediciones\\\/ano-2025\\\/volumen-i\\\/#breadcrumb\"},\"inLanguage\":\"es\",\"potentialAction\":[{\"@type\":\"ReadAction\",\"target\":[\"https:\\\/\\\/endoscopiaterapeutica.net\\\/es\\\/ediciones\\\/ano-2025\\\/volumen-i\\\/\"]}]},{\"@type\":\"BreadcrumbList\",\"@id\":\"https:\\\/\\\/endoscopiaterapeutica.net\\\/es\\\/ediciones\\\/ano-2025\\\/volumen-i\\\/#breadcrumb\",\"itemListElement\":[{\"@type\":\"ListItem\",\"position\":1,\"name\":\"Home\",\"item\":\"https:\\\/\\\/endoscopiaterapeutica.net\\\/es\\\/\"},{\"@type\":\"ListItem\",\"position\":2,\"name\":\"Ediciones\",\"item\":\"https:\\\/\\\/endoscopiaterapeutica.net\\\/es\\\/ediciones\\\/\"},{\"@type\":\"ListItem\",\"position\":3,\"name\":\"A\u00f1o 2025\",\"item\":\"https:\\\/\\\/endoscopiaterapeutica.net\\\/es\\\/ediciones\\\/ano-2025\\\/\"},{\"@type\":\"ListItem\",\"position\":4,\"name\":\"Volumen I\"}]},{\"@type\":\"WebSite\",\"@id\":\"https:\\\/\\\/endoscopiaterapeutica.net\\\/es\\\/#website\",\"url\":\"https:\\\/\\\/endoscopiaterapeutica.net\\\/es\\\/\",\"name\":\"Endoscopia Terapeutica\",\"description\":\"Uniendo conocimiento acad\u00e9mico con habilidad cl\u00ednica, Endoscopia Terap\u00eautica es tu gu\u00eda para el progreso en endoscopia digestiva. Educa y enriquece tu pr\u00e1ctica con nosotros.\",\"publisher\":{\"@id\":\"https:\\\/\\\/endoscopiaterapeutica.net\\\/es\\\/#organization\"},\"potentialAction\":[{\"@type\":\"SearchAction\",\"target\":{\"@type\":\"EntryPoint\",\"urlTemplate\":\"https:\\\/\\\/endoscopiaterapeutica.net\\\/es\\\/?s={search_term_string}\"},\"query-input\":{\"@type\":\"PropertyValueSpecification\",\"valueRequired\":true,\"valueName\":\"search_term_string\"}}],\"inLanguage\":\"es\"},{\"@type\":\"Organization\",\"@id\":\"https:\\\/\\\/endoscopiaterapeutica.net\\\/es\\\/#organization\",\"name\":\"Endoscopia Terapeutica\",\"url\":\"https:\\\/\\\/endoscopiaterapeutica.net\\\/es\\\/\",\"logo\":{\"@type\":\"ImageObject\",\"inLanguage\":\"es\",\"@id\":\"https:\\\/\\\/endoscopiaterapeutica.net\\\/es\\\/#\\\/schema\\\/logo\\\/image\\\/\",\"url\":\"https:\\\/\\\/endoscopiaterapeutica.net\\\/es\\\/wp-content\\\/uploads\\\/2023\\\/09\\\/endter.jpg\",\"contentUrl\":\"https:\\\/\\\/endoscopiaterapeutica.net\\\/es\\\/wp-content\\\/uploads\\\/2023\\\/09\\\/endter.jpg\",\"width\":720,\"height\":721,\"caption\":\"Endoscopia Terapeutica\"},\"image\":{\"@id\":\"https:\\\/\\\/endoscopiaterapeutica.net\\\/es\\\/#\\\/schema\\\/logo\\\/image\\\/\"},\"sameAs\":[\"https:\\\/\\\/www.facebook.com\\\/endoscopiaterapeuticaes\",\"https:\\\/\\\/www.instagram.com\\\/endoscopia_terapeutica\\\/\",\"https:\\\/\\\/www.youtube.com\\\/@endoscopyonline\"]}]}<\/script>\n<!-- \/ Yoast SEO Premium plugin. -->","yoast_head_json":{"title":"Volumen I &#8226; Endoscopia Terapeutica","robots":{"index":"index","follow":"follow","max-snippet":"max-snippet:-1","max-image-preview":"max-image-preview:large","max-video-preview":"max-video-preview:-1"},"canonical":"https:\/\/endoscopiaterapeutica.net\/es\/ediciones\/ano-2025\/volumen-i\/","og_locale":"es_ES","og_type":"article","og_title":"Volumen I","og_description":"2024 VOL II 2025 VOL II \u00daltimos Art\u00edculos Temas generales Antitromb\u00f3ticos (Antiagregantes y Anticoagulantes): Manejo en Endoscop\u00eda por Angelo So Taa","og_url":"https:\/\/endoscopiaterapeutica.net\/es\/ediciones\/ano-2025\/volumen-i\/","og_site_name":"Endoscopia Terapeutica","article_publisher":"https:\/\/www.facebook.com\/endoscopiaterapeuticaes","article_modified_time":"2025-09-15T23:46:36+00:00","twitter_card":"summary_large_image","twitter_misc":{"Tiempo de lectura":"1 minuto"},"schema":{"@context":"https:\/\/schema.org","@graph":[{"@type":"WebPage","@id":"https:\/\/endoscopiaterapeutica.net\/es\/ediciones\/ano-2025\/volumen-i\/","url":"https:\/\/endoscopiaterapeutica.net\/es\/ediciones\/ano-2025\/volumen-i\/","name":"Volumen I &#8226; Endoscopia Terapeutica","isPartOf":{"@id":"https:\/\/endoscopiaterapeutica.net\/es\/#website"},"datePublished":"2025-01-07T12:13:20+00:00","dateModified":"2025-09-15T23:46:36+00:00","breadcrumb":{"@id":"https:\/\/endoscopiaterapeutica.net\/es\/ediciones\/ano-2025\/volumen-i\/#breadcrumb"},"inLanguage":"es","potentialAction":[{"@type":"ReadAction","target":["https:\/\/endoscopiaterapeutica.net\/es\/ediciones\/ano-2025\/volumen-i\/"]}]},{"@type":"BreadcrumbList","@id":"https:\/\/endoscopiaterapeutica.net\/es\/ediciones\/ano-2025\/volumen-i\/#breadcrumb","itemListElement":[{"@type":"ListItem","position":1,"name":"Home","item":"https:\/\/endoscopiaterapeutica.net\/es\/"},{"@type":"ListItem","position":2,"name":"Ediciones","item":"https:\/\/endoscopiaterapeutica.net\/es\/ediciones\/"},{"@type":"ListItem","position":3,"name":"A\u00f1o 2025","item":"https:\/\/endoscopiaterapeutica.net\/es\/ediciones\/ano-2025\/"},{"@type":"ListItem","position":4,"name":"Volumen I"}]},{"@type":"WebSite","@id":"https:\/\/endoscopiaterapeutica.net\/es\/#website","url":"https:\/\/endoscopiaterapeutica.net\/es\/","name":"Endoscopia Terapeutica","description":"Uniendo conocimiento acad\u00e9mico con habilidad cl\u00ednica, Endoscopia Terap\u00eautica es tu gu\u00eda para el progreso en endoscopia digestiva. Educa y enriquece tu pr\u00e1ctica con nosotros.","publisher":{"@id":"https:\/\/endoscopiaterapeutica.net\/es\/#organization"},"potentialAction":[{"@type":"SearchAction","target":{"@type":"EntryPoint","urlTemplate":"https:\/\/endoscopiaterapeutica.net\/es\/?s={search_term_string}"},"query-input":{"@type":"PropertyValueSpecification","valueRequired":true,"valueName":"search_term_string"}}],"inLanguage":"es"},{"@type":"Organization","@id":"https:\/\/endoscopiaterapeutica.net\/es\/#organization","name":"Endoscopia Terapeutica","url":"https:\/\/endoscopiaterapeutica.net\/es\/","logo":{"@type":"ImageObject","inLanguage":"es","@id":"https:\/\/endoscopiaterapeutica.net\/es\/#\/schema\/logo\/image\/","url":"https:\/\/endoscopiaterapeutica.net\/es\/wp-content\/uploads\/2023\/09\/endter.jpg","contentUrl":"https:\/\/endoscopiaterapeutica.net\/es\/wp-content\/uploads\/2023\/09\/endter.jpg","width":720,"height":721,"caption":"Endoscopia Terapeutica"},"image":{"@id":"https:\/\/endoscopiaterapeutica.net\/es\/#\/schema\/logo\/image\/"},"sameAs":["https:\/\/www.facebook.com\/endoscopiaterapeuticaes","https:\/\/www.instagram.com\/endoscopia_terapeutica\/","https:\/\/www.youtube.com\/@endoscopyonline"]}]}},"_links":{"self":[{"href":"https:\/\/endoscopiaterapeutica.net\/es\/wp-json\/wp\/v2\/pages\/19073","targetHints":{"allow":["GET"]}}],"collection":[{"href":"https:\/\/endoscopiaterapeutica.net\/es\/wp-json\/wp\/v2\/pages"}],"about":[{"href":"https:\/\/endoscopiaterapeutica.net\/es\/wp-json\/wp\/v2\/types\/page"}],"author":[{"embeddable":true,"href":"https:\/\/endoscopiaterapeutica.net\/es\/wp-json\/wp\/v2\/users\/1"}],"replies":[{"embeddable":true,"href":"https:\/\/endoscopiaterapeutica.net\/es\/wp-json\/wp\/v2\/comments?post=19073"}],"version-history":[{"count":10,"href":"https:\/\/endoscopiaterapeutica.net\/es\/wp-json\/wp\/v2\/pages\/19073\/revisions"}],"predecessor-version":[{"id":19328,"href":"https:\/\/endoscopiaterapeutica.net\/es\/wp-json\/wp\/v2\/pages\/19073\/revisions\/19328"}],"up":[{"embeddable":true,"href":"https:\/\/endoscopiaterapeutica.net\/es\/wp-json\/wp\/v2\/pages\/19064"}],"wp:attachment":[{"href":"https:\/\/endoscopiaterapeutica.net\/es\/wp-json\/wp\/v2\/media?parent=19073"}],"curies":[{"name":"wp","href":"https:\/\/api.w.org\/{rel}","templated":true}]}}