{"id":1803,"date":"2021-05-04T12:15:25","date_gmt":"2021-05-04T12:15:25","guid":{"rendered":"https:\/\/endoscopiaterapeutica.net\/es\/?page_id=1803"},"modified":"2024-01-16T13:22:38","modified_gmt":"2024-01-16T13:22:38","slug":"conductos-biliares","status":"publish","type":"page","link":"https:\/\/endoscopiaterapeutica.net\/es\/clasificaciones\/conductos-biliares\/","title":{"rendered":"Conductos Biliares"},"content":{"rendered":"\t\t<div data-elementor-type=\"wp-page\" data-elementor-id=\"1803\" class=\"elementor elementor-1803\">\n\t\t\t\t\t\t<section class=\"penci-section penci-disSticky penci-structure-10 elementor-section elementor-top-section elementor-element elementor-element-d2942f5 elementor-section-boxed elementor-section-height-default elementor-section-height-default\" data-id=\"d2942f5\" data-element_type=\"section\" data-e-type=\"section\">\n\t\t\t\t\t\t<div class=\"elementor-container elementor-column-gap-default\">\n\t\t\t\t\t<div class=\"penci-ercol-100 penci-ercol-order-1 penci-sticky-ct    elementor-column elementor-col-100 elementor-top-column elementor-element elementor-element-320c86d\" data-id=\"320c86d\" data-element_type=\"column\" data-e-type=\"column\">\n\t\t\t<div class=\"elementor-widget-wrap elementor-element-populated\">\n\t\t\t\t\t\t<div class=\"elementor-element elementor-element-fc0ba30 elementor-widget elementor-widget-penci-latest-posts\" data-id=\"fc0ba30\" data-element_type=\"widget\" data-e-type=\"widget\" data-widget_type=\"penci-latest-posts.default\">\n\t\t\t\t<div class=\"elementor-widget-container\">\n\t\t\t\t\t                <div id=\"pencilatest_posts_76925\" class=\"penci-latest-posts-sc penci-latest-posts-list penci-latest-posts-el penci-el-mixed-s1 penci-std-continue-center penci-std-excerpt-center penci-grid-excerpt-left\">\n\t\t\t\t\t\t\t\t\t\t\t                        <div class=\"penci-border-arrow penci-homepage-title penci-home-latest-posts style-5 pcalign-left pciconp-right pcicon-right\">\n                            <h3 class=\"inner-arrow\">\n                                <span>\n\t\t\t\t\t\t\t\t<span>\u00daltimos Art\u00edculos<\/span>                                <\/span>\n                            <\/h3>\n\t\t\t\t\t\t\t                        <\/div>\n\t\t\t\t\t                    <div class=\"penci-wrapper-posts-ajax\">\n\n                        <div class=\"penci-wrapper-posts-content pwid-default\">\n\n\t\t\t\t\t\t\t\t\t\t\t\t\t\t\t                                <ul data-layout=\"list\"\n                                    class=\"penci-wrapper-data penci-grid penci-shortcode-render\">\t\t\t\t\t\t\t\t\t\t\t\t\t\t\t\t\t\t\t\t\t\t\t\t\t\t\t\t\t<li class=\"list-post penci-item-listp\">\n    <article id=\"post-5627\" class=\"item hentry\">\n\t\t            <div class=\"thumbnail\">\n\t\t\t\t\n\t\t\t\t                    <a class=\"penci-image-holder penci-lazy\"                       data-bgset=\"https:\/\/endoscopiaterapeutica.net\/es\/wp-content\/uploads\/2019\/11\/colecao-peripancreatica.jpg?v=1628557810\"\n                       href=\"https:\/\/endoscopiaterapeutica.net\/es\/classificacao\/classificacao-de-atlanta-revisada-colecoes-fluidas-peripancreaticas\/\"\n                       title=\"Classifica\u00e7\u00e3o de Atlanta Revisada &#8211; Cole\u00e7\u00f5es Fluidas Peripancre\u00e1ticas\">\n                    <\/a>\n\t\t\t\t\n\t\t\t\t\t\t\t\t\t\t\t\t\t\t\t\t\t\t\t\t\t\t\t\t\t\t\t\t\t\t\t\t\t            <\/div>\n\t\t\n        <div class=\"content-list-right content-list-center\">\n            <div class=\"header-list-style\">\n\t\t\t\t                    <span class=\"cat\"><\/span>\n\t\t\t\t\n                <h2 class=\"penci-entry-title entry-title grid-title penci_grid_title_df\"><a\n                            href=\"https:\/\/endoscopiaterapeutica.net\/es\/classificacao\/classificacao-de-atlanta-revisada-colecoes-fluidas-peripancreaticas\/\">Classifica\u00e7\u00e3o de Atlanta Revisada &#8211; Cole\u00e7\u00f5es Fluidas Peripancre\u00e1ticas<\/a>\n                <\/h2>\n\t\t\t\t\t\t\t\t\t\t<div class=\"penci-hide-tagupdated\">\n\t\t\t<span class=\"author-italic author vcard\">por \t\t\t\t\t\t\t\t\t\t<a class=\"author-url url fn n\" href=\"https:\/\/endoscopiaterapeutica.net\/es\/author\/galileufarias\/\">Galileu Farias<\/a>\t\t\t\t\t\t\t\t\t<\/span>\n\t\t\t<time class=\"entry-date published\" datetime=\"2019-11-19T18:29:53+00:00\">19\/11\/2019<\/time>\t\t<\/div>\n\t\t\t\t\t\t\t                    <div class=\"grid-post-box-meta\">\n\t\t\t\t\t\t\t\t\t\t\t\t                            <span class=\"otherl-date-author author-italic author vcard\">por                                     <a class=\"author-url url fn n\" href=\"https:\/\/endoscopiaterapeutica.net\/es\/author\/galileufarias\/\">Galileu Farias<\/a>\t\t\t\t\t\t\t\t<\/span>\n\t\t\t\t\t\t\t\t\t\t\t\t                            <span class=\"otherl-date\"><time class=\"entry-date published\" datetime=\"2019-11-19T18:29:53+00:00\">19\/11\/2019<\/time><\/span>\n\t\t\t\t\t\t\t\t\t\t\t\t\t\t\t\t\t\t\t\t\t\t\t\t\t\t\t\t\t\t\t\t\t\t\t\t                    <\/div>\n\t\t\t\t            <\/div>\n\n\t\t\t                <div class=\"item-content entry-content\">\n\t\t\t\t\t<p>&nbsp; A classifica\u00e7\u00e3o de Atlanta para pancreatite aguda foi revisada em 2012 e feita uma distin\u00e7\u00e3o importante entre cole\u00e7\u00f5es compostas somente de fluido versus\u00a0aquelas que &#8230;<\/p>\n                <\/div>\n\t\t\t\n\t\t\t                <div class=\"penci-readmore-btn penci-btn-align-left\">\n                    <a class=\"penci-btn-readmore\"\n                       href=\"https:\/\/endoscopiaterapeutica.net\/es\/classificacao\/classificacao-de-atlanta-revisada-colecoes-fluidas-peripancreaticas\/\">Lea mas<i class=\"penci-faicon fa fa-angle-double-right\" ><\/i><\/a>\n                <\/div>\n\t\t\t\n\t\t\t        <\/div>\n\n    <\/article>\n<\/li>\n<li class=\"list-post penci-item-listp\">\n    <article id=\"post-5625\" class=\"item hentry\">\n\t\t            <div class=\"thumbnail\">\n\t\t\t\t\n\t\t\t\t                    <a class=\"penci-image-holder penci-lazy\"                       data-bgset=\"https:\/\/endoscopiaterapeutica.net\/es\/wp-content\/uploads\/2019\/10\/Todani-1-585x390.png\"\n                       href=\"https:\/\/endoscopiaterapeutica.net\/es\/classificacao\/todani-doenca-cistica-da-via-biliar\/\"\n                       title=\"Classifica\u00e7\u00e3o de Todani &#8211; Doen\u00e7a c\u00edstica da via biliar\">\n                    <\/a>\n\t\t\t\t\n\t\t\t\t\t\t\t\t\t\t\t\t\t\t\t\t\t\t\t\t\t\t\t\t\t\t\t\t\t\t\t\t\t            <\/div>\n\t\t\n        <div class=\"content-list-right content-list-center\">\n            <div class=\"header-list-style\">\n\t\t\t\t                    <span class=\"cat\"><\/span>\n\t\t\t\t\n                <h2 class=\"penci-entry-title entry-title grid-title penci_grid_title_df\"><a\n                            href=\"https:\/\/endoscopiaterapeutica.net\/es\/classificacao\/todani-doenca-cistica-da-via-biliar\/\">Classifica\u00e7\u00e3o de Todani &#8211; Doen\u00e7a c\u00edstica da via biliar<\/a>\n                <\/h2>\n\t\t\t\t\t\t\t\t\t\t<div class=\"penci-hide-tagupdated\">\n\t\t\t<span class=\"author-italic author vcard\">por \t\t\t\t\t\t\t\t\t\t<a class=\"author-url url fn n\" href=\"https:\/\/endoscopiaterapeutica.net\/es\/author\/bruno\/\">Bruno Martins<\/a>\t\t\t\t\t\t\t\t\t<\/span>\n\t\t\t<time class=\"entry-date published\" datetime=\"2019-10-12T04:01:56+00:00\">12\/10\/2019<\/time>\t\t<\/div>\n\t\t\t\t\t\t\t                    <div class=\"grid-post-box-meta\">\n\t\t\t\t\t\t\t\t\t\t\t\t                            <span class=\"otherl-date-author author-italic author vcard\">por                                     <a class=\"author-url url fn n\" href=\"https:\/\/endoscopiaterapeutica.net\/es\/author\/bruno\/\">Bruno Martins<\/a>\t\t\t\t\t\t\t\t<\/span>\n\t\t\t\t\t\t\t\t\t\t\t\t                            <span class=\"otherl-date\"><time class=\"entry-date published\" datetime=\"2019-10-12T04:01:56+00:00\">12\/10\/2019<\/time><\/span>\n\t\t\t\t\t\t\t\t\t\t\t\t\t\t\t\t\t\t\t\t\t\t\t\t\t\t\t\t\t\t\t\t\t\t\t\t                    <\/div>\n\t\t\t\t            <\/div>\n\n\t\t\t                <div class=\"item-content entry-content\">\n\t\t\t\t\t<p>Os cistos biliares s\u00e3o dilata\u00e7\u00f5es c\u00edsticas que podem ocorrer isoladamente ou ser m\u00faltiplos ao longo da via&nbsp;biliar. Podem ocasionar&nbsp;complica\u00e7\u00f5es significativas, como estenoses ductais, forma\u00e7\u00e3o de &#8230;<\/p>\n                <\/div>\n\t\t\t\n\t\t\t                <div class=\"penci-readmore-btn penci-btn-align-left\">\n                    <a class=\"penci-btn-readmore\"\n                       href=\"https:\/\/endoscopiaterapeutica.net\/es\/classificacao\/todani-doenca-cistica-da-via-biliar\/\">Lea mas<i class=\"penci-faicon fa fa-angle-double-right\" ><\/i><\/a>\n                <\/div>\n\t\t\t\n\t\t\t        <\/div>\n\n    <\/article>\n<\/li>\n<li class=\"list-post penci-item-listp\">\n    <article id=\"post-5617\" class=\"item hentry\">\n\t\t            <div class=\"thumbnail\">\n\t\t\t\t\n\t\t\t\t                    <a class=\"penci-image-holder penci-lazy\"                       data-bgset=\"https:\/\/endoscopiaterapeutica.net\/es\/wp-content\/uploads\/2021\/08\/Stapfer-585x390.png\"\n                       href=\"https:\/\/endoscopiaterapeutica.net\/es\/classificacao\/stapfer-perfuracao-pos-cpre\/\"\n                       title=\"STAPFER \u2013 PERFURA\u00c7\u00c3O P\u00d3S-CPRE\">\n                    <\/a>\n\t\t\t\t\n\t\t\t\t\t\t\t\t\t\t\t\t\t\t\t\t\t\t\t\t\t\t\t\t\t\t\t\t\t\t\t\t\t            <\/div>\n\t\t\n        <div class=\"content-list-right content-list-center\">\n            <div class=\"header-list-style\">\n\t\t\t\t                    <span class=\"cat\"><\/span>\n\t\t\t\t\n                <h2 class=\"penci-entry-title entry-title grid-title penci_grid_title_df\"><a\n                            href=\"https:\/\/endoscopiaterapeutica.net\/es\/classificacao\/stapfer-perfuracao-pos-cpre\/\">STAPFER \u2013 PERFURA\u00c7\u00c3O P\u00d3S-CPRE<\/a>\n                <\/h2>\n\t\t\t\t\t\t\t\t\t\t<div class=\"penci-hide-tagupdated\">\n\t\t\t<span class=\"author-italic author vcard\">por \t\t\t\t\t\t\t\t\t\t<a class=\"author-url url fn n\" href=\"https:\/\/endoscopiaterapeutica.net\/es\/author\/galileufarias\/\">Galileu Farias<\/a>\t\t\t\t\t\t\t\t\t<\/span>\n\t\t\t<time class=\"entry-date published\" datetime=\"2019-07-22T20:42:38+00:00\">22\/07\/2019<\/time>\t\t<\/div>\n\t\t\t\t\t\t\t                    <div class=\"grid-post-box-meta\">\n\t\t\t\t\t\t\t\t\t\t\t\t                            <span class=\"otherl-date-author author-italic author vcard\">por                                     <a class=\"author-url url fn n\" href=\"https:\/\/endoscopiaterapeutica.net\/es\/author\/galileufarias\/\">Galileu Farias<\/a>\t\t\t\t\t\t\t\t<\/span>\n\t\t\t\t\t\t\t\t\t\t\t\t                            <span class=\"otherl-date\"><time class=\"entry-date published\" datetime=\"2019-07-22T20:42:38+00:00\">22\/07\/2019<\/time><\/span>\n\t\t\t\t\t\t\t\t\t\t\t\t\t\t\t\t\t\t\t\t\t\t\t\t\t\t\t\t\t\t\t\t\t\t\t\t                    <\/div>\n\t\t\t\t            <\/div>\n\n\t\t\t                <div class=\"item-content entry-content\">\n\t\t\t\t\t<p>&nbsp; A classifica\u00e7\u00e3o de Stapfer \u00e9 a mais utilizada para perfura\u00e7\u00e3o ap\u00f3s CPRE e baseia-se no mecanismo, localiza\u00e7\u00e3o anat\u00f4mica e gravidade da les\u00e3o. &nbsp; Tipo &#8230;<\/p>\n                <\/div>\n\t\t\t\n\t\t\t                <div class=\"penci-readmore-btn penci-btn-align-left\">\n                    <a class=\"penci-btn-readmore\"\n                       href=\"https:\/\/endoscopiaterapeutica.net\/es\/classificacao\/stapfer-perfuracao-pos-cpre\/\">Lea mas<i class=\"penci-faicon fa fa-angle-double-right\" ><\/i><\/a>\n                <\/div>\n\t\t\t\n\t\t\t        <\/div>\n\n    <\/article>\n<\/li>\n<li class=\"list-post penci-item-listp\">\n    <article id=\"post-5562\" class=\"item hentry\">\n\t\t            <div class=\"thumbnail\">\n\t\t\t\t\n\t\t\t\t                    <a class=\"penci-image-holder penci-lazy\"                       data-bgset=\"https:\/\/endoscopiaterapeutica.net\/es\/wp-content\/uploads\/2018\/04\/Bismuth-1-585x390.png\"\n                       href=\"https:\/\/endoscopiaterapeutica.net\/es\/classificacao\/classificacao-de-bismuth-corlette-tumores-hilares\/\"\n                       title=\"Classifica\u00e7\u00e3o de Bismuth-Corlette &#8211; Tumores Hilares\">\n                    <\/a>\n\t\t\t\t\n\t\t\t\t\t\t\t\t\t\t\t\t\t\t\t\t\t\t\t\t\t\t\t\t\t\t\t\t\t\t\t\t\t            <\/div>\n\t\t\n        <div class=\"content-list-right content-list-center\">\n            <div class=\"header-list-style\">\n\t\t\t\t                    <span class=\"cat\"><\/span>\n\t\t\t\t\n                <h2 class=\"penci-entry-title entry-title grid-title penci_grid_title_df\"><a\n                            href=\"https:\/\/endoscopiaterapeutica.net\/es\/classificacao\/classificacao-de-bismuth-corlette-tumores-hilares\/\">Classifica\u00e7\u00e3o de Bismuth-Corlette &#8211; Tumores Hilares<\/a>\n                <\/h2>\n\t\t\t\t\t\t\t\t\t\t<div class=\"penci-hide-tagupdated\">\n\t\t\t<span class=\"author-italic author vcard\">por \t\t\t\t\t\t\t\t\t\t<a class=\"author-url url fn n\" href=\"https:\/\/endoscopiaterapeutica.net\/es\/author\/ingastro\/\">Admin<\/a>\t\t\t\t\t\t\t\t\t<\/span>\n\t\t\t<time class=\"entry-date published\" datetime=\"2018-04-13T09:00:07+00:00\">13\/04\/2018<\/time>\t\t<\/div>\n\t\t\t\t\t\t\t                    <div class=\"grid-post-box-meta\">\n\t\t\t\t\t\t\t\t\t\t\t\t                            <span class=\"otherl-date-author author-italic author vcard\">por                                     <a class=\"author-url url fn n\" href=\"https:\/\/endoscopiaterapeutica.net\/es\/author\/ingastro\/\">Admin<\/a>\t\t\t\t\t\t\t\t<\/span>\n\t\t\t\t\t\t\t\t\t\t\t\t                            <span class=\"otherl-date\"><time class=\"entry-date published\" datetime=\"2018-04-13T09:00:07+00:00\">13\/04\/2018<\/time><\/span>\n\t\t\t\t\t\t\t\t\t\t\t\t\t\t\t\t\t\t\t\t\t\t\t\t\t\t\t\t\t\t\t\t\t\t\t\t                    <\/div>\n\t\t\t\t            <\/div>\n\n\t\t\t                <div class=\"item-content entry-content\">\n\t\t\t\t\t<p>&nbsp; Os tumores que envolvem a regi\u00e3o peri-hilar s\u00e3o classificados de acordo com o padr\u00e3o de envolvimento dos ductos hep\u00e1ticos (classifica\u00e7\u00e3o de Bismuth-Corlette): Tipo I: &#8230;<\/p>\n                <\/div>\n\t\t\t\n\t\t\t                <div class=\"penci-readmore-btn penci-btn-align-left\">\n                    <a class=\"penci-btn-readmore\"\n                       href=\"https:\/\/endoscopiaterapeutica.net\/es\/classificacao\/classificacao-de-bismuth-corlette-tumores-hilares\/\">Lea mas<i class=\"penci-faicon fa fa-angle-double-right\" ><\/i><\/a>\n                <\/div>\n\t\t\t\n\t\t\t        <\/div>\n\n    <\/article>\n<\/li>\n<li class=\"list-post penci-item-listp\">\n    <article id=\"post-5462\" class=\"item hentry\">\n\t\t            <div class=\"thumbnail\">\n\t\t\t\t\n\t\t\t\t                    <a class=\"penci-image-holder penci-lazy\"                       data-bgset=\"https:\/\/endoscopiaterapeutica.net\/es\/wp-content\/uploads\/2021\/08\/Captura-de-Tela-2015-03-28-C3A0s-13.15.00-585x390.png\"\n                       href=\"https:\/\/endoscopiaterapeutica.net\/es\/classificacao\/classificacao-de-bismuth-estenose-benigna-de-via-biliar\/\"\n                       title=\"Classifica\u00e7\u00e3o de Bismuth &#8211; Estenose benigna de via biliar\">\n                    <\/a>\n\t\t\t\t\n\t\t\t\t\t\t\t\t\t\t\t\t\t\t\t\t\t\t\t\t\t\t\t\t\t\t\t\t\t\t\t\t\t            <\/div>\n\t\t\n        <div class=\"content-list-right content-list-center\">\n            <div class=\"header-list-style\">\n\t\t\t\t                    <span class=\"cat\"><\/span>\n\t\t\t\t\n                <h2 class=\"penci-entry-title entry-title grid-title penci_grid_title_df\"><a\n                            href=\"https:\/\/endoscopiaterapeutica.net\/es\/classificacao\/classificacao-de-bismuth-estenose-benigna-de-via-biliar\/\">Classifica\u00e7\u00e3o de Bismuth &#8211; Estenose benigna de via biliar<\/a>\n                <\/h2>\n\t\t\t\t\t\t\t\t\t\t<div class=\"penci-hide-tagupdated\">\n\t\t\t<span class=\"author-italic author vcard\">por \t\t\t\t\t\t\t\t\t\t<a class=\"author-url url fn n\" href=\"https:\/\/endoscopiaterapeutica.net\/es\/author\/ingastro\/\">Admin<\/a>\t\t\t\t\t\t\t\t\t<\/span>\n\t\t\t<time class=\"entry-date published\" datetime=\"2015-04-01T23:15:09+00:00\">01\/04\/2015<\/time>\t\t<\/div>\n\t\t\t\t\t\t\t                    <div class=\"grid-post-box-meta\">\n\t\t\t\t\t\t\t\t\t\t\t\t                            <span class=\"otherl-date-author author-italic author vcard\">por                                     <a class=\"author-url url fn n\" href=\"https:\/\/endoscopiaterapeutica.net\/es\/author\/ingastro\/\">Admin<\/a>\t\t\t\t\t\t\t\t<\/span>\n\t\t\t\t\t\t\t\t\t\t\t\t                            <span class=\"otherl-date\"><time class=\"entry-date published\" datetime=\"2015-04-01T23:15:09+00:00\">01\/04\/2015<\/time><\/span>\n\t\t\t\t\t\t\t\t\t\t\t\t\t\t\t\t\t\t\t\t\t\t\t\t\t\t\t\t\t\t\t\t\t\t\t\t                    <\/div>\n\t\t\t\t            <\/div>\n\n\t\t\t\n\t\t\t                <div class=\"penci-readmore-btn penci-btn-align-left\">\n                    <a class=\"penci-btn-readmore\"\n                       href=\"https:\/\/endoscopiaterapeutica.net\/es\/classificacao\/classificacao-de-bismuth-estenose-benigna-de-via-biliar\/\">Lea mas<i class=\"penci-faicon fa fa-angle-double-right\" ><\/i><\/a>\n                <\/div>\n\t\t\t\n\t\t\t        <\/div>\n\n    <\/article>\n<\/li>\n\n\t\t\t\t\t\t\t\t\t\t\t\t\t\t\t\t\t\t\t\t\t\t\t\t\t\t\t\t<\/ul>\n\t\t\t\t\t\t\t\t\t\t\t\t\t\t\t\t\t\t\t\t\t                        <\/div>\n\n\t\t\t\t\t\t                    <\/div>\n                <\/div>\n\t\t\t            <style>\n                                                                                                                                                                            <\/style>\n\t\t\t\t\t\t\t<\/div>\n\t\t\t\t<\/div>\n\t\t\t\t\t<\/div>\n\t\t<\/div>\n\t\t\t\t\t<\/div>\n\t\t<\/section>\n\t\t\t\t<\/div>\n\t\t","protected":false},"excerpt":{"rendered":"<p>\u00daltimos Art\u00edculos Classifica\u00e7\u00e3o de Atlanta Revisada &#8211; Cole\u00e7\u00f5es Fluidas Peripancre\u00e1ticas por Galileu Farias 19\/11\/2019&hellip;<\/p>\n","protected":false},"author":1,"featured_media":0,"parent":1731,"menu_order":0,"comment_status":"closed","ping_status":"closed","template":"elementor_theme","meta":{"_lmt_disableupdate":"","_lmt_disable":"","footnotes":""},"class_list":["post-1803","page","type-page","status-publish","hentry"],"yoast_head":"<!-- This site is optimized with the Yoast SEO Premium plugin v27.2 (Yoast SEO v27.3) - https:\/\/yoast.com\/product\/yoast-seo-premium-wordpress\/ -->\n<title>Conductos Biliares &#8226; Endoscopia Terapeutica<\/title>\n<meta name=\"robots\" content=\"noindex, follow\" \/>\n<meta property=\"og:locale\" content=\"es_ES\" \/>\n<meta property=\"og:type\" content=\"article\" \/>\n<meta property=\"og:title\" content=\"Conductos Biliares\" \/>\n<meta property=\"og:description\" content=\"\u00daltimos Art\u00edculos Classifica\u00e7\u00e3o de Atlanta Revisada &#8211; Cole\u00e7\u00f5es Fluidas Peripancre\u00e1ticas por Galileu Farias 19\/11\/2019 por Galileu Farias\" \/>\n<meta property=\"og:url\" content=\"https:\/\/endoscopiaterapeutica.net\/es\/clasificaciones\/conductos-biliares\/\" \/>\n<meta property=\"og:site_name\" content=\"Endoscopia Terapeutica\" \/>\n<meta property=\"article:publisher\" content=\"https:\/\/www.facebook.com\/endoscopiaterapeuticaes\" \/>\n<meta property=\"article:modified_time\" content=\"2024-01-16T13:22:38+00:00\" \/>\n<meta name=\"twitter:card\" content=\"summary_large_image\" \/>\n<meta name=\"twitter:label1\" content=\"Tiempo de lectura\" \/>\n\t<meta name=\"twitter:data1\" content=\"1 minuto\" \/>\n<script type=\"application\/ld+json\" class=\"yoast-schema-graph\">{\"@context\":\"https:\\\/\\\/schema.org\",\"@graph\":[{\"@type\":\"WebPage\",\"@id\":\"https:\\\/\\\/endoscopiaterapeutica.net\\\/es\\\/clasificaciones\\\/conductos-biliares\\\/\",\"url\":\"https:\\\/\\\/endoscopiaterapeutica.net\\\/es\\\/clasificaciones\\\/conductos-biliares\\\/\",\"name\":\"Conductos Biliares &#8226; Endoscopia Terapeutica\",\"isPartOf\":{\"@id\":\"https:\\\/\\\/endoscopiaterapeutica.net\\\/es\\\/#website\"},\"datePublished\":\"2021-05-04T12:15:25+00:00\",\"dateModified\":\"2024-01-16T13:22:38+00:00\",\"breadcrumb\":{\"@id\":\"https:\\\/\\\/endoscopiaterapeutica.net\\\/es\\\/clasificaciones\\\/conductos-biliares\\\/#breadcrumb\"},\"inLanguage\":\"es\",\"potentialAction\":[{\"@type\":\"ReadAction\",\"target\":[\"https:\\\/\\\/endoscopiaterapeutica.net\\\/es\\\/clasificaciones\\\/conductos-biliares\\\/\"]}]},{\"@type\":\"BreadcrumbList\",\"@id\":\"https:\\\/\\\/endoscopiaterapeutica.net\\\/es\\\/clasificaciones\\\/conductos-biliares\\\/#breadcrumb\",\"itemListElement\":[{\"@type\":\"ListItem\",\"position\":1,\"name\":\"Home\",\"item\":\"https:\\\/\\\/endoscopiaterapeutica.net\\\/es\\\/\"},{\"@type\":\"ListItem\",\"position\":2,\"name\":\"Clasificaciones\",\"item\":\"https:\\\/\\\/endoscopiaterapeutica.net\\\/es\\\/clasificaciones\\\/\"},{\"@type\":\"ListItem\",\"position\":3,\"name\":\"Conductos Biliares\"}]},{\"@type\":\"WebSite\",\"@id\":\"https:\\\/\\\/endoscopiaterapeutica.net\\\/es\\\/#website\",\"url\":\"https:\\\/\\\/endoscopiaterapeutica.net\\\/es\\\/\",\"name\":\"Endoscopia Terapeutica\",\"description\":\"Uniendo conocimiento acad\u00e9mico con habilidad cl\u00ednica, Endoscopia Terap\u00eautica es tu gu\u00eda para el progreso en endoscopia digestiva. Educa y enriquece tu pr\u00e1ctica con nosotros.\",\"publisher\":{\"@id\":\"https:\\\/\\\/endoscopiaterapeutica.net\\\/es\\\/#organization\"},\"potentialAction\":[{\"@type\":\"SearchAction\",\"target\":{\"@type\":\"EntryPoint\",\"urlTemplate\":\"https:\\\/\\\/endoscopiaterapeutica.net\\\/es\\\/?s={search_term_string}\"},\"query-input\":{\"@type\":\"PropertyValueSpecification\",\"valueRequired\":true,\"valueName\":\"search_term_string\"}}],\"inLanguage\":\"es\"},{\"@type\":\"Organization\",\"@id\":\"https:\\\/\\\/endoscopiaterapeutica.net\\\/es\\\/#organization\",\"name\":\"Endoscopia Terapeutica\",\"url\":\"https:\\\/\\\/endoscopiaterapeutica.net\\\/es\\\/\",\"logo\":{\"@type\":\"ImageObject\",\"inLanguage\":\"es\",\"@id\":\"https:\\\/\\\/endoscopiaterapeutica.net\\\/es\\\/#\\\/schema\\\/logo\\\/image\\\/\",\"url\":\"https:\\\/\\\/endoscopiaterapeutica.net\\\/es\\\/wp-content\\\/uploads\\\/2023\\\/09\\\/endter.jpg\",\"contentUrl\":\"https:\\\/\\\/endoscopiaterapeutica.net\\\/es\\\/wp-content\\\/uploads\\\/2023\\\/09\\\/endter.jpg\",\"width\":720,\"height\":721,\"caption\":\"Endoscopia Terapeutica\"},\"image\":{\"@id\":\"https:\\\/\\\/endoscopiaterapeutica.net\\\/es\\\/#\\\/schema\\\/logo\\\/image\\\/\"},\"sameAs\":[\"https:\\\/\\\/www.facebook.com\\\/endoscopiaterapeuticaes\",\"https:\\\/\\\/www.instagram.com\\\/endoscopia_terapeutica\\\/\",\"https:\\\/\\\/www.youtube.com\\\/@endoscopyonline\"]}]}<\/script>\n<!-- \/ Yoast SEO Premium plugin. -->","yoast_head_json":{"title":"Conductos Biliares &#8226; Endoscopia Terapeutica","robots":{"index":"noindex","follow":"follow"},"og_locale":"es_ES","og_type":"article","og_title":"Conductos Biliares","og_description":"\u00daltimos Art\u00edculos Classifica\u00e7\u00e3o de Atlanta Revisada &#8211; Cole\u00e7\u00f5es Fluidas Peripancre\u00e1ticas por Galileu Farias 19\/11\/2019 por Galileu Farias","og_url":"https:\/\/endoscopiaterapeutica.net\/es\/clasificaciones\/conductos-biliares\/","og_site_name":"Endoscopia Terapeutica","article_publisher":"https:\/\/www.facebook.com\/endoscopiaterapeuticaes","article_modified_time":"2024-01-16T13:22:38+00:00","twitter_card":"summary_large_image","twitter_misc":{"Tiempo de lectura":"1 minuto"},"schema":{"@context":"https:\/\/schema.org","@graph":[{"@type":"WebPage","@id":"https:\/\/endoscopiaterapeutica.net\/es\/clasificaciones\/conductos-biliares\/","url":"https:\/\/endoscopiaterapeutica.net\/es\/clasificaciones\/conductos-biliares\/","name":"Conductos Biliares &#8226; Endoscopia Terapeutica","isPartOf":{"@id":"https:\/\/endoscopiaterapeutica.net\/es\/#website"},"datePublished":"2021-05-04T12:15:25+00:00","dateModified":"2024-01-16T13:22:38+00:00","breadcrumb":{"@id":"https:\/\/endoscopiaterapeutica.net\/es\/clasificaciones\/conductos-biliares\/#breadcrumb"},"inLanguage":"es","potentialAction":[{"@type":"ReadAction","target":["https:\/\/endoscopiaterapeutica.net\/es\/clasificaciones\/conductos-biliares\/"]}]},{"@type":"BreadcrumbList","@id":"https:\/\/endoscopiaterapeutica.net\/es\/clasificaciones\/conductos-biliares\/#breadcrumb","itemListElement":[{"@type":"ListItem","position":1,"name":"Home","item":"https:\/\/endoscopiaterapeutica.net\/es\/"},{"@type":"ListItem","position":2,"name":"Clasificaciones","item":"https:\/\/endoscopiaterapeutica.net\/es\/clasificaciones\/"},{"@type":"ListItem","position":3,"name":"Conductos Biliares"}]},{"@type":"WebSite","@id":"https:\/\/endoscopiaterapeutica.net\/es\/#website","url":"https:\/\/endoscopiaterapeutica.net\/es\/","name":"Endoscopia Terapeutica","description":"Uniendo conocimiento acad\u00e9mico con habilidad cl\u00ednica, Endoscopia Terap\u00eautica es tu gu\u00eda para el progreso en endoscopia digestiva. Educa y enriquece tu pr\u00e1ctica con nosotros.","publisher":{"@id":"https:\/\/endoscopiaterapeutica.net\/es\/#organization"},"potentialAction":[{"@type":"SearchAction","target":{"@type":"EntryPoint","urlTemplate":"https:\/\/endoscopiaterapeutica.net\/es\/?s={search_term_string}"},"query-input":{"@type":"PropertyValueSpecification","valueRequired":true,"valueName":"search_term_string"}}],"inLanguage":"es"},{"@type":"Organization","@id":"https:\/\/endoscopiaterapeutica.net\/es\/#organization","name":"Endoscopia Terapeutica","url":"https:\/\/endoscopiaterapeutica.net\/es\/","logo":{"@type":"ImageObject","inLanguage":"es","@id":"https:\/\/endoscopiaterapeutica.net\/es\/#\/schema\/logo\/image\/","url":"https:\/\/endoscopiaterapeutica.net\/es\/wp-content\/uploads\/2023\/09\/endter.jpg","contentUrl":"https:\/\/endoscopiaterapeutica.net\/es\/wp-content\/uploads\/2023\/09\/endter.jpg","width":720,"height":721,"caption":"Endoscopia Terapeutica"},"image":{"@id":"https:\/\/endoscopiaterapeutica.net\/es\/#\/schema\/logo\/image\/"},"sameAs":["https:\/\/www.facebook.com\/endoscopiaterapeuticaes","https:\/\/www.instagram.com\/endoscopia_terapeutica\/","https:\/\/www.youtube.com\/@endoscopyonline"]}]}},"_links":{"self":[{"href":"https:\/\/endoscopiaterapeutica.net\/es\/wp-json\/wp\/v2\/pages\/1803","targetHints":{"allow":["GET"]}}],"collection":[{"href":"https:\/\/endoscopiaterapeutica.net\/es\/wp-json\/wp\/v2\/pages"}],"about":[{"href":"https:\/\/endoscopiaterapeutica.net\/es\/wp-json\/wp\/v2\/types\/page"}],"author":[{"embeddable":true,"href":"https:\/\/endoscopiaterapeutica.net\/es\/wp-json\/wp\/v2\/users\/1"}],"replies":[{"embeddable":true,"href":"https:\/\/endoscopiaterapeutica.net\/es\/wp-json\/wp\/v2\/comments?post=1803"}],"version-history":[{"count":14,"href":"https:\/\/endoscopiaterapeutica.net\/es\/wp-json\/wp\/v2\/pages\/1803\/revisions"}],"predecessor-version":[{"id":18426,"href":"https:\/\/endoscopiaterapeutica.net\/es\/wp-json\/wp\/v2\/pages\/1803\/revisions\/18426"}],"up":[{"embeddable":true,"href":"https:\/\/endoscopiaterapeutica.net\/es\/wp-json\/wp\/v2\/pages\/1731"}],"wp:attachment":[{"href":"https:\/\/endoscopiaterapeutica.net\/es\/wp-json\/wp\/v2\/media?parent=1803"}],"curies":[{"name":"wp","href":"https:\/\/api.w.org\/{rel}","templated":true}]}}