{"id":14890,"date":"2023-01-12T18:03:32","date_gmt":"2023-01-12T18:03:32","guid":{"rendered":"https:\/\/endoscopiaterapeutica.net\/es\/?page_id=14890"},"modified":"2024-01-29T18:50:43","modified_gmt":"2024-01-29T18:50:43","slug":"ano-2023","status":"publish","type":"page","link":"https:\/\/endoscopiaterapeutica.net\/es\/ediciones\/ano-2023\/","title":{"rendered":"A\u00f1o 2023"},"content":{"rendered":"\t\t<div data-elementor-type=\"wp-page\" data-elementor-id=\"14890\" class=\"elementor elementor-14890\">\n\t\t\t\t\t\t<section class=\"penci-section penci-disSticky penci-structure-20 elementor-section elementor-top-section elementor-element elementor-element-c02c00c navegacao-ano elementor-section-boxed elementor-section-height-default elementor-section-height-default\" data-id=\"c02c00c\" data-element_type=\"section\" data-e-type=\"section\">\n\t\t\t\t\t\t<div class=\"elementor-container elementor-column-gap-default\">\n\t\t\t\t\t<div class=\"penci-ercol-50 penci-ercol-order-1 penci-sticky-ct    elementor-column elementor-col-50 elementor-top-column elementor-element elementor-element-bfc3948\" data-id=\"bfc3948\" data-element_type=\"column\" data-e-type=\"column\">\n\t\t\t<div class=\"elementor-widget-wrap elementor-element-populated\">\n\t\t\t\t\t\t<div class=\"elementor-element elementor-element-ba2f34f elementor-button-info elementor-align-left elementor-widget elementor-widget-button\" data-id=\"ba2f34f\" data-element_type=\"widget\" data-e-type=\"widget\" data-widget_type=\"button.default\">\n\t\t\t\t<div class=\"elementor-widget-container\">\n\t\t\t\t\t\t\t\t\t<div class=\"elementor-button-wrapper\">\n\t\t\t\t\t<a class=\"elementor-button elementor-button-link elementor-size-sm\" href=\"https:\/\/endoscopiaterapeutica.net\/es\/edicoes\/ano-2022\/\">\n\t\t\t\t\t\t<span class=\"elementor-button-content-wrapper\">\n\t\t\t\t\t\t\t\t\t<span class=\"elementor-button-text\"><i class=\"penci-faicon fa fa-angle-double-left\"><\/i> 2022<\/span>\n\t\t\t\t\t<\/span>\n\t\t\t\t\t<\/a>\n\t\t\t\t<\/div>\n\t\t\t\t\t\t\t\t<\/div>\n\t\t\t\t<\/div>\n\t\t\t\t\t<\/div>\n\t\t<\/div>\n\t\t\t\t<div class=\"penci-ercol-50 penci-ercol-order-2 penci-sticky-ct    elementor-column elementor-col-50 elementor-top-column elementor-element elementor-element-60c776b\" data-id=\"60c776b\" data-element_type=\"column\" data-e-type=\"column\">\n\t\t\t<div class=\"elementor-widget-wrap elementor-element-populated\">\n\t\t\t\t\t\t<div class=\"elementor-element elementor-element-e3ef555 elementor-button-info elementor-align-right elementor-widget elementor-widget-button\" data-id=\"e3ef555\" data-element_type=\"widget\" data-e-type=\"widget\" data-widget_type=\"button.default\">\n\t\t\t\t<div class=\"elementor-widget-container\">\n\t\t\t\t\t\t\t\t\t<div class=\"elementor-button-wrapper\">\n\t\t\t\t\t<a class=\"elementor-button elementor-button-link elementor-size-sm\" href=\"https:\/\/endoscopiaterapeutica.net\/es\/edicoes\/ano-2024\/\">\n\t\t\t\t\t\t<span class=\"elementor-button-content-wrapper\">\n\t\t\t\t\t\t\t\t\t<span class=\"elementor-button-text\">2024 <i class=\"penci-faicon fa fa-angle-double-right\"><\/i><\/span>\n\t\t\t\t\t<\/span>\n\t\t\t\t\t<\/a>\n\t\t\t\t<\/div>\n\t\t\t\t\t\t\t\t<\/div>\n\t\t\t\t<\/div>\n\t\t\t\t\t<\/div>\n\t\t<\/div>\n\t\t\t\t\t<\/div>\n\t\t<\/section>\n\t\t\t\t<section class=\"penci-section penci-disSticky penci-structure-10 elementor-section elementor-top-section elementor-element elementor-element-d2942f5 elementor-section-boxed elementor-section-height-default elementor-section-height-default\" data-id=\"d2942f5\" data-element_type=\"section\" data-e-type=\"section\">\n\t\t\t\t\t\t<div class=\"elementor-container elementor-column-gap-default\">\n\t\t\t\t\t<div class=\"penci-ercol-100 penci-ercol-order-1 penci-sticky-ct    elementor-column elementor-col-100 elementor-top-column elementor-element elementor-element-320c86d\" data-id=\"320c86d\" data-element_type=\"column\" data-e-type=\"column\">\n\t\t\t<div class=\"elementor-widget-wrap elementor-element-populated\">\n\t\t\t\t\t\t<div class=\"elementor-element elementor-element-fc0ba30 elementor-widget elementor-widget-penci-latest-posts\" data-id=\"fc0ba30\" data-element_type=\"widget\" data-e-type=\"widget\" data-widget_type=\"penci-latest-posts.default\">\n\t\t\t\t<div class=\"elementor-widget-container\">\n\t\t\t\t\t                <div id=\"pencilatest_posts_60834\" class=\"penci-latest-posts-sc penci-latest-posts-list penci-latest-posts-el penci-el-mixed-s1 penci-std-continue-center penci-std-excerpt-center penci-grid-excerpt-left\">\n\t\t\t\t\t\t\t\t\t\t\t                        <div class=\"penci-border-arrow penci-homepage-title penci-home-latest-posts style-5 pcalign-left pciconp-right pcicon-right\">\n                            <h3 class=\"inner-arrow\">\n                                <span>\n\t\t\t\t\t\t\t\t<span>\u00daltimos Art\u00edculos<\/span>                                <\/span>\n                            <\/h3>\n\t\t\t\t\t\t\t                        <\/div>\n\t\t\t\t\t                    <div class=\"penci-wrapper-posts-ajax\">\n\n                        <div class=\"penci-wrapper-posts-content pwid-default\">\n\n\t\t\t\t\t\t\t\t\t\t\t\t\t\t\t                                <ul data-layout=\"list\"\n                                    class=\"penci-wrapper-data penci-grid penci-shortcode-render\">\t\t\t\t\t\t\t\t\t\t\t\t\t\t\t\t\t\t\t\t\t\t\t\t\t\t\t\t\t<li class=\"list-post penci-item-listp\">\n    <article id=\"post-18718\" class=\"item hentry\">\n\t\t            <div class=\"thumbnail\">\n\t\t\t\t\n\t\t\t\t                    <a class=\"penci-image-holder penci-lazy\"                       data-bgset=\"https:\/\/endoscopiaterapeutica.net\/es\/wp-content\/uploads\/2024\/01\/100H0110-585x390.jpg?v=1705605045\"\n                       href=\"https:\/\/endoscopiaterapeutica.net\/es\/casosclinicos\/mas-vale-una-mucosectomia-de-colon-en-piecemeal-epmr-bien-hecha-que-un-intento-de-mucosectomia-en-bloque-emr-frustrado-consejos-para-realizarla-sin-miedos\/\"\n                       title=\"M\u00e1s vale una mucosectom\u00eda de colon en piecemeal (EPMR) bien hecha, que un intento de mucosectom\u00eda en bloque (EMR) frustrado \u2013 \u00a1Consejos para realizarla sin miedos!\">\n                    <\/a>\n\t\t\t\t\n\t\t\t\t\t\t\t\t\t\t\t\t\t\t\t\t\t\t\t\t\t\t\t\t\t\t\t\t\t\t\t\t\t            <\/div>\n\t\t\n        <div class=\"content-list-right content-list-center\">\n            <div class=\"header-list-style\">\n\t\t\t\t                    <span class=\"cat\"><a style=\"\" class=\"penci-cat-name penci-cat-150\" href=\"https:\/\/endoscopiaterapeutica.net\/es\/category\/casosclinicos\/\"  rel=\"category tag\"><span style=\"\">Casos Cl\u00ednicos<\/span><\/a><\/span>\n\t\t\t\t\n                <h2 class=\"penci-entry-title entry-title grid-title penci_grid_title_df\"><a\n                            href=\"https:\/\/endoscopiaterapeutica.net\/es\/casosclinicos\/mas-vale-una-mucosectomia-de-colon-en-piecemeal-epmr-bien-hecha-que-un-intento-de-mucosectomia-en-bloque-emr-frustrado-consejos-para-realizarla-sin-miedos\/\">M\u00e1s vale una mucosectom\u00eda de colon en piecemeal (EPMR) bien hecha, que un intento de mucosectom\u00eda en bloque (EMR) frustrado \u2013 \u00a1Consejos para realizarla sin miedos!<\/a>\n                <\/h2>\n\t\t\t\t\t\t\t\t\t\t<div class=\"penci-hide-tagupdated\">\n\t\t\t<span class=\"author-italic author vcard\">por \t\t\t\t\t\t\t\t\t\t<a class=\"author-url url fn n\" href=\"https:\/\/endoscopiaterapeutica.net\/es\/author\/gersonbrasil\/?mab_v3=18718\">Gerson Brasil&nbsp;e&nbsp;Cesar Saul Quevedo Penaloza<\/a>\t\t\t\t\t\t\t\t\t<\/span>\n\t\t\t<time class=\"entry-date published\" datetime=\"2025-07-09T07:00:00+00:00\">09\/07\/2025<\/time>\t\t<\/div>\n\t\t\t\t\t\t\t                    <div class=\"grid-post-box-meta\">\n\t\t\t\t\t\t\t\t\t\t\t\t                            <span class=\"otherl-date-author author-italic author vcard\">por                                     <a class=\"author-url url fn n\" href=\"https:\/\/endoscopiaterapeutica.net\/es\/author\/gersonbrasil\/?mab_v3=18718\">Gerson Brasil&nbsp;e&nbsp;Cesar Saul Quevedo Penaloza<\/a>\t\t\t\t\t\t\t\t<\/span>\n\t\t\t\t\t\t\t\t\t\t\t\t                            <span class=\"otherl-date\"><time class=\"entry-date published\" datetime=\"2025-07-09T07:00:00+00:00\">09\/07\/2025<\/time><\/span>\n\t\t\t\t\t\t\t\t\t\t\t\t\t\t\t\t\t\t\t\t\t\t\t\t\t\t\t\t\t\t\t\t\t\t\t\t                    <\/div>\n\t\t\t\t            <\/div>\n\n\t\t\t                <div class=\"item-content entry-content\">\n\t\t\t\t\t<p>Caso de la vida real, que encontramos durante las agendas de Colonoscopia: Hombre, 60 a\u00f1os, previamente sano, sin comorbilidades ni historial familiar relevante para neoplasias del tracto gastrointestinal, fue sometido &#8230;<\/p>\n                <\/div>\n\t\t\t\n\t\t\t                <div class=\"penci-readmore-btn penci-btn-align-left\">\n                    <a class=\"penci-btn-readmore\"\n                       href=\"https:\/\/endoscopiaterapeutica.net\/es\/casosclinicos\/mas-vale-una-mucosectomia-de-colon-en-piecemeal-epmr-bien-hecha-que-un-intento-de-mucosectomia-en-bloque-emr-frustrado-consejos-para-realizarla-sin-miedos\/\">Lea mas<i class=\"penci-faicon fa fa-angle-double-right\" ><\/i><\/a>\n                <\/div>\n\t\t\t\n\t\t\t        <\/div>\n\n    <\/article>\n<\/li>\n<li class=\"list-post penci-item-listp\">\n    <article id=\"post-18720\" class=\"item hentry\">\n\t\t            <div class=\"thumbnail\">\n\t\t\t\t\n\t\t\t\t                    <a class=\"penci-image-holder penci-lazy\"                       data-bgset=\"https:\/\/endoscopiaterapeutica.net\/es\/wp-content\/uploads\/2024\/01\/dest-cpre-pediatria-585x390.png\"\n                       href=\"https:\/\/endoscopiaterapeutica.net\/es\/articulos-comentados\/cpre-en-pacientes-pediatricos\/\"\n                       title=\"CPRE en pacientes pedi\u00e1tricos\">\n                    <\/a>\n\t\t\t\t\n\t\t\t\t\t\t\t\t\t\t\t\t\t\t\t\t\t\t\t\t\t\t\t\t\t\t\t\t\t\t\t\t\t            <\/div>\n\t\t\n        <div class=\"content-list-right content-list-center\">\n            <div class=\"header-list-style\">\n\t\t\t\t                    <span class=\"cat\"><a style=\"\" class=\"penci-cat-name penci-cat-142\" href=\"https:\/\/endoscopiaterapeutica.net\/es\/category\/articulos-comentados\/\"  rel=\"category tag\"><span style=\"\">Art\u00edculos Comentados<\/span><\/a><\/span>\n\t\t\t\t\n                <h2 class=\"penci-entry-title entry-title grid-title penci_grid_title_df\"><a\n                            href=\"https:\/\/endoscopiaterapeutica.net\/es\/articulos-comentados\/cpre-en-pacientes-pediatricos\/\">CPRE en pacientes pedi\u00e1tricos<\/a>\n                <\/h2>\n\t\t\t\t\t\t\t\t\t\t<div class=\"penci-hide-tagupdated\">\n\t\t\t<span class=\"author-italic author vcard\">por \t\t\t\t\t\t\t\t\t\t<a class=\"author-url url fn n\" href=\"https:\/\/endoscopiaterapeutica.net\/es\/author\/edson-ide\/?mab_v3=18720\">Edson Ide&nbsp;e&nbsp;Cesar Saul Quevedo Penaloza<\/a>\t\t\t\t\t\t\t\t\t<\/span>\n\t\t\t<time class=\"entry-date published\" datetime=\"2025-06-20T05:57:46+00:00\">20\/06\/2025<\/time>\t\t<\/div>\n\t\t\t\t\t\t\t                    <div class=\"grid-post-box-meta\">\n\t\t\t\t\t\t\t\t\t\t\t\t                            <span class=\"otherl-date-author author-italic author vcard\">por                                     <a class=\"author-url url fn n\" href=\"https:\/\/endoscopiaterapeutica.net\/es\/author\/edson-ide\/?mab_v3=18720\">Edson Ide&nbsp;e&nbsp;Cesar Saul Quevedo Penaloza<\/a>\t\t\t\t\t\t\t\t<\/span>\n\t\t\t\t\t\t\t\t\t\t\t\t                            <span class=\"otherl-date\"><time class=\"entry-date published\" datetime=\"2025-06-20T05:57:46+00:00\">20\/06\/2025<\/time><\/span>\n\t\t\t\t\t\t\t\t\t\t\t\t\t\t\t\t\t\t\t\t\t\t\t\t\t\t\t\t\t\t\t\t\t\t\t\t                    <\/div>\n\t\t\t\t            <\/div>\n\n\t\t\t                <div class=\"item-content entry-content\">\n\t\t\t\t\t<p>La colangiopancreatograf\u00eda retr\u00f3grada endosc\u00f3pica (CPRE) es uno de los procedimientos m\u00e1s desafiantes dentro de la endoscopia. No solo por la dificultad t\u00e9cnica, sino por la variedad de patolog\u00edas, variaciones anat\u00f3micas &#8230;<\/p>\n                <\/div>\n\t\t\t\n\t\t\t                <div class=\"penci-readmore-btn penci-btn-align-left\">\n                    <a class=\"penci-btn-readmore\"\n                       href=\"https:\/\/endoscopiaterapeutica.net\/es\/articulos-comentados\/cpre-en-pacientes-pediatricos\/\">Lea mas<i class=\"penci-faicon fa fa-angle-double-right\" ><\/i><\/a>\n                <\/div>\n\t\t\t\n\t\t\t        <\/div>\n\n    <\/article>\n<\/li>\n<li class=\"list-post penci-item-listp\">\n    <article id=\"post-18719\" class=\"item hentry\">\n\t\t            <div class=\"thumbnail\">\n\t\t\t\t\n\t\t\t\t                    <a class=\"penci-image-holder penci-lazy\"                       data-bgset=\"https:\/\/endoscopiaterapeutica.net\/es\/wp-content\/uploads\/2024\/01\/59bc90bc-e081-4c2b-a010-662c2ff5cd57-585x390.jpeg?v=1705605045\"\n                       href=\"https:\/\/endoscopiaterapeutica.net\/es\/articulos-comentados\/relacion-entre-el-uso-preoperatorio-de-la-semaglutida-y-el-contenido-gastrico-residual-estudio-retrospectivo-de-pacientes-sometidos-a-endoscopia-superior-electiva\/\"\n                       title=\"Relaci\u00f3n entre el uso preoperatorio de la semaglutida y el contenido g\u00e1strico residual: estudio retrospectivo de pacientes sometidos a endoscopia superior electiva\">\n                    <\/a>\n\t\t\t\t\n\t\t\t\t\t\t\t\t\t\t\t\t\t\t\t\t\t\t\t\t\t\t\t\t\t\t\t\t\t\t\t\t\t            <\/div>\n\t\t\n        <div class=\"content-list-right content-list-center\">\n            <div class=\"header-list-style\">\n\t\t\t\t                    <span class=\"cat\"><a style=\"\" class=\"penci-cat-name penci-cat-142\" href=\"https:\/\/endoscopiaterapeutica.net\/es\/category\/articulos-comentados\/\"  rel=\"category tag\"><span style=\"\">Art\u00edculos Comentados<\/span><\/a><\/span>\n\t\t\t\t\n                <h2 class=\"penci-entry-title entry-title grid-title penci_grid_title_df\"><a\n                            href=\"https:\/\/endoscopiaterapeutica.net\/es\/articulos-comentados\/relacion-entre-el-uso-preoperatorio-de-la-semaglutida-y-el-contenido-gastrico-residual-estudio-retrospectivo-de-pacientes-sometidos-a-endoscopia-superior-electiva\/\">Relaci\u00f3n entre el uso preoperatorio de la semaglutida y el contenido g\u00e1strico residual: estudio retrospectivo de pacientes sometidos a endoscopia superior electiva<\/a>\n                <\/h2>\n\t\t\t\t\t\t\t\t\t\t<div class=\"penci-hide-tagupdated\">\n\t\t\t<span class=\"author-italic author vcard\">por \t\t\t\t\t\t\t\t\t\t<a class=\"author-url url fn n\" href=\"https:\/\/endoscopiaterapeutica.net\/es\/author\/flavioferreira\/?mab_v3=18719\">Fl\u00e1vio Ferreira&nbsp;e&nbsp;Mart\u00edn Coronel<\/a>\t\t\t\t\t\t\t\t\t<\/span>\n\t\t\t<time class=\"entry-date published\" datetime=\"2024-07-30T20:14:31+00:00\">30\/07\/2024<\/time>\t\t<\/div>\n\t\t\t\t\t\t\t                    <div class=\"grid-post-box-meta\">\n\t\t\t\t\t\t\t\t\t\t\t\t                            <span class=\"otherl-date-author author-italic author vcard\">por                                     <a class=\"author-url url fn n\" href=\"https:\/\/endoscopiaterapeutica.net\/es\/author\/flavioferreira\/?mab_v3=18719\">Fl\u00e1vio Ferreira&nbsp;e&nbsp;Mart\u00edn Coronel<\/a>\t\t\t\t\t\t\t\t<\/span>\n\t\t\t\t\t\t\t\t\t\t\t\t                            <span class=\"otherl-date\"><time class=\"entry-date published\" datetime=\"2024-07-30T20:14:31+00:00\">30\/07\/2024<\/time><\/span>\n\t\t\t\t\t\t\t\t\t\t\t\t\t\t\t\t\t\t\t\t\t\t\t\t\t\t\t\t\t\t\t\t\t\t\t\t                    <\/div>\n\t\t\t\t            <\/div>\n\n\t\t\t                <div class=\"item-content entry-content\">\n\t\t\t\t\t<p>Art\u00edculo original Silveira SQ, da Silva LM, de Campos Vieira Abib A, de Moura DTH, de Moura EGH, Santos LB, Ho AM, Nersessian RSF, Lima FLM, Silva MV, Mizubuti GB. &#8230;<\/p>\n                <\/div>\n\t\t\t\n\t\t\t                <div class=\"penci-readmore-btn penci-btn-align-left\">\n                    <a class=\"penci-btn-readmore\"\n                       href=\"https:\/\/endoscopiaterapeutica.net\/es\/articulos-comentados\/relacion-entre-el-uso-preoperatorio-de-la-semaglutida-y-el-contenido-gastrico-residual-estudio-retrospectivo-de-pacientes-sometidos-a-endoscopia-superior-electiva\/\">Lea mas<i class=\"penci-faicon fa fa-angle-double-right\" ><\/i><\/a>\n                <\/div>\n\t\t\t\n\t\t\t        <\/div>\n\n    <\/article>\n<\/li>\n\n\t\t\t\t\t\t\t\t\t\t\t\t\t\t\t\t\t\t\t\t\t\t\t\t\t\t\t\t<\/ul>\n\t\t\t\t\t\t\t\t\t\t\t\t\t\t\t\t\t\t\t\t\t                        <\/div>\n\n\t\t\t\t\t\t                    <\/div>\n                <\/div>\n\t\t\t            <style>\n                                                                                                                                                                            <\/style>\n\t\t\t\t\t\t\t<\/div>\n\t\t\t\t<\/div>\n\t\t\t\t\t<\/div>\n\t\t<\/div>\n\t\t\t\t\t<\/div>\n\t\t<\/section>\n\t\t\t\t<\/div>\n\t\t","protected":false},"excerpt":{"rendered":"<p>2022 2024 This message appears for administrator users only Latest PostsNo Post Found!<\/p>\n","protected":false},"author":1,"featured_media":0,"parent":2067,"menu_order":0,"comment_status":"closed","ping_status":"closed","template":"elementor_theme","meta":{"_lmt_disableupdate":"","_lmt_disable":"","footnotes":""},"class_list":["post-14890","page","type-page","status-publish","hentry"],"yoast_head":"<!-- This site is optimized with the Yoast SEO Premium plugin v27.2 (Yoast SEO v27.3) - https:\/\/yoast.com\/product\/yoast-seo-premium-wordpress\/ -->\n<title>A\u00f1o 2023 &#8226; Endoscopia Terapeutica<\/title>\n<meta name=\"robots\" content=\"index, follow, max-snippet:-1, max-image-preview:large, max-video-preview:-1\" \/>\n<link rel=\"canonical\" href=\"https:\/\/endoscopiaterapeutica.net\/es\/ediciones\/ano-2023\/\" \/>\n<meta property=\"og:locale\" content=\"es_ES\" \/>\n<meta property=\"og:type\" content=\"article\" \/>\n<meta property=\"og:title\" content=\"A\u00f1o 2023\" \/>\n<meta property=\"og:description\" content=\"2022         2024      This message appears for administrator users onlyLatest PostsNo Post Found!\" \/>\n<meta property=\"og:url\" content=\"https:\/\/endoscopiaterapeutica.net\/es\/ediciones\/ano-2023\/\" \/>\n<meta property=\"og:site_name\" content=\"Endoscopia Terapeutica\" \/>\n<meta property=\"article:publisher\" content=\"https:\/\/www.facebook.com\/endoscopiaterapeuticaes\" \/>\n<meta property=\"article:modified_time\" content=\"2024-01-29T18:50:43+00:00\" \/>\n<meta name=\"twitter:card\" content=\"summary_large_image\" \/>\n<meta name=\"twitter:label1\" content=\"Tiempo de lectura\" \/>\n\t<meta name=\"twitter:data1\" content=\"1 minuto\" \/>\n<script type=\"application\/ld+json\" class=\"yoast-schema-graph\">{\"@context\":\"https:\\\/\\\/schema.org\",\"@graph\":[{\"@type\":\"WebPage\",\"@id\":\"https:\\\/\\\/endoscopiaterapeutica.net\\\/es\\\/ediciones\\\/ano-2023\\\/\",\"url\":\"https:\\\/\\\/endoscopiaterapeutica.net\\\/es\\\/ediciones\\\/ano-2023\\\/\",\"name\":\"A\u00f1o 2023 &#8226; Endoscopia Terapeutica\",\"isPartOf\":{\"@id\":\"https:\\\/\\\/endoscopiaterapeutica.net\\\/es\\\/#website\"},\"datePublished\":\"2023-01-12T18:03:32+00:00\",\"dateModified\":\"2024-01-29T18:50:43+00:00\",\"breadcrumb\":{\"@id\":\"https:\\\/\\\/endoscopiaterapeutica.net\\\/es\\\/ediciones\\\/ano-2023\\\/#breadcrumb\"},\"inLanguage\":\"es\",\"potentialAction\":[{\"@type\":\"ReadAction\",\"target\":[\"https:\\\/\\\/endoscopiaterapeutica.net\\\/es\\\/ediciones\\\/ano-2023\\\/\"]}]},{\"@type\":\"BreadcrumbList\",\"@id\":\"https:\\\/\\\/endoscopiaterapeutica.net\\\/es\\\/ediciones\\\/ano-2023\\\/#breadcrumb\",\"itemListElement\":[{\"@type\":\"ListItem\",\"position\":1,\"name\":\"Home\",\"item\":\"https:\\\/\\\/endoscopiaterapeutica.net\\\/es\\\/\"},{\"@type\":\"ListItem\",\"position\":2,\"name\":\"Ediciones\",\"item\":\"https:\\\/\\\/endoscopiaterapeutica.net\\\/es\\\/ediciones\\\/\"},{\"@type\":\"ListItem\",\"position\":3,\"name\":\"A\u00f1o 2023\"}]},{\"@type\":\"WebSite\",\"@id\":\"https:\\\/\\\/endoscopiaterapeutica.net\\\/es\\\/#website\",\"url\":\"https:\\\/\\\/endoscopiaterapeutica.net\\\/es\\\/\",\"name\":\"Endoscopia Terapeutica\",\"description\":\"Uniendo conocimiento acad\u00e9mico con habilidad cl\u00ednica, Endoscopia Terap\u00eautica es tu gu\u00eda para el progreso en endoscopia digestiva. Educa y enriquece tu pr\u00e1ctica con nosotros.\",\"publisher\":{\"@id\":\"https:\\\/\\\/endoscopiaterapeutica.net\\\/es\\\/#organization\"},\"potentialAction\":[{\"@type\":\"SearchAction\",\"target\":{\"@type\":\"EntryPoint\",\"urlTemplate\":\"https:\\\/\\\/endoscopiaterapeutica.net\\\/es\\\/?s={search_term_string}\"},\"query-input\":{\"@type\":\"PropertyValueSpecification\",\"valueRequired\":true,\"valueName\":\"search_term_string\"}}],\"inLanguage\":\"es\"},{\"@type\":\"Organization\",\"@id\":\"https:\\\/\\\/endoscopiaterapeutica.net\\\/es\\\/#organization\",\"name\":\"Endoscopia Terapeutica\",\"url\":\"https:\\\/\\\/endoscopiaterapeutica.net\\\/es\\\/\",\"logo\":{\"@type\":\"ImageObject\",\"inLanguage\":\"es\",\"@id\":\"https:\\\/\\\/endoscopiaterapeutica.net\\\/es\\\/#\\\/schema\\\/logo\\\/image\\\/\",\"url\":\"https:\\\/\\\/endoscopiaterapeutica.net\\\/es\\\/wp-content\\\/uploads\\\/2023\\\/09\\\/endter.jpg\",\"contentUrl\":\"https:\\\/\\\/endoscopiaterapeutica.net\\\/es\\\/wp-content\\\/uploads\\\/2023\\\/09\\\/endter.jpg\",\"width\":720,\"height\":721,\"caption\":\"Endoscopia Terapeutica\"},\"image\":{\"@id\":\"https:\\\/\\\/endoscopiaterapeutica.net\\\/es\\\/#\\\/schema\\\/logo\\\/image\\\/\"},\"sameAs\":[\"https:\\\/\\\/www.facebook.com\\\/endoscopiaterapeuticaes\",\"https:\\\/\\\/www.instagram.com\\\/endoscopia_terapeutica\\\/\",\"https:\\\/\\\/www.youtube.com\\\/@endoscopyonline\"]}]}<\/script>\n<!-- \/ Yoast SEO Premium plugin. -->","yoast_head_json":{"title":"A\u00f1o 2023 &#8226; Endoscopia Terapeutica","robots":{"index":"index","follow":"follow","max-snippet":"max-snippet:-1","max-image-preview":"max-image-preview:large","max-video-preview":"max-video-preview:-1"},"canonical":"https:\/\/endoscopiaterapeutica.net\/es\/ediciones\/ano-2023\/","og_locale":"es_ES","og_type":"article","og_title":"A\u00f1o 2023","og_description":"2022         2024      This message appears for administrator users onlyLatest PostsNo Post Found!","og_url":"https:\/\/endoscopiaterapeutica.net\/es\/ediciones\/ano-2023\/","og_site_name":"Endoscopia Terapeutica","article_publisher":"https:\/\/www.facebook.com\/endoscopiaterapeuticaes","article_modified_time":"2024-01-29T18:50:43+00:00","twitter_card":"summary_large_image","twitter_misc":{"Tiempo de lectura":"1 minuto"},"schema":{"@context":"https:\/\/schema.org","@graph":[{"@type":"WebPage","@id":"https:\/\/endoscopiaterapeutica.net\/es\/ediciones\/ano-2023\/","url":"https:\/\/endoscopiaterapeutica.net\/es\/ediciones\/ano-2023\/","name":"A\u00f1o 2023 &#8226; Endoscopia Terapeutica","isPartOf":{"@id":"https:\/\/endoscopiaterapeutica.net\/es\/#website"},"datePublished":"2023-01-12T18:03:32+00:00","dateModified":"2024-01-29T18:50:43+00:00","breadcrumb":{"@id":"https:\/\/endoscopiaterapeutica.net\/es\/ediciones\/ano-2023\/#breadcrumb"},"inLanguage":"es","potentialAction":[{"@type":"ReadAction","target":["https:\/\/endoscopiaterapeutica.net\/es\/ediciones\/ano-2023\/"]}]},{"@type":"BreadcrumbList","@id":"https:\/\/endoscopiaterapeutica.net\/es\/ediciones\/ano-2023\/#breadcrumb","itemListElement":[{"@type":"ListItem","position":1,"name":"Home","item":"https:\/\/endoscopiaterapeutica.net\/es\/"},{"@type":"ListItem","position":2,"name":"Ediciones","item":"https:\/\/endoscopiaterapeutica.net\/es\/ediciones\/"},{"@type":"ListItem","position":3,"name":"A\u00f1o 2023"}]},{"@type":"WebSite","@id":"https:\/\/endoscopiaterapeutica.net\/es\/#website","url":"https:\/\/endoscopiaterapeutica.net\/es\/","name":"Endoscopia Terapeutica","description":"Uniendo conocimiento acad\u00e9mico con habilidad cl\u00ednica, Endoscopia Terap\u00eautica es tu gu\u00eda para el progreso en endoscopia digestiva. Educa y enriquece tu pr\u00e1ctica con nosotros.","publisher":{"@id":"https:\/\/endoscopiaterapeutica.net\/es\/#organization"},"potentialAction":[{"@type":"SearchAction","target":{"@type":"EntryPoint","urlTemplate":"https:\/\/endoscopiaterapeutica.net\/es\/?s={search_term_string}"},"query-input":{"@type":"PropertyValueSpecification","valueRequired":true,"valueName":"search_term_string"}}],"inLanguage":"es"},{"@type":"Organization","@id":"https:\/\/endoscopiaterapeutica.net\/es\/#organization","name":"Endoscopia Terapeutica","url":"https:\/\/endoscopiaterapeutica.net\/es\/","logo":{"@type":"ImageObject","inLanguage":"es","@id":"https:\/\/endoscopiaterapeutica.net\/es\/#\/schema\/logo\/image\/","url":"https:\/\/endoscopiaterapeutica.net\/es\/wp-content\/uploads\/2023\/09\/endter.jpg","contentUrl":"https:\/\/endoscopiaterapeutica.net\/es\/wp-content\/uploads\/2023\/09\/endter.jpg","width":720,"height":721,"caption":"Endoscopia Terapeutica"},"image":{"@id":"https:\/\/endoscopiaterapeutica.net\/es\/#\/schema\/logo\/image\/"},"sameAs":["https:\/\/www.facebook.com\/endoscopiaterapeuticaes","https:\/\/www.instagram.com\/endoscopia_terapeutica\/","https:\/\/www.youtube.com\/@endoscopyonline"]}]}},"_links":{"self":[{"href":"https:\/\/endoscopiaterapeutica.net\/es\/wp-json\/wp\/v2\/pages\/14890","targetHints":{"allow":["GET"]}}],"collection":[{"href":"https:\/\/endoscopiaterapeutica.net\/es\/wp-json\/wp\/v2\/pages"}],"about":[{"href":"https:\/\/endoscopiaterapeutica.net\/es\/wp-json\/wp\/v2\/types\/page"}],"author":[{"embeddable":true,"href":"https:\/\/endoscopiaterapeutica.net\/es\/wp-json\/wp\/v2\/users\/1"}],"replies":[{"embeddable":true,"href":"https:\/\/endoscopiaterapeutica.net\/es\/wp-json\/wp\/v2\/comments?post=14890"}],"version-history":[{"count":14,"href":"https:\/\/endoscopiaterapeutica.net\/es\/wp-json\/wp\/v2\/pages\/14890\/revisions"}],"predecessor-version":[{"id":18810,"href":"https:\/\/endoscopiaterapeutica.net\/es\/wp-json\/wp\/v2\/pages\/14890\/revisions\/18810"}],"up":[{"embeddable":true,"href":"https:\/\/endoscopiaterapeutica.net\/es\/wp-json\/wp\/v2\/pages\/2067"}],"wp:attachment":[{"href":"https:\/\/endoscopiaterapeutica.net\/es\/wp-json\/wp\/v2\/media?parent=14890"}],"curies":[{"name":"wp","href":"https:\/\/api.w.org\/{rel}","templated":true}]}}