{"id":10920,"date":"2022-02-02T11:51:26","date_gmt":"2022-02-02T11:51:26","guid":{"rendered":"https:\/\/endoscopiaterapeutica.net\/es\/?page_id=10920"},"modified":"2024-01-16T14:07:33","modified_gmt":"2024-01-16T14:07:33","slug":"ano-2022","status":"publish","type":"page","link":"https:\/\/endoscopiaterapeutica.net\/es\/ediciones\/ano-2022\/","title":{"rendered":"A\u00f1o 2022"},"content":{"rendered":"\t\t<div data-elementor-type=\"wp-page\" data-elementor-id=\"10920\" class=\"elementor elementor-10920\">\n\t\t\t\t\t\t<section class=\"penci-section penci-disSticky penci-structure-20 elementor-section elementor-top-section elementor-element elementor-element-c02c00c navegacao-ano elementor-section-boxed elementor-section-height-default elementor-section-height-default\" data-id=\"c02c00c\" data-element_type=\"section\" data-e-type=\"section\">\n\t\t\t\t\t\t<div class=\"elementor-container elementor-column-gap-default\">\n\t\t\t\t\t<div class=\"penci-ercol-50 penci-ercol-order-1 penci-sticky-ct    elementor-column elementor-col-50 elementor-top-column elementor-element elementor-element-bfc3948\" data-id=\"bfc3948\" data-element_type=\"column\" data-e-type=\"column\">\n\t\t\t<div class=\"elementor-widget-wrap elementor-element-populated\">\n\t\t\t\t\t\t<div class=\"elementor-element elementor-element-ba2f34f elementor-button-info elementor-align-left elementor-widget elementor-widget-button\" data-id=\"ba2f34f\" data-element_type=\"widget\" data-e-type=\"widget\" data-widget_type=\"button.default\">\n\t\t\t\t<div class=\"elementor-widget-container\">\n\t\t\t\t\t\t\t\t\t<div class=\"elementor-button-wrapper\">\n\t\t\t\t\t<a class=\"elementor-button elementor-button-link elementor-size-sm\" href=\"https:\/\/endoscopiaterapeutica.net\/es\/edicoes\/ano-2021\/\">\n\t\t\t\t\t\t<span class=\"elementor-button-content-wrapper\">\n\t\t\t\t\t\t\t\t\t<span class=\"elementor-button-text\"><i class=\"penci-faicon fa fa-angle-double-left\"><\/i> 2021<\/span>\n\t\t\t\t\t<\/span>\n\t\t\t\t\t<\/a>\n\t\t\t\t<\/div>\n\t\t\t\t\t\t\t\t<\/div>\n\t\t\t\t<\/div>\n\t\t\t\t\t<\/div>\n\t\t<\/div>\n\t\t\t\t<div class=\"penci-ercol-50 penci-ercol-order-2 penci-sticky-ct    elementor-column elementor-col-50 elementor-top-column elementor-element elementor-element-60c776b\" data-id=\"60c776b\" data-element_type=\"column\" data-e-type=\"column\">\n\t\t\t<div class=\"elementor-widget-wrap elementor-element-populated\">\n\t\t\t\t\t\t<div class=\"elementor-element elementor-element-0c4833b elementor-button-info elementor-align-right elementor-widget elementor-widget-button\" data-id=\"0c4833b\" data-element_type=\"widget\" data-e-type=\"widget\" data-widget_type=\"button.default\">\n\t\t\t\t<div class=\"elementor-widget-container\">\n\t\t\t\t\t\t\t\t\t<div class=\"elementor-button-wrapper\">\n\t\t\t\t\t<a class=\"elementor-button elementor-button-link elementor-size-sm\" href=\"https:\/\/endoscopiaterapeutica.net\/es\/edicoes\/ano-2023\/\">\n\t\t\t\t\t\t<span class=\"elementor-button-content-wrapper\">\n\t\t\t\t\t\t\t\t\t<span class=\"elementor-button-text\">2023 <i class=\"penci-faicon fa fa-angle-double-right\"><\/i><\/span>\n\t\t\t\t\t<\/span>\n\t\t\t\t\t<\/a>\n\t\t\t\t<\/div>\n\t\t\t\t\t\t\t\t<\/div>\n\t\t\t\t<\/div>\n\t\t\t\t\t<\/div>\n\t\t<\/div>\n\t\t\t\t\t<\/div>\n\t\t<\/section>\n\t\t\t\t<section class=\"penci-section penci-disSticky penci-structure-10 elementor-section elementor-top-section elementor-element elementor-element-d2942f5 elementor-section-boxed elementor-section-height-default elementor-section-height-default\" data-id=\"d2942f5\" data-element_type=\"section\" data-e-type=\"section\">\n\t\t\t\t\t\t<div class=\"elementor-container elementor-column-gap-default\">\n\t\t\t\t\t<div class=\"penci-ercol-100 penci-ercol-order-1 penci-sticky-ct    elementor-column elementor-col-100 elementor-top-column elementor-element elementor-element-320c86d\" data-id=\"320c86d\" data-element_type=\"column\" data-e-type=\"column\">\n\t\t\t<div class=\"elementor-widget-wrap elementor-element-populated\">\n\t\t\t\t\t\t<div class=\"elementor-element elementor-element-fc0ba30 elementor-widget elementor-widget-penci-latest-posts\" data-id=\"fc0ba30\" data-element_type=\"widget\" data-e-type=\"widget\" data-widget_type=\"penci-latest-posts.default\">\n\t\t\t\t<div class=\"elementor-widget-container\">\n\t\t\t\t\t                <div id=\"pencilatest_posts_78205\" class=\"penci-latest-posts-sc penci-latest-posts-list penci-latest-posts-el penci-el-mixed-s1 penci-std-continue-center penci-std-excerpt-center penci-grid-excerpt-left\">\n\t\t\t\t\t\t\t\t\t\t\t                        <div class=\"penci-border-arrow penci-homepage-title penci-home-latest-posts style-5 pcalign-left pciconp-right pcicon-right\">\n                            <h3 class=\"inner-arrow\">\n                                <span>\n\t\t\t\t\t\t\t\t<span>\u00daltimos Art\u00edculos<\/span>                                <\/span>\n                            <\/h3>\n\t\t\t\t\t\t\t                        <\/div>\n\t\t\t\t\t                    <div class=\"penci-wrapper-posts-ajax\">\n\n                        <div class=\"penci-wrapper-posts-content pwid-default\">\n\n\t\t\t\t\t\t\t\t\t\t\t\t\t\t\t                                <ul data-layout=\"list\"\n                                    class=\"penci-wrapper-data penci-grid penci-shortcode-render\">\t\t\t\t\t\t\t\t\t\t\t\t\t\t\t\t\t\t\t\t\t\t\t\t\t\t\t\t\t<li class=\"list-post penci-item-listp\">\n    <article id=\"post-18780\" class=\"item hentry\">\n\t\t            <div class=\"thumbnail\">\n\t\t\t\t\n\t\t\t\t                    <a class=\"penci-image-holder penci-lazy\"                       data-bgset=\"https:\/\/endoscopiaterapeutica.net\/es\/wp-content\/uploads\/2024\/01\/image-7-546x390.png\"\n                       href=\"https:\/\/endoscopiaterapeutica.net\/es\/temas-generales\/hallazgos-endoscopicos-relacionados-com-infeccion-por-h-pylori\/\"\n                       title=\"Hallazgos endosc\u00f3picos relacionados com infecci\u00f3n por H. pylori\">\n                    <\/a>\n\t\t\t\t\n\t\t\t\t\t\t\t\t\t\t\t\t\t\t\t\t\t\t\t\t\t\t\t\t\t\t\t\t\t\t\t\t\t            <\/div>\n\t\t\n        <div class=\"content-list-right content-list-center\">\n            <div class=\"header-list-style\">\n\t\t\t\t                    <span class=\"cat\"><a style=\"\" class=\"penci-cat-name penci-cat-151\" href=\"https:\/\/endoscopiaterapeutica.net\/es\/category\/temas-generales\/\"  rel=\"category tag\"><span style=\"\">Temas generales<\/span><\/a><\/span>\n\t\t\t\t\n                <h2 class=\"penci-entry-title entry-title grid-title penci_grid_title_df\"><a\n                            href=\"https:\/\/endoscopiaterapeutica.net\/es\/temas-generales\/hallazgos-endoscopicos-relacionados-com-infeccion-por-h-pylori\/\">Hallazgos endosc\u00f3picos relacionados com infecci\u00f3n por H. pylori<\/a>\n                <\/h2>\n\t\t\t\t\t\t\t\t\t\t<div class=\"penci-hide-tagupdated\">\n\t\t\t<span class=\"author-italic author vcard\">por \t\t\t\t\t\t\t\t\t\t<a class=\"author-url url fn n\" href=\"https:\/\/endoscopiaterapeutica.net\/es\/author\/nobre-renata\/?mab_v3=18780\">Renata Nobre,&nbsp;ELISA RYOKA BABA&nbsp;e&nbsp;Cesar Saul Quevedo Penaloza<\/a>\t\t\t\t\t\t\t\t\t<\/span>\n\t\t\t<time class=\"entry-date published\" datetime=\"2025-07-07T07:00:00+00:00\">07\/07\/2025<\/time>\t\t<\/div>\n\t\t\t\t\t\t\t                    <div class=\"grid-post-box-meta\">\n\t\t\t\t\t\t\t\t\t\t\t\t                            <span class=\"otherl-date-author author-italic author vcard\">por                                     <a class=\"author-url url fn n\" href=\"https:\/\/endoscopiaterapeutica.net\/es\/author\/nobre-renata\/?mab_v3=18780\">Renata Nobre,&nbsp;ELISA RYOKA BABA&nbsp;e&nbsp;Cesar Saul Quevedo Penaloza<\/a>\t\t\t\t\t\t\t\t<\/span>\n\t\t\t\t\t\t\t\t\t\t\t\t                            <span class=\"otherl-date\"><time class=\"entry-date published\" datetime=\"2025-07-07T07:00:00+00:00\">07\/07\/2025<\/time><\/span>\n\t\t\t\t\t\t\t\t\t\t\t\t\t\t\t\t\t\t\t\t\t\t\t\t\t\t\t\t\t\t\t\t\t\t\t\t                    <\/div>\n\t\t\t\t            <\/div>\n\n\t\t\t                <div class=\"item-content entry-content\">\n\t\t\t\t\t<p>El H pylori El Helicobacter pylori es una bacteria gram-negativa que induce reacciones celulares y qu\u00edmicas en el est\u00f3mago, siendo considerada un carcin\u00f3geno humano. Su diagn\u00f3stico y tratamiento tienen un &#8230;<\/p>\n                <\/div>\n\t\t\t\n\t\t\t                <div class=\"penci-readmore-btn penci-btn-align-left\">\n                    <a class=\"penci-btn-readmore\"\n                       href=\"https:\/\/endoscopiaterapeutica.net\/es\/temas-generales\/hallazgos-endoscopicos-relacionados-com-infeccion-por-h-pylori\/\">Lea mas<i class=\"penci-faicon fa fa-angle-double-right\" ><\/i><\/a>\n                <\/div>\n\t\t\t\n\t\t\t        <\/div>\n\n    <\/article>\n<\/li>\n<li class=\"list-post penci-item-listp\">\n    <article id=\"post-18774\" class=\"item hentry\">\n\t\t            <div class=\"thumbnail\">\n\t\t\t\t\n\t\t\t\t                    <a class=\"penci-image-holder penci-lazy\"                       data-bgset=\"https:\/\/endoscopiaterapeutica.net\/es\/wp-content\/uploads\/2024\/01\/PHOTO-2022-12-17-17-28-34-585x390.jpg?v=1706377564\"\n                       href=\"https:\/\/endoscopiaterapeutica.net\/es\/temas-generales\/estenosis-biliar-indeterminada-importantes-conceptos-que-necesitas-conocer\/\"\n                       title=\"Estenosis biliar indeterminada \u2013 importantes conceptos que necesitas conocer\">\n                    <\/a>\n\t\t\t\t\n\t\t\t\t\t\t\t\t\t\t\t\t\t\t\t\t\t\t\t\t\t\t\t\t\t\t\t\t\t\t\t\t\t            <\/div>\n\t\t\n        <div class=\"content-list-right content-list-center\">\n            <div class=\"header-list-style\">\n\t\t\t\t                    <span class=\"cat\"><a style=\"\" class=\"penci-cat-name penci-cat-151\" href=\"https:\/\/endoscopiaterapeutica.net\/es\/category\/temas-generales\/\"  rel=\"category tag\"><span style=\"\">Temas generales<\/span><\/a><\/span>\n\t\t\t\t\n                <h2 class=\"penci-entry-title entry-title grid-title penci_grid_title_df\"><a\n                            href=\"https:\/\/endoscopiaterapeutica.net\/es\/temas-generales\/estenosis-biliar-indeterminada-importantes-conceptos-que-necesitas-conocer\/\">Estenosis biliar indeterminada \u2013 importantes conceptos que necesitas conocer<\/a>\n                <\/h2>\n\t\t\t\t\t\t\t\t\t\t<div class=\"penci-hide-tagupdated\">\n\t\t\t<span class=\"author-italic author vcard\">por \t\t\t\t\t\t\t\t\t\t<a class=\"author-url url fn n\" href=\"https:\/\/endoscopiaterapeutica.net\/es\/author\/gersonbrasil\/?mab_v3=18774\">Gerson Brasil&nbsp;e&nbsp;Cesar Saul Quevedo Penaloza<\/a>\t\t\t\t\t\t\t\t\t<\/span>\n\t\t\t<time class=\"entry-date published\" datetime=\"2025-07-06T15:28:05+00:00\">06\/07\/2025<\/time>\t\t<\/div>\n\t\t\t\t\t\t\t                    <div class=\"grid-post-box-meta\">\n\t\t\t\t\t\t\t\t\t\t\t\t                            <span class=\"otherl-date-author author-italic author vcard\">por                                     <a class=\"author-url url fn n\" href=\"https:\/\/endoscopiaterapeutica.net\/es\/author\/gersonbrasil\/?mab_v3=18774\">Gerson Brasil&nbsp;e&nbsp;Cesar Saul Quevedo Penaloza<\/a>\t\t\t\t\t\t\t\t<\/span>\n\t\t\t\t\t\t\t\t\t\t\t\t                            <span class=\"otherl-date\"><time class=\"entry-date published\" datetime=\"2025-07-06T15:28:05+00:00\">06\/07\/2025<\/time><\/span>\n\t\t\t\t\t\t\t\t\t\t\t\t\t\t\t\t\t\t\t\t\t\t\t\t\t\t\t\t\t\t\t\t\t\t\t\t                    <\/div>\n\t\t\t\t            <\/div>\n\n\t\t\t                <div class=\"item-content entry-content\">\n\t\t\t\t\t<p>La presentaci\u00f3n cl\u00ednica de las estenosis biliares es amplia, variando desde im\u00e1genes incidentales y hallazgos de laboratorio hasta s\u00edntomas de ictericia, dolor abdominal, prurito y colangitis, por lo tanto, una &#8230;<\/p>\n                <\/div>\n\t\t\t\n\t\t\t                <div class=\"penci-readmore-btn penci-btn-align-left\">\n                    <a class=\"penci-btn-readmore\"\n                       href=\"https:\/\/endoscopiaterapeutica.net\/es\/temas-generales\/estenosis-biliar-indeterminada-importantes-conceptos-que-necesitas-conocer\/\">Lea mas<i class=\"penci-faicon fa fa-angle-double-right\" ><\/i><\/a>\n                <\/div>\n\t\t\t\n\t\t\t        <\/div>\n\n    <\/article>\n<\/li>\n<li class=\"list-post penci-item-listp\">\n    <article id=\"post-18775\" class=\"item hentry\">\n\t\t            <div class=\"thumbnail\">\n\t\t\t\t\n\t\t\t\t                    <a class=\"penci-image-holder penci-lazy\"                       data-bgset=\"https:\/\/endoscopiaterapeutica.net\/es\/wp-content\/uploads\/2024\/01\/cancer-de-colon-732x450-1-585x390.jpg?v=1706378458\"\n                       href=\"https:\/\/endoscopiaterapeutica.net\/es\/temas-generales\/tratamiento-del-volvulo-de-colon-y-de-la-pseudo-obstruccion-aguda-del-colon-sindrome-de-ogilvie\/\"\n                       title=\"Tratamiento del V\u00f3lvulo de Colon y de la Pseudo-Obstrucci\u00f3n Aguda del Colon (S\u00edndrome de Ogilvie)\">\n                    <\/a>\n\t\t\t\t\n\t\t\t\t\t\t\t\t\t\t\t\t\t\t\t\t\t\t\t\t\t\t\t\t\t\t\t\t\t\t\t\t\t            <\/div>\n\t\t\n        <div class=\"content-list-right content-list-center\">\n            <div class=\"header-list-style\">\n\t\t\t\t                    <span class=\"cat\"><a style=\"\" class=\"penci-cat-name penci-cat-151\" href=\"https:\/\/endoscopiaterapeutica.net\/es\/category\/temas-generales\/\"  rel=\"category tag\"><span style=\"\">Temas generales<\/span><\/a><\/span>\n\t\t\t\t\n                <h2 class=\"penci-entry-title entry-title grid-title penci_grid_title_df\"><a\n                            href=\"https:\/\/endoscopiaterapeutica.net\/es\/temas-generales\/tratamiento-del-volvulo-de-colon-y-de-la-pseudo-obstruccion-aguda-del-colon-sindrome-de-ogilvie\/\">Tratamiento del V\u00f3lvulo de Colon y de la Pseudo-Obstrucci\u00f3n Aguda del Colon (S\u00edndrome de Ogilvie)<\/a>\n                <\/h2>\n\t\t\t\t\t\t\t\t\t\t<div class=\"penci-hide-tagupdated\">\n\t\t\t<span class=\"author-italic author vcard\">por \t\t\t\t\t\t\t\t\t\t<a class=\"author-url url fn n\" href=\"https:\/\/endoscopiaterapeutica.net\/es\/author\/mgmcamargo\/?mab_v3=18775\">Mariane Gouvea Monteiro de Camargo&nbsp;e&nbsp;Cesar Saul Quevedo Penaloza<\/a>\t\t\t\t\t\t\t\t\t<\/span>\n\t\t\t<time class=\"entry-date published\" datetime=\"2025-05-25T20:54:57+00:00\">25\/05\/2025<\/time>\t\t<\/div>\n\t\t\t\t\t\t\t                    <div class=\"grid-post-box-meta\">\n\t\t\t\t\t\t\t\t\t\t\t\t                            <span class=\"otherl-date-author author-italic author vcard\">por                                     <a class=\"author-url url fn n\" href=\"https:\/\/endoscopiaterapeutica.net\/es\/author\/mgmcamargo\/?mab_v3=18775\">Mariane Gouvea Monteiro de Camargo&nbsp;e&nbsp;Cesar Saul Quevedo Penaloza<\/a>\t\t\t\t\t\t\t\t<\/span>\n\t\t\t\t\t\t\t\t\t\t\t\t                            <span class=\"otherl-date\"><time class=\"entry-date published\" datetime=\"2025-05-25T20:54:57+00:00\">25\/05\/2025<\/time><\/span>\n\t\t\t\t\t\t\t\t\t\t\t\t\t\t\t\t\t\t\t\t\t\t\t\t\t\t\t\t\t\t\t\t\t\t\t\t                    <\/div>\n\t\t\t\t            <\/div>\n\n\t\t\t                <div class=\"item-content entry-content\">\n\t\t\t\t\t<p>Las obstrucciones de colon pueden ser mec\u00e1nicas o no mec\u00e1nicas y constituyen alrededor del 25% de todas las obstrucciones intestinales. Entre las causas mec\u00e1nicas, las m\u00e1s comunes son: El v\u00f3lvulo &#8230;<\/p>\n                <\/div>\n\t\t\t\n\t\t\t                <div class=\"penci-readmore-btn penci-btn-align-left\">\n                    <a class=\"penci-btn-readmore\"\n                       href=\"https:\/\/endoscopiaterapeutica.net\/es\/temas-generales\/tratamiento-del-volvulo-de-colon-y-de-la-pseudo-obstruccion-aguda-del-colon-sindrome-de-ogilvie\/\">Lea mas<i class=\"penci-faicon fa fa-angle-double-right\" ><\/i><\/a>\n                <\/div>\n\t\t\t\n\t\t\t        <\/div>\n\n    <\/article>\n<\/li>\n\n\t\t\t\t\t\t\t\t\t\t\t\t\t\t\t\t\t\t\t\t\t\t\t\t\t\t\t\t<\/ul>\n\t\t\t\t\t\t\t\t\t\t\t\t\t\t\t\t\t\t\t\t\t                        <\/div>\n\n\t\t\t\t\t\t                    <\/div>\n                <\/div>\n\t\t\t            <style>\n                                                                                                                                                                            <\/style>\n\t\t\t\t\t\t\t<\/div>\n\t\t\t\t<\/div>\n\t\t\t\t\t<\/div>\n\t\t<\/div>\n\t\t\t\t\t<\/div>\n\t\t<\/section>\n\t\t\t\t<\/div>\n\t\t","protected":false},"excerpt":{"rendered":"<p>2021 2023 This message appears for administrator users only Latest PostsNo Post Found!<\/p>\n","protected":false},"author":1,"featured_media":0,"parent":2067,"menu_order":0,"comment_status":"closed","ping_status":"closed","template":"elementor_theme","meta":{"_lmt_disableupdate":"","_lmt_disable":"","footnotes":""},"class_list":["post-10920","page","type-page","status-publish","hentry"],"yoast_head":"<!-- This site is optimized with the Yoast SEO Premium plugin v27.2 (Yoast SEO v27.3) - https:\/\/yoast.com\/product\/yoast-seo-premium-wordpress\/ -->\n<title>A\u00f1o 2022 &#8226; Endoscopia Terapeutica<\/title>\n<meta name=\"robots\" content=\"index, follow, max-snippet:-1, max-image-preview:large, max-video-preview:-1\" \/>\n<link rel=\"canonical\" href=\"https:\/\/endoscopiaterapeutica.net\/es\/ediciones\/ano-2022\/\" \/>\n<meta property=\"og:locale\" content=\"es_ES\" \/>\n<meta property=\"og:type\" content=\"article\" \/>\n<meta property=\"og:title\" content=\"A\u00f1o 2022\" \/>\n<meta property=\"og:description\" content=\"2021         2023      This message appears for administrator users onlyLatest PostsNo Post Found!\" \/>\n<meta property=\"og:url\" content=\"https:\/\/endoscopiaterapeutica.net\/es\/ediciones\/ano-2022\/\" \/>\n<meta property=\"og:site_name\" content=\"Endoscopia Terapeutica\" \/>\n<meta property=\"article:publisher\" content=\"https:\/\/www.facebook.com\/endoscopiaterapeuticaes\" \/>\n<meta property=\"article:modified_time\" content=\"2024-01-16T14:07:33+00:00\" \/>\n<meta name=\"twitter:card\" content=\"summary_large_image\" \/>\n<meta name=\"twitter:label1\" content=\"Tiempo de lectura\" \/>\n\t<meta name=\"twitter:data1\" content=\"1 minuto\" \/>\n<script type=\"application\/ld+json\" class=\"yoast-schema-graph\">{\"@context\":\"https:\\\/\\\/schema.org\",\"@graph\":[{\"@type\":\"WebPage\",\"@id\":\"https:\\\/\\\/endoscopiaterapeutica.net\\\/es\\\/ediciones\\\/ano-2022\\\/\",\"url\":\"https:\\\/\\\/endoscopiaterapeutica.net\\\/es\\\/ediciones\\\/ano-2022\\\/\",\"name\":\"A\u00f1o 2022 &#8226; Endoscopia Terapeutica\",\"isPartOf\":{\"@id\":\"https:\\\/\\\/endoscopiaterapeutica.net\\\/es\\\/#website\"},\"datePublished\":\"2022-02-02T11:51:26+00:00\",\"dateModified\":\"2024-01-16T14:07:33+00:00\",\"breadcrumb\":{\"@id\":\"https:\\\/\\\/endoscopiaterapeutica.net\\\/es\\\/ediciones\\\/ano-2022\\\/#breadcrumb\"},\"inLanguage\":\"es\",\"potentialAction\":[{\"@type\":\"ReadAction\",\"target\":[\"https:\\\/\\\/endoscopiaterapeutica.net\\\/es\\\/ediciones\\\/ano-2022\\\/\"]}]},{\"@type\":\"BreadcrumbList\",\"@id\":\"https:\\\/\\\/endoscopiaterapeutica.net\\\/es\\\/ediciones\\\/ano-2022\\\/#breadcrumb\",\"itemListElement\":[{\"@type\":\"ListItem\",\"position\":1,\"name\":\"Home\",\"item\":\"https:\\\/\\\/endoscopiaterapeutica.net\\\/es\\\/\"},{\"@type\":\"ListItem\",\"position\":2,\"name\":\"Ediciones\",\"item\":\"https:\\\/\\\/endoscopiaterapeutica.net\\\/es\\\/ediciones\\\/\"},{\"@type\":\"ListItem\",\"position\":3,\"name\":\"A\u00f1o 2022\"}]},{\"@type\":\"WebSite\",\"@id\":\"https:\\\/\\\/endoscopiaterapeutica.net\\\/es\\\/#website\",\"url\":\"https:\\\/\\\/endoscopiaterapeutica.net\\\/es\\\/\",\"name\":\"Endoscopia Terapeutica\",\"description\":\"Uniendo conocimiento acad\u00e9mico con habilidad cl\u00ednica, Endoscopia Terap\u00eautica es tu gu\u00eda para el progreso en endoscopia digestiva. Educa y enriquece tu pr\u00e1ctica con nosotros.\",\"publisher\":{\"@id\":\"https:\\\/\\\/endoscopiaterapeutica.net\\\/es\\\/#organization\"},\"potentialAction\":[{\"@type\":\"SearchAction\",\"target\":{\"@type\":\"EntryPoint\",\"urlTemplate\":\"https:\\\/\\\/endoscopiaterapeutica.net\\\/es\\\/?s={search_term_string}\"},\"query-input\":{\"@type\":\"PropertyValueSpecification\",\"valueRequired\":true,\"valueName\":\"search_term_string\"}}],\"inLanguage\":\"es\"},{\"@type\":\"Organization\",\"@id\":\"https:\\\/\\\/endoscopiaterapeutica.net\\\/es\\\/#organization\",\"name\":\"Endoscopia Terapeutica\",\"url\":\"https:\\\/\\\/endoscopiaterapeutica.net\\\/es\\\/\",\"logo\":{\"@type\":\"ImageObject\",\"inLanguage\":\"es\",\"@id\":\"https:\\\/\\\/endoscopiaterapeutica.net\\\/es\\\/#\\\/schema\\\/logo\\\/image\\\/\",\"url\":\"https:\\\/\\\/endoscopiaterapeutica.net\\\/es\\\/wp-content\\\/uploads\\\/2023\\\/09\\\/endter.jpg\",\"contentUrl\":\"https:\\\/\\\/endoscopiaterapeutica.net\\\/es\\\/wp-content\\\/uploads\\\/2023\\\/09\\\/endter.jpg\",\"width\":720,\"height\":721,\"caption\":\"Endoscopia Terapeutica\"},\"image\":{\"@id\":\"https:\\\/\\\/endoscopiaterapeutica.net\\\/es\\\/#\\\/schema\\\/logo\\\/image\\\/\"},\"sameAs\":[\"https:\\\/\\\/www.facebook.com\\\/endoscopiaterapeuticaes\",\"https:\\\/\\\/www.instagram.com\\\/endoscopia_terapeutica\\\/\",\"https:\\\/\\\/www.youtube.com\\\/@endoscopyonline\"]}]}<\/script>\n<!-- \/ Yoast SEO Premium plugin. -->","yoast_head_json":{"title":"A\u00f1o 2022 &#8226; Endoscopia Terapeutica","robots":{"index":"index","follow":"follow","max-snippet":"max-snippet:-1","max-image-preview":"max-image-preview:large","max-video-preview":"max-video-preview:-1"},"canonical":"https:\/\/endoscopiaterapeutica.net\/es\/ediciones\/ano-2022\/","og_locale":"es_ES","og_type":"article","og_title":"A\u00f1o 2022","og_description":"2021         2023      This message appears for administrator users onlyLatest PostsNo Post Found!","og_url":"https:\/\/endoscopiaterapeutica.net\/es\/ediciones\/ano-2022\/","og_site_name":"Endoscopia Terapeutica","article_publisher":"https:\/\/www.facebook.com\/endoscopiaterapeuticaes","article_modified_time":"2024-01-16T14:07:33+00:00","twitter_card":"summary_large_image","twitter_misc":{"Tiempo de lectura":"1 minuto"},"schema":{"@context":"https:\/\/schema.org","@graph":[{"@type":"WebPage","@id":"https:\/\/endoscopiaterapeutica.net\/es\/ediciones\/ano-2022\/","url":"https:\/\/endoscopiaterapeutica.net\/es\/ediciones\/ano-2022\/","name":"A\u00f1o 2022 &#8226; Endoscopia Terapeutica","isPartOf":{"@id":"https:\/\/endoscopiaterapeutica.net\/es\/#website"},"datePublished":"2022-02-02T11:51:26+00:00","dateModified":"2024-01-16T14:07:33+00:00","breadcrumb":{"@id":"https:\/\/endoscopiaterapeutica.net\/es\/ediciones\/ano-2022\/#breadcrumb"},"inLanguage":"es","potentialAction":[{"@type":"ReadAction","target":["https:\/\/endoscopiaterapeutica.net\/es\/ediciones\/ano-2022\/"]}]},{"@type":"BreadcrumbList","@id":"https:\/\/endoscopiaterapeutica.net\/es\/ediciones\/ano-2022\/#breadcrumb","itemListElement":[{"@type":"ListItem","position":1,"name":"Home","item":"https:\/\/endoscopiaterapeutica.net\/es\/"},{"@type":"ListItem","position":2,"name":"Ediciones","item":"https:\/\/endoscopiaterapeutica.net\/es\/ediciones\/"},{"@type":"ListItem","position":3,"name":"A\u00f1o 2022"}]},{"@type":"WebSite","@id":"https:\/\/endoscopiaterapeutica.net\/es\/#website","url":"https:\/\/endoscopiaterapeutica.net\/es\/","name":"Endoscopia Terapeutica","description":"Uniendo conocimiento acad\u00e9mico con habilidad cl\u00ednica, Endoscopia Terap\u00eautica es tu gu\u00eda para el progreso en endoscopia digestiva. Educa y enriquece tu pr\u00e1ctica con nosotros.","publisher":{"@id":"https:\/\/endoscopiaterapeutica.net\/es\/#organization"},"potentialAction":[{"@type":"SearchAction","target":{"@type":"EntryPoint","urlTemplate":"https:\/\/endoscopiaterapeutica.net\/es\/?s={search_term_string}"},"query-input":{"@type":"PropertyValueSpecification","valueRequired":true,"valueName":"search_term_string"}}],"inLanguage":"es"},{"@type":"Organization","@id":"https:\/\/endoscopiaterapeutica.net\/es\/#organization","name":"Endoscopia Terapeutica","url":"https:\/\/endoscopiaterapeutica.net\/es\/","logo":{"@type":"ImageObject","inLanguage":"es","@id":"https:\/\/endoscopiaterapeutica.net\/es\/#\/schema\/logo\/image\/","url":"https:\/\/endoscopiaterapeutica.net\/es\/wp-content\/uploads\/2023\/09\/endter.jpg","contentUrl":"https:\/\/endoscopiaterapeutica.net\/es\/wp-content\/uploads\/2023\/09\/endter.jpg","width":720,"height":721,"caption":"Endoscopia Terapeutica"},"image":{"@id":"https:\/\/endoscopiaterapeutica.net\/es\/#\/schema\/logo\/image\/"},"sameAs":["https:\/\/www.facebook.com\/endoscopiaterapeuticaes","https:\/\/www.instagram.com\/endoscopia_terapeutica\/","https:\/\/www.youtube.com\/@endoscopyonline"]}]}},"_links":{"self":[{"href":"https:\/\/endoscopiaterapeutica.net\/es\/wp-json\/wp\/v2\/pages\/10920","targetHints":{"allow":["GET"]}}],"collection":[{"href":"https:\/\/endoscopiaterapeutica.net\/es\/wp-json\/wp\/v2\/pages"}],"about":[{"href":"https:\/\/endoscopiaterapeutica.net\/es\/wp-json\/wp\/v2\/types\/page"}],"author":[{"embeddable":true,"href":"https:\/\/endoscopiaterapeutica.net\/es\/wp-json\/wp\/v2\/users\/1"}],"replies":[{"embeddable":true,"href":"https:\/\/endoscopiaterapeutica.net\/es\/wp-json\/wp\/v2\/comments?post=10920"}],"version-history":[{"count":11,"href":"https:\/\/endoscopiaterapeutica.net\/es\/wp-json\/wp\/v2\/pages\/10920\/revisions"}],"predecessor-version":[{"id":18548,"href":"https:\/\/endoscopiaterapeutica.net\/es\/wp-json\/wp\/v2\/pages\/10920\/revisions\/18548"}],"up":[{"embeddable":true,"href":"https:\/\/endoscopiaterapeutica.net\/es\/wp-json\/wp\/v2\/pages\/2067"}],"wp:attachment":[{"href":"https:\/\/endoscopiaterapeutica.net\/es\/wp-json\/wp\/v2\/media?parent=10920"}],"curies":[{"name":"wp","href":"https:\/\/api.w.org\/{rel}","templated":true}]}}